{"id":2264,"date":"2025-05-20T19:44:18","date_gmt":"2025-05-20T11:44:18","guid":{"rendered":"https:\/\/www.andelutech.com\/?post_type=product&#038;p=2264"},"modified":"2025-06-03T14:35:59","modified_gmt":"2025-06-03T06:35:59","slug":"xl-series-small-sized-electrical-connector","status":"publish","type":"product","link":"https:\/\/www.andelutech.com\/pt\/product\/xl-series-small-sized-electrical-connector\/","title":{"rendered":"XL Series Small Sizer Electrical Connector"},"content":{"rendered":"<p>Se estiverem interessados, pls contactem-nos:<strong><b>\u00a0<\/b><\/strong><a href=\"mailto:info@joinsunny.cn\"><span style=\"color: #0000ff;\"><strong><b>info@andelu.cn<\/b><\/strong><\/span><\/a><\/p>","protected":false},"excerpt":{"rendered":"<p>XL Series Small Sizer Electrical Connector<\/p>\n<p>Os produtos da s\u00e9rie est\u00e3o em conformidade com os requisitos de Q \/3E20055-2003, e os m\u00e9todos de teste parciais v\u00eam dos m\u00e9todos de teste ambiental GJB150.16-86 para equipamentos militares-teste de vibra\u00e7\u00e3o. O produto \u00e9 usado para conectar ou desconectar o circuito eletr\u00f4nico e el\u00e9trico de carruagem, arma, militar e outros dispositivos.<\/p>","protected":false},"featured_media":2466,"comment_status":"open","ping_status":"closed","template":"","meta":[],"product_brand":[],"product_cat":[36],"product_tag":[],"class_list":{"0":"post-2264","1":"product","2":"type-product","3":"status-publish","4":"has-post-thumbnail","6":"product_cat-electrical-connector","8":"first","9":"instock","10":"shipping-taxable","11":"product-type-simple"},"_links":{"self":[{"href":"https:\/\/www.andelutech.com\/pt\/wp-json\/wp\/v2\/product\/2264","targetHints":{"allow":["GET"]}}],"collection":[{"href":"https:\/\/www.andelutech.com\/pt\/wp-json\/wp\/v2\/product"}],"about":[{"href":"https:\/\/www.andelutech.com\/pt\/wp-json\/wp\/v2\/types\/product"}],"replies":[{"embeddable":true,"href":"https:\/\/www.andelutech.com\/pt\/wp-json\/wp\/v2\/comments?post=2264"}],"wp:featuredmedia":[{"embeddable":true,"href":"https:\/\/www.andelutech.com\/pt\/wp-json\/wp\/v2\/media\/2466"}],"wp:attachment":[{"href":"https:\/\/www.andelutech.com\/pt\/wp-json\/wp\/v2\/media?parent=2264"}],"wp:term":[{"taxonomy":"product_brand","embeddable":true,"href":"https:\/\/www.andelutech.com\/pt\/wp-json\/wp\/v2\/product_brand?post=2264"},{"taxonomy":"product_cat","embeddable":true,"href":"https:\/\/www.andelutech.com\/pt\/wp-json\/wp\/v2\/product_cat?post=2264"},{"taxonomy":"product_tag","embeddable":true,"href":"https:\/\/www.andelutech.com\/pt\/wp-json\/wp\/v2\/product_tag?post=2264"}],"curies":[{"name":"wp","href":"https:\/\/api.w.org\/{rel}","templated":true}]}}