{"id":2261,"date":"2025-05-20T19:42:10","date_gmt":"2025-05-20T11:42:10","guid":{"rendered":"https:\/\/www.andelutech.com\/?post_type=product&#038;p=2261"},"modified":"2025-05-29T15:02:36","modified_gmt":"2025-05-29T07:02:36","slug":"ysc-and-ch-electrical-connector","status":"publish","type":"product","link":"https:\/\/www.andelutech.com\/pt\/product\/ysc-and-ch-electrical-connector\/","title":{"rendered":"Conector el\u00e9trico YSC e CH"},"content":{"rendered":"<p>Se estiverem interessados, pls contactem-nos:<strong><b>\u00a0<\/b><\/strong><a href=\"mailto:info@joinsunny.cn\"><span style=\"color: #0000ff;\"><strong><b>info@andelu.cn<\/b><\/strong><\/span><\/a><\/p>","protected":false},"excerpt":{"rendered":"<p>Os produtos da s\u00e9rie est\u00e3o em conformidade com a especifica\u00e7\u00e3o geral MIL-C-5015H do conector el\u00e9trico circular e Q \/3E20050-2003 especifica\u00e7\u00e3o t\u00e9cnica e s\u00e3o amplamente utilizados para conex\u00e3o el\u00e9trica em aeroespacial, comunica\u00e7\u00e3o, TV, ve\u00edculo, navio e outros dispositivos eletr\u00f4nicos e el\u00e9tricos.<\/p>","protected":false},"featured_media":2477,"comment_status":"open","ping_status":"closed","template":"","meta":[],"product_brand":[],"product_cat":[36],"product_tag":[],"class_list":{"0":"post-2261","1":"product","2":"type-product","3":"status-publish","4":"has-post-thumbnail","6":"product_cat-electrical-connector","8":"first","9":"instock","10":"shipping-taxable","11":"product-type-simple"},"_links":{"self":[{"href":"https:\/\/www.andelutech.com\/pt\/wp-json\/wp\/v2\/product\/2261","targetHints":{"allow":["GET"]}}],"collection":[{"href":"https:\/\/www.andelutech.com\/pt\/wp-json\/wp\/v2\/product"}],"about":[{"href":"https:\/\/www.andelutech.com\/pt\/wp-json\/wp\/v2\/types\/product"}],"replies":[{"embeddable":true,"href":"https:\/\/www.andelutech.com\/pt\/wp-json\/wp\/v2\/comments?post=2261"}],"wp:featuredmedia":[{"embeddable":true,"href":"https:\/\/www.andelutech.com\/pt\/wp-json\/wp\/v2\/media\/2477"}],"wp:attachment":[{"href":"https:\/\/www.andelutech.com\/pt\/wp-json\/wp\/v2\/media?parent=2261"}],"wp:term":[{"taxonomy":"product_brand","embeddable":true,"href":"https:\/\/www.andelutech.com\/pt\/wp-json\/wp\/v2\/product_brand?post=2261"},{"taxonomy":"product_cat","embeddable":true,"href":"https:\/\/www.andelutech.com\/pt\/wp-json\/wp\/v2\/product_cat?post=2261"},{"taxonomy":"product_tag","embeddable":true,"href":"https:\/\/www.andelutech.com\/pt\/wp-json\/wp\/v2\/product_tag?post=2261"}],"curies":[{"name":"wp","href":"https:\/\/api.w.org\/{rel}","templated":true}]}}