{"id":2249,"date":"2025-05-20T19:33:18","date_gmt":"2025-05-20T11:33:18","guid":{"rendered":"https:\/\/www.andelutech.com\/?post_type=product&#038;p=2249"},"modified":"2025-05-29T15:15:10","modified_gmt":"2025-05-29T07:15:10","slug":"ct-m-series-glass-sealed-socket","status":"publish","type":"product","link":"https:\/\/www.andelutech.com\/pt\/product\/ct-m-series-glass-sealed-socket\/","title":{"rendered":"Soquete selado de vidro da s\u00e9rie CT-M"},"content":{"rendered":"<p>Se estiverem interessados, pls contactem-nos:<strong><b>\u00a0<\/b><\/strong><a href=\"mailto:info@joinsunny.cn\"><span style=\"color: #0000ff;\"><strong><b>info@andelu.cn<\/b><\/strong><\/span><\/a><\/p>","protected":false},"excerpt":{"rendered":"<p>O produto est\u00e1 em conformidade com os requisitos de Q \/3E 58-59 itens padr\u00e3o e parciais (como inser\u00e7\u00e3o e separa\u00e7\u00e3o de torque, l\u00edquido<\/p>\n<p>A imers\u00e3o e outros ADOTAM MIL-C-26482G E MIL-C-83723D<\/p>\n<p>Conectores el\u00e9tricos circulares resistentes ao ambiente - EUA Militares<\/p>\n<p>Especifica\u00e7\u00e3o O produto \u00e9 usado para a conex\u00e3o el\u00e9trica da Aircraft<\/p>\n<p>cabine e outras unidades el\u00e9tricas com requisitos de estampares.<\/p>","protected":false},"featured_media":2481,"comment_status":"open","ping_status":"closed","template":"","meta":[],"product_brand":[],"product_cat":[36],"product_tag":[],"class_list":{"0":"post-2249","1":"product","2":"type-product","3":"status-publish","4":"has-post-thumbnail","6":"product_cat-electrical-connector","8":"first","9":"instock","10":"shipping-taxable","11":"product-type-simple"},"_links":{"self":[{"href":"https:\/\/www.andelutech.com\/pt\/wp-json\/wp\/v2\/product\/2249","targetHints":{"allow":["GET"]}}],"collection":[{"href":"https:\/\/www.andelutech.com\/pt\/wp-json\/wp\/v2\/product"}],"about":[{"href":"https:\/\/www.andelutech.com\/pt\/wp-json\/wp\/v2\/types\/product"}],"replies":[{"embeddable":true,"href":"https:\/\/www.andelutech.com\/pt\/wp-json\/wp\/v2\/comments?post=2249"}],"wp:featuredmedia":[{"embeddable":true,"href":"https:\/\/www.andelutech.com\/pt\/wp-json\/wp\/v2\/media\/2481"}],"wp:attachment":[{"href":"https:\/\/www.andelutech.com\/pt\/wp-json\/wp\/v2\/media?parent=2249"}],"wp:term":[{"taxonomy":"product_brand","embeddable":true,"href":"https:\/\/www.andelutech.com\/pt\/wp-json\/wp\/v2\/product_brand?post=2249"},{"taxonomy":"product_cat","embeddable":true,"href":"https:\/\/www.andelutech.com\/pt\/wp-json\/wp\/v2\/product_cat?post=2249"},{"taxonomy":"product_tag","embeddable":true,"href":"https:\/\/www.andelutech.com\/pt\/wp-json\/wp\/v2\/product_tag?post=2249"}],"curies":[{"name":"wp","href":"https:\/\/api.w.org\/{rel}","templated":true}]}}