{"id":2235,"date":"2025-05-20T19:18:18","date_gmt":"2025-05-20T11:18:18","guid":{"rendered":"https:\/\/www.andelutech.com\/?post_type=product&#038;p=2235"},"modified":"2025-05-29T15:36:13","modified_gmt":"2025-05-29T07:36:13","slug":"x-series-electrical-connector","status":"publish","type":"product","link":"https:\/\/www.andelutech.com\/pt\/product\/x-series-electrical-connector\/","title":{"rendered":"X da s\u00e9rie Connector el\u00e9trico"},"content":{"rendered":"<p>Se estiverem interessados, pls contactem-nos:<strong><b>\u00a0<\/b><\/strong><a href=\"mailto:info@joinsunny.cn\"><span style=\"color: #0000ff;\"><strong><b>info@andelu.cn<\/b><\/strong><\/span><\/a><\/p>","protected":false},"excerpt":{"rendered":"<p>O produto est\u00e1 em conformidade com os requisitos de Q \/3E 20006-2003 padr\u00e3o e corresponde aos conectores el\u00e9tricos com o c\u00f3digo de nome russo das 14h, 2 pm\u03b3 e assim por diante, e atende \u00e0 especifica\u00e7\u00e3o t\u00e9cnica de \u0433.\u00a0 \u00c9 amplamente aplicado na avia\u00e7\u00e3o, arma e outros campos militares e civis, e costumava conectar e desconectar de forma confi\u00e1vel equipamento el\u00e9trico e circuito de r\u00e1dio<\/p>","protected":false},"featured_media":2486,"comment_status":"open","ping_status":"closed","template":"","meta":[],"product_brand":[],"product_cat":[36],"product_tag":[],"class_list":{"0":"post-2235","1":"product","2":"type-product","3":"status-publish","4":"has-post-thumbnail","6":"product_cat-electrical-connector","8":"first","9":"instock","10":"shipping-taxable","11":"product-type-simple"},"_links":{"self":[{"href":"https:\/\/www.andelutech.com\/pt\/wp-json\/wp\/v2\/product\/2235","targetHints":{"allow":["GET"]}}],"collection":[{"href":"https:\/\/www.andelutech.com\/pt\/wp-json\/wp\/v2\/product"}],"about":[{"href":"https:\/\/www.andelutech.com\/pt\/wp-json\/wp\/v2\/types\/product"}],"replies":[{"embeddable":true,"href":"https:\/\/www.andelutech.com\/pt\/wp-json\/wp\/v2\/comments?post=2235"}],"wp:featuredmedia":[{"embeddable":true,"href":"https:\/\/www.andelutech.com\/pt\/wp-json\/wp\/v2\/media\/2486"}],"wp:attachment":[{"href":"https:\/\/www.andelutech.com\/pt\/wp-json\/wp\/v2\/media?parent=2235"}],"wp:term":[{"taxonomy":"product_brand","embeddable":true,"href":"https:\/\/www.andelutech.com\/pt\/wp-json\/wp\/v2\/product_brand?post=2235"},{"taxonomy":"product_cat","embeddable":true,"href":"https:\/\/www.andelutech.com\/pt\/wp-json\/wp\/v2\/product_cat?post=2235"},{"taxonomy":"product_tag","embeddable":true,"href":"https:\/\/www.andelutech.com\/pt\/wp-json\/wp\/v2\/product_tag?post=2235"}],"curies":[{"name":"wp","href":"https:\/\/api.w.org\/{rel}","templated":true}]}}