{"id":2226,"date":"2025-05-20T19:12:01","date_gmt":"2025-05-20T11:12:01","guid":{"rendered":"https:\/\/www.andelutech.com\/?post_type=product&#038;p=2226"},"modified":"2025-08-29T14:33:36","modified_gmt":"2025-08-29T06:33:36","slug":"pph25m-series-temperature-compensation-electrical-connector","status":"publish","type":"product","link":"https:\/\/www.andelutech.com\/pt\/product\/pph25m-series-temperature-compensation-electrical-connector\/","title":{"rendered":"Connector el\u00e9trico de compensa\u00e7\u00e3o de temperatura da s\u00e9rie PPH25M"},"content":{"rendered":"<p>Se estiverem interessados, pls contactem-nos:<strong><b>\u00a0<\/b><\/strong><a href=\"mailto:info@joinsunny.cn\"><span style=\"color: #0000ff;\"><strong><b>info@andelu.cn<\/b><\/strong><\/span><\/a><\/p>","protected":false},"excerpt":{"rendered":"<p>O soquete (conectando ao dispositivo) est\u00e1 equipado com acess\u00f3rio de cauda n\u00e3o protegido ou sem prote\u00e7\u00e3o ou sem acess\u00f3rio de cauda<\/p>\n<p>Modelo dom\u00e9stico: PPH25M<\/p>","protected":false},"featured_media":2490,"comment_status":"closed","ping_status":"closed","template":"","meta":[],"product_brand":[],"product_cat":[36],"product_tag":[],"class_list":{"0":"post-2226","1":"product","2":"type-product","3":"status-publish","4":"has-post-thumbnail","6":"product_cat-electrical-connector","8":"first","9":"instock","10":"shipping-taxable","11":"product-type-simple"},"_links":{"self":[{"href":"https:\/\/www.andelutech.com\/pt\/wp-json\/wp\/v2\/product\/2226","targetHints":{"allow":["GET"]}}],"collection":[{"href":"https:\/\/www.andelutech.com\/pt\/wp-json\/wp\/v2\/product"}],"about":[{"href":"https:\/\/www.andelutech.com\/pt\/wp-json\/wp\/v2\/types\/product"}],"replies":[{"embeddable":true,"href":"https:\/\/www.andelutech.com\/pt\/wp-json\/wp\/v2\/comments?post=2226"}],"wp:featuredmedia":[{"embeddable":true,"href":"https:\/\/www.andelutech.com\/pt\/wp-json\/wp\/v2\/media\/2490"}],"wp:attachment":[{"href":"https:\/\/www.andelutech.com\/pt\/wp-json\/wp\/v2\/media?parent=2226"}],"wp:term":[{"taxonomy":"product_brand","embeddable":true,"href":"https:\/\/www.andelutech.com\/pt\/wp-json\/wp\/v2\/product_brand?post=2226"},{"taxonomy":"product_cat","embeddable":true,"href":"https:\/\/www.andelutech.com\/pt\/wp-json\/wp\/v2\/product_cat?post=2226"},{"taxonomy":"product_tag","embeddable":true,"href":"https:\/\/www.andelutech.com\/pt\/wp-json\/wp\/v2\/product_tag?post=2226"}],"curies":[{"name":"wp","href":"https:\/\/api.w.org\/{rel}","templated":true}]}}