{"id":2214,"date":"2025-05-20T19:01:41","date_gmt":"2025-05-20T11:01:41","guid":{"rendered":"https:\/\/www.andelutech.com\/?post_type=product&#038;p=2214"},"modified":"2025-08-29T14:18:58","modified_gmt":"2025-08-29T06:18:58","slug":"pc-series-subminiature-electrical-connector","status":"publish","type":"product","link":"https:\/\/www.andelutech.com\/pt\/product\/pc-series-subminiature-electrical-connector\/","title":{"rendered":"Connector el\u00e9trico da subinatura de s\u00e9rie de PCs"},"content":{"rendered":"<p>Se interessados, pls nos contactem:<strong><b>\u00a0<\/b><\/strong><a href=\"mailto:info@joinsunny.cn\"><span style=\"color: #0000ff;\"><strong><b>info@andelu.cn<\/b><\/strong><\/span><\/a><\/p>","protected":false},"excerpt":{"rendered":"<p>O conector el\u00e9trico circular da subiniatura da s\u00e9rie de PCs \u00e9 usado para conex\u00e3o el\u00e9trica em dispositivos de r\u00e1dio e eletricidade. A porca de conex\u00e3o de rosca \u00e9 usada para conectar o plugue do cabo ao soquete fixado no dispositivo. Ambos os dispositivos podem ser inseridos diretamente com o plugue e o soquete montados em dispositivos para realizar a conex\u00e3o (adjacente junta).<br \/>\nAs tampas de conectores el\u00e9tricos circulares da subiniatura do tipo selado e n\u00e3o selado, e o plugue e o soquete est\u00e3o equipados com acess\u00f3rios de cauda, \u200b\u200brespectivamente. O soquete \u00e9 para contato do PIN e o plugue \u00e9 para contato com soquete.<br \/>\nModelo dom\u00e9stico: PC<\/p>","protected":false},"featured_media":2494,"comment_status":"closed","ping_status":"closed","template":"","meta":[],"product_brand":[],"product_cat":[36],"product_tag":[],"class_list":{"0":"post-2214","1":"product","2":"type-product","3":"status-publish","4":"has-post-thumbnail","6":"product_cat-electrical-connector","8":"first","9":"instock","10":"shipping-taxable","11":"product-type-simple"},"_links":{"self":[{"href":"https:\/\/www.andelutech.com\/pt\/wp-json\/wp\/v2\/product\/2214","targetHints":{"allow":["GET"]}}],"collection":[{"href":"https:\/\/www.andelutech.com\/pt\/wp-json\/wp\/v2\/product"}],"about":[{"href":"https:\/\/www.andelutech.com\/pt\/wp-json\/wp\/v2\/types\/product"}],"replies":[{"embeddable":true,"href":"https:\/\/www.andelutech.com\/pt\/wp-json\/wp\/v2\/comments?post=2214"}],"wp:featuredmedia":[{"embeddable":true,"href":"https:\/\/www.andelutech.com\/pt\/wp-json\/wp\/v2\/media\/2494"}],"wp:attachment":[{"href":"https:\/\/www.andelutech.com\/pt\/wp-json\/wp\/v2\/media?parent=2214"}],"wp:term":[{"taxonomy":"product_brand","embeddable":true,"href":"https:\/\/www.andelutech.com\/pt\/wp-json\/wp\/v2\/product_brand?post=2214"},{"taxonomy":"product_cat","embeddable":true,"href":"https:\/\/www.andelutech.com\/pt\/wp-json\/wp\/v2\/product_cat?post=2214"},{"taxonomy":"product_tag","embeddable":true,"href":"https:\/\/www.andelutech.com\/pt\/wp-json\/wp\/v2\/product_tag?post=2214"}],"curies":[{"name":"wp","href":"https:\/\/api.w.org\/{rel}","templated":true}]}}