{"id":2183,"date":"2025-05-20T17:51:43","date_gmt":"2025-05-20T09:51:43","guid":{"rendered":"https:\/\/www.andelutech.com\/?post_type=product&#038;p=2183"},"modified":"2025-08-29T14:04:04","modified_gmt":"2025-08-29T06:04:04","slug":"zh23-series-environment-resistant-bayonet-electrical-connector","status":"publish","type":"product","link":"https:\/\/www.andelutech.com\/pt\/product\/zh23-series-environment-resistant-bayonet-electrical-connector\/","title":{"rendered":"ZH23 S\u00e9rie Ambiente Resistente Bayonet Conector el\u00e9trico"},"content":{"rendered":"<p>Se estiverem interessados, pls contactem-nos:<strong><b>\u00a0<\/b><\/strong><a href=\"mailto:info@joinsunny.cn\"><span style=\"color: #0000ff;\"><strong><b>info@andelu.cn<\/b><\/strong><\/span><\/a><\/p>","protected":false},"excerpt":{"rendered":"<p>O conector el\u00e9trico da s\u00e9rie CH\u044623 \u00e9 apresentado pela resist\u00eancia do ambiente, anti-unidade de posicionamento de cinco teclas, conex\u00e3o r\u00e1pida de baioneta e outros. O contato \u00e9 crimpando o libera\u00e7\u00e3o traseira e o \u00faltimo tipo de quebra e usado para circuitos de baixa frequ\u00eancia AC \/DC.<\/p>\n<p>Modelo dom\u00e9stico: ZH23<\/p>","protected":false},"featured_media":2503,"comment_status":"closed","ping_status":"closed","template":"","meta":[],"product_brand":[],"product_cat":[36],"product_tag":[],"class_list":{"0":"post-2183","1":"product","2":"type-product","3":"status-publish","4":"has-post-thumbnail","6":"product_cat-electrical-connector","8":"first","9":"instock","10":"shipping-taxable","11":"product-type-simple"},"_links":{"self":[{"href":"https:\/\/www.andelutech.com\/pt\/wp-json\/wp\/v2\/product\/2183","targetHints":{"allow":["GET"]}}],"collection":[{"href":"https:\/\/www.andelutech.com\/pt\/wp-json\/wp\/v2\/product"}],"about":[{"href":"https:\/\/www.andelutech.com\/pt\/wp-json\/wp\/v2\/types\/product"}],"replies":[{"embeddable":true,"href":"https:\/\/www.andelutech.com\/pt\/wp-json\/wp\/v2\/comments?post=2183"}],"wp:featuredmedia":[{"embeddable":true,"href":"https:\/\/www.andelutech.com\/pt\/wp-json\/wp\/v2\/media\/2503"}],"wp:attachment":[{"href":"https:\/\/www.andelutech.com\/pt\/wp-json\/wp\/v2\/media?parent=2183"}],"wp:term":[{"taxonomy":"product_brand","embeddable":true,"href":"https:\/\/www.andelutech.com\/pt\/wp-json\/wp\/v2\/product_brand?post=2183"},{"taxonomy":"product_cat","embeddable":true,"href":"https:\/\/www.andelutech.com\/pt\/wp-json\/wp\/v2\/product_cat?post=2183"},{"taxonomy":"product_tag","embeddable":true,"href":"https:\/\/www.andelutech.com\/pt\/wp-json\/wp\/v2\/product_tag?post=2183"}],"curies":[{"name":"wp","href":"https:\/\/api.w.org\/{rel}","templated":true}]}}