{"id":2160,"date":"2025-05-20T14:45:31","date_gmt":"2025-05-20T06:45:31","guid":{"rendered":"https:\/\/www.andelutech.com\/?post_type=product&#038;p=2160"},"modified":"2025-08-04T09:41:18","modified_gmt":"2025-08-04T01:41:18","slug":"k-series-hermetic-electrical-connector","status":"publish","type":"product","link":"https:\/\/www.andelutech.com\/pt\/product\/k-series-hermetic-electrical-connector\/","title":{"rendered":"K Series Hermetic Electrical Connector"},"content":{"rendered":"<p>Se interessados, pls nos contactem:<strong><b>\u00a0<\/b><\/strong><a href=\"mailto:info@joinsunny.cn\"><span style=\"color: #0000ff;\"><strong><b>info@andelu.cn<\/b><\/strong><\/span><\/a><\/p>","protected":false},"excerpt":{"rendered":"<p>Introdu\u00e7\u00e3o ao produto<\/p>\n<p>Os produtos da s\u00e9rie est\u00e3o em conformidade com os requisitos do GJB598A-1996 (padr\u00e3o dos EUA MIL-C-26482G e padr\u00e3o do setor HB6-77-83), e podem ser correspondidos e usados \u200b\u200bem conjunto com o plugue com o mesmo tamanho de concha e inser\u00e7\u00e3o do n\u00famero de s\u00e9ries ZH8525. O contato K \u00e9 embrulhado enquanto o contato K-F \u00e9 soldado, adequado para conex\u00e3o e desconex\u00e3o r\u00e1pidas e confi\u00e1veis \u200b\u200bde equipamentos el\u00e9tricos de aeronaves e circuitos de dispositivos de r\u00e1dio.<\/p>\n<p>&nbsp;<\/p>","protected":false},"featured_media":2498,"comment_status":"closed","ping_status":"closed","template":"","meta":[],"product_brand":[],"product_cat":[36],"product_tag":[],"class_list":{"0":"post-2160","1":"product","2":"type-product","3":"status-publish","4":"has-post-thumbnail","6":"product_cat-electrical-connector","8":"first","9":"instock","10":"shipping-taxable","11":"product-type-simple"},"_links":{"self":[{"href":"https:\/\/www.andelutech.com\/pt\/wp-json\/wp\/v2\/product\/2160","targetHints":{"allow":["GET"]}}],"collection":[{"href":"https:\/\/www.andelutech.com\/pt\/wp-json\/wp\/v2\/product"}],"about":[{"href":"https:\/\/www.andelutech.com\/pt\/wp-json\/wp\/v2\/types\/product"}],"replies":[{"embeddable":true,"href":"https:\/\/www.andelutech.com\/pt\/wp-json\/wp\/v2\/comments?post=2160"}],"wp:featuredmedia":[{"embeddable":true,"href":"https:\/\/www.andelutech.com\/pt\/wp-json\/wp\/v2\/media\/2498"}],"wp:attachment":[{"href":"https:\/\/www.andelutech.com\/pt\/wp-json\/wp\/v2\/media?parent=2160"}],"wp:term":[{"taxonomy":"product_brand","embeddable":true,"href":"https:\/\/www.andelutech.com\/pt\/wp-json\/wp\/v2\/product_brand?post=2160"},{"taxonomy":"product_cat","embeddable":true,"href":"https:\/\/www.andelutech.com\/pt\/wp-json\/wp\/v2\/product_cat?post=2160"},{"taxonomy":"product_tag","embeddable":true,"href":"https:\/\/www.andelutech.com\/pt\/wp-json\/wp\/v2\/product_tag?post=2160"}],"curies":[{"name":"wp","href":"https:\/\/api.w.org\/{rel}","templated":true}]}}