{"id":2151,"date":"2025-05-19T11:07:14","date_gmt":"2025-05-19T03:07:14","guid":{"rendered":"https:\/\/www.andelutech.com\/?post_type=product&#038;p=2151"},"modified":"2026-01-16T10:06:17","modified_gmt":"2026-01-16T02:06:17","slug":"and-3qa-02e-high-performance-triaxial-quartz-accelerometer","status":"publish","type":"product","link":"https:\/\/www.andelutech.com\/pt\/product\/and-3qa-02e-high-performance-triaxial-quartz-accelerometer\/","title":{"rendered":"E -3QA -02E Acceler\u00f4metro de quartzo triaxial de alto desempenho"},"content":{"rendered":"<p>Se estiver interessado no aceler\u00f4metro de quartzo de alto desempenho, por favor entre em contato conosco:<strong><b> info@andelutech.com<\/b><\/strong><\/p>","protected":false},"excerpt":{"rendered":"<p><strong><b>Introdu\u00e7\u00e3o<\/b><\/strong><\/p>\n<p>E -3QA -02E Quartzo triaxial de alto desempenho\u00a0<a href=\"https:\/\/www.ericcointernational.com\/accelerometer\/\">Aceler\u00f4metro<\/a>\u00a0Com alto desempenho, \u00e9 composto por tr\u00eas SENSORES de acelera\u00e7\u00e3o A15, alta precis\u00e3o de 24 bits A \/D conversor, microcomputador de chip \u00fanico e com baixo consumo de pot\u00eancia de 16 bits e estrutura mec\u00e2nica. E -3QA -02E possui os recursos da sa\u00edda digital, erro de instala\u00e7\u00e3o de alta precis\u00e3o, compensa\u00e7\u00e3o de temperatura e baixo consumo de energia.<\/p>","protected":false},"featured_media":3560,"comment_status":"open","ping_status":"closed","template":"","meta":[],"product_brand":[],"product_cat":[25],"product_tag":[],"class_list":{"0":"post-2151","1":"product","2":"type-product","3":"status-publish","4":"has-post-thumbnail","6":"product_cat-accelerometer","8":"first","9":"instock","10":"shipping-taxable","11":"product-type-simple"},"_links":{"self":[{"href":"https:\/\/www.andelutech.com\/pt\/wp-json\/wp\/v2\/product\/2151","targetHints":{"allow":["GET"]}}],"collection":[{"href":"https:\/\/www.andelutech.com\/pt\/wp-json\/wp\/v2\/product"}],"about":[{"href":"https:\/\/www.andelutech.com\/pt\/wp-json\/wp\/v2\/types\/product"}],"replies":[{"embeddable":true,"href":"https:\/\/www.andelutech.com\/pt\/wp-json\/wp\/v2\/comments?post=2151"}],"wp:featuredmedia":[{"embeddable":true,"href":"https:\/\/www.andelutech.com\/pt\/wp-json\/wp\/v2\/media\/3560"}],"wp:attachment":[{"href":"https:\/\/www.andelutech.com\/pt\/wp-json\/wp\/v2\/media?parent=2151"}],"wp:term":[{"taxonomy":"product_brand","embeddable":true,"href":"https:\/\/www.andelutech.com\/pt\/wp-json\/wp\/v2\/product_brand?post=2151"},{"taxonomy":"product_cat","embeddable":true,"href":"https:\/\/www.andelutech.com\/pt\/wp-json\/wp\/v2\/product_cat?post=2151"},{"taxonomy":"product_tag","embeddable":true,"href":"https:\/\/www.andelutech.com\/pt\/wp-json\/wp\/v2\/product_tag?post=2151"}],"curies":[{"name":"wp","href":"https:\/\/api.w.org\/{rel}","templated":true}]}}