{"id":2146,"date":"2025-05-19T10:56:08","date_gmt":"2025-05-19T02:56:08","guid":{"rendered":"https:\/\/www.andelutech.com\/?post_type=product&#038;p=2146"},"modified":"2026-01-16T10:03:56","modified_gmt":"2026-01-16T02:03:56","slug":"and-qa-02b-anti-vibration-and-high-temp-accelerometer-for-oil-gas-fields","status":"publish","type":"product","link":"https:\/\/www.andelutech.com\/pt\/product\/and-qa-02b-anti-vibration-and-high-temp-accelerometer-for-oil-gas-fields\/","title":{"rendered":"E -qa-02b antivibra\u00e7\u00e3o e aceler\u00f4metro de alta temperatura para campos de petr\u00f3leo e g\u00e1s"},"content":{"rendered":"<p>Se estiver interessado no aceler\u00f4metro de quartzo de alto desempenho, por favor entre em contato conosco:<strong><b> info@andelutech.com<\/b><\/strong><\/p>","protected":false},"excerpt":{"rendered":"<p>Aplica\u00e7\u00f5es<br \/>\nE -QA-02B antivibra\u00e7\u00e3o e aceler\u00f4metro de alta temperatura para o campo de petr\u00f3leo e g\u00e1s s\u00e3o aplicados especialmente para sistemas cont\u00ednuos de busca de norte, tamb\u00e9m podem ser amplamente utilizados em outras condi\u00e7\u00f5es de trabalho severas.<br \/>\nCaracter\u00edsticas<br \/>\nAnti-vibra\u00e7\u00e3o<br \/>\nAlta precis\u00e3o<\/p>","protected":false},"featured_media":3563,"comment_status":"open","ping_status":"closed","template":"","meta":[],"product_brand":[],"product_cat":[25],"product_tag":[],"class_list":{"0":"post-2146","1":"product","2":"type-product","3":"status-publish","4":"has-post-thumbnail","6":"product_cat-accelerometer","8":"first","9":"instock","10":"shipping-taxable","11":"product-type-simple"},"_links":{"self":[{"href":"https:\/\/www.andelutech.com\/pt\/wp-json\/wp\/v2\/product\/2146","targetHints":{"allow":["GET"]}}],"collection":[{"href":"https:\/\/www.andelutech.com\/pt\/wp-json\/wp\/v2\/product"}],"about":[{"href":"https:\/\/www.andelutech.com\/pt\/wp-json\/wp\/v2\/types\/product"}],"replies":[{"embeddable":true,"href":"https:\/\/www.andelutech.com\/pt\/wp-json\/wp\/v2\/comments?post=2146"}],"wp:featuredmedia":[{"embeddable":true,"href":"https:\/\/www.andelutech.com\/pt\/wp-json\/wp\/v2\/media\/3563"}],"wp:attachment":[{"href":"https:\/\/www.andelutech.com\/pt\/wp-json\/wp\/v2\/media?parent=2146"}],"wp:term":[{"taxonomy":"product_brand","embeddable":true,"href":"https:\/\/www.andelutech.com\/pt\/wp-json\/wp\/v2\/product_brand?post=2146"},{"taxonomy":"product_cat","embeddable":true,"href":"https:\/\/www.andelutech.com\/pt\/wp-json\/wp\/v2\/product_cat?post=2146"},{"taxonomy":"product_tag","embeddable":true,"href":"https:\/\/www.andelutech.com\/pt\/wp-json\/wp\/v2\/product_tag?post=2146"}],"curies":[{"name":"wp","href":"https:\/\/api.w.org\/{rel}","templated":true}]}}