{"id":2145,"date":"2025-05-19T10:50:06","date_gmt":"2025-05-19T02:50:06","guid":{"rendered":"https:\/\/www.andelutech.com\/?post_type=product&#038;p=2145"},"modified":"2026-01-16T10:03:21","modified_gmt":"2026-01-16T02:03:21","slug":"and-qa-02a-high-precision-and-anti-vibration-quartz-accelerometer","status":"publish","type":"product","link":"https:\/\/www.andelutech.com\/pt\/product\/and-qa-02a-high-precision-and-anti-vibration-quartz-accelerometer\/","title":{"rendered":"E -QA-02A Aceler\u00f4metro de quartzo de alta precis\u00e3o e antivibra\u00e7\u00e3o\u00a0"},"content":{"rendered":"<p>Se estiver interessado no aceler\u00f4metro de quartzo de alto desempenho, por favor entre em contato conosco:<strong><b> info@andelutech.com<\/b><\/strong><\/p>","protected":false},"excerpt":{"rendered":"<p>Aplicativo<br \/>\nE-QA-02A Aceler\u00f4metro de quartzo de alta precis\u00e3o e antivibra\u00e7\u00e3o para aeroespacial \u00e9 adequado para o ambiente, que possui alta exig\u00eancia de circunst\u00e2ncias e precis\u00e3o.<\/p>","protected":false},"featured_media":3563,"comment_status":"open","ping_status":"closed","template":"","meta":[],"product_brand":[],"product_cat":[25],"product_tag":[],"class_list":{"0":"post-2145","1":"product","2":"type-product","3":"status-publish","4":"has-post-thumbnail","6":"product_cat-accelerometer","8":"first","9":"instock","10":"shipping-taxable","11":"product-type-simple"},"_links":{"self":[{"href":"https:\/\/www.andelutech.com\/pt\/wp-json\/wp\/v2\/product\/2145","targetHints":{"allow":["GET"]}}],"collection":[{"href":"https:\/\/www.andelutech.com\/pt\/wp-json\/wp\/v2\/product"}],"about":[{"href":"https:\/\/www.andelutech.com\/pt\/wp-json\/wp\/v2\/types\/product"}],"replies":[{"embeddable":true,"href":"https:\/\/www.andelutech.com\/pt\/wp-json\/wp\/v2\/comments?post=2145"}],"wp:featuredmedia":[{"embeddable":true,"href":"https:\/\/www.andelutech.com\/pt\/wp-json\/wp\/v2\/media\/3563"}],"wp:attachment":[{"href":"https:\/\/www.andelutech.com\/pt\/wp-json\/wp\/v2\/media?parent=2145"}],"wp:term":[{"taxonomy":"product_brand","embeddable":true,"href":"https:\/\/www.andelutech.com\/pt\/wp-json\/wp\/v2\/product_brand?post=2145"},{"taxonomy":"product_cat","embeddable":true,"href":"https:\/\/www.andelutech.com\/pt\/wp-json\/wp\/v2\/product_cat?post=2145"},{"taxonomy":"product_tag","embeddable":true,"href":"https:\/\/www.andelutech.com\/pt\/wp-json\/wp\/v2\/product_tag?post=2145"}],"curies":[{"name":"wp","href":"https:\/\/api.w.org\/{rel}","templated":true}]}}