{"id":2144,"date":"2025-05-19T10:47:56","date_gmt":"2025-05-19T02:47:56","guid":{"rendered":"https:\/\/www.andelutech.com\/?post_type=product&#038;p=2144"},"modified":"2026-01-16T10:02:56","modified_gmt":"2026-01-16T02:02:56","slug":"and-qa-01c-low-cost-quartz-accelerometer","status":"publish","type":"product","link":"https:\/\/www.andelutech.com\/pt\/product\/and-qa-01c-low-cost-quartz-accelerometer\/","title":{"rendered":"E -QA -01C Acceler\u00f4metro de quartzo de baixo custo\u00a0"},"content":{"rendered":"<p>Se estiver interessado no aceler\u00f4metro de quartzo de alto desempenho, por favor entre em contato conosco:<strong><b> info@andelutech.com<\/b><\/strong><\/p>","protected":false},"excerpt":{"rendered":"<p>O aceler\u00f4metro de quartzo de baixo custo pode ser amplamente utilizado no sistema de navega\u00e7\u00e3o inercial, que possui ampla aplica\u00e7\u00e3o em ve\u00edculos aeroespaciais, sistema de navega\u00e7\u00e3o inercial e sistema de controle de navios.<\/p>\n<p><strong><b>Aplica\u00e7\u00f5es<\/b><\/strong><\/p>\n<p>Sistema de navega\u00e7\u00e3o de tanque<\/p>\n<p>Ve\u00edculo militar<\/p>","protected":false},"featured_media":3562,"comment_status":"open","ping_status":"closed","template":"","meta":[],"product_brand":[],"product_cat":[25],"product_tag":[],"class_list":{"0":"post-2144","1":"product","2":"type-product","3":"status-publish","4":"has-post-thumbnail","6":"product_cat-accelerometer","8":"first","9":"instock","10":"shipping-taxable","11":"product-type-simple"},"_links":{"self":[{"href":"https:\/\/www.andelutech.com\/pt\/wp-json\/wp\/v2\/product\/2144","targetHints":{"allow":["GET"]}}],"collection":[{"href":"https:\/\/www.andelutech.com\/pt\/wp-json\/wp\/v2\/product"}],"about":[{"href":"https:\/\/www.andelutech.com\/pt\/wp-json\/wp\/v2\/types\/product"}],"replies":[{"embeddable":true,"href":"https:\/\/www.andelutech.com\/pt\/wp-json\/wp\/v2\/comments?post=2144"}],"wp:featuredmedia":[{"embeddable":true,"href":"https:\/\/www.andelutech.com\/pt\/wp-json\/wp\/v2\/media\/3562"}],"wp:attachment":[{"href":"https:\/\/www.andelutech.com\/pt\/wp-json\/wp\/v2\/media?parent=2144"}],"wp:term":[{"taxonomy":"product_brand","embeddable":true,"href":"https:\/\/www.andelutech.com\/pt\/wp-json\/wp\/v2\/product_brand?post=2144"},{"taxonomy":"product_cat","embeddable":true,"href":"https:\/\/www.andelutech.com\/pt\/wp-json\/wp\/v2\/product_cat?post=2144"},{"taxonomy":"product_tag","embeddable":true,"href":"https:\/\/www.andelutech.com\/pt\/wp-json\/wp\/v2\/product_tag?post=2144"}],"curies":[{"name":"wp","href":"https:\/\/api.w.org\/{rel}","templated":true}]}}