{"id":2128,"date":"2025-05-19T10:14:31","date_gmt":"2025-05-19T02:14:31","guid":{"rendered":"https:\/\/www.andelutech.com\/?post_type=product&#038;p=2128"},"modified":"2025-12-24T15:52:05","modified_gmt":"2025-12-24T07:52:05","slug":"and-qa-03d-anti-shock-and-high-temp-quartz-accelerometer-for-oil-and-gas","status":"publish","type":"product","link":"https:\/\/www.andelutech.com\/pt\/product\/and-qa-03d-anti-shock-and-high-temp-quartz-accelerometer-for-oil-and-gas\/","title":{"rendered":"E -qa-03d anti-choque e aceler\u00f4metro de quartzo de alta temperatura para petr\u00f3leo e g\u00e1s\u00a0"},"content":{"rendered":"<p><strong><b>Aplica\u00e7\u00f5es\u00a0<\/b><\/strong><\/p>\n<p>Ferramentas MWD<\/p>\n<p>Ferramentas LWD<\/p>\n<p>Navega\u00e7\u00e3o inercial<\/p>\n<p>Loging de po\u00e7o de petr\u00f3leo<\/p>\n<p>Inclin\u00f4metro Gyro<\/p>\n<p>Orienta\u00e7\u00e3o e controle<\/p>","protected":false},"excerpt":{"rendered":"<p><strong><b>Introdu\u00e7\u00e3o<\/b><\/strong><\/p>\n<p>E -QA-03D alta temperatura\u00a0<a href=\"https:\/\/www.ericcointernational.com\/accelerometer\/quartz-accelerometer\/\">Aceler\u00f4metro de quartzo<\/a>\u00a0para petr\u00f3leo e g\u00e1s com alta temperatura, forte desempenho anti-choque e alta confiabilidade, ele n\u00e3o pode ser usado apenas nos testes inerciais de avia\u00e7\u00e3o e aeroespacial, mas tamb\u00e9m nas medi\u00e7\u00f5es de acelera\u00e7\u00e3o est\u00e1tica e din\u00e2mica. Al\u00e9m disso, o aceler\u00f4metro usa um sensor de temperatura, que o operador pode usar para compensar os par\u00e2metros de vi\u00e9s e escala para reduzir a influ\u00eancia de fatores de temperatura.<\/p>\n<p>Applications \uff1aThe products are widely used for aerospace inertial navigation, guidance and control, industrial measurement and for measurement-while-drilling (MWD) in oil and gas fields.<\/p>\n<p>&nbsp;<\/p>","protected":false},"featured_media":2130,"comment_status":"open","ping_status":"closed","template":"","meta":[],"product_brand":[],"product_cat":[25],"product_tag":[],"class_list":{"0":"post-2128","1":"product","2":"type-product","3":"status-publish","4":"has-post-thumbnail","6":"product_cat-accelerometer","8":"first","9":"instock","10":"shipping-taxable","11":"product-type-simple"},"_links":{"self":[{"href":"https:\/\/www.andelutech.com\/pt\/wp-json\/wp\/v2\/product\/2128","targetHints":{"allow":["GET"]}}],"collection":[{"href":"https:\/\/www.andelutech.com\/pt\/wp-json\/wp\/v2\/product"}],"about":[{"href":"https:\/\/www.andelutech.com\/pt\/wp-json\/wp\/v2\/types\/product"}],"replies":[{"embeddable":true,"href":"https:\/\/www.andelutech.com\/pt\/wp-json\/wp\/v2\/comments?post=2128"}],"wp:featuredmedia":[{"embeddable":true,"href":"https:\/\/www.andelutech.com\/pt\/wp-json\/wp\/v2\/media\/2130"}],"wp:attachment":[{"href":"https:\/\/www.andelutech.com\/pt\/wp-json\/wp\/v2\/media?parent=2128"}],"wp:term":[{"taxonomy":"product_brand","embeddable":true,"href":"https:\/\/www.andelutech.com\/pt\/wp-json\/wp\/v2\/product_brand?post=2128"},{"taxonomy":"product_cat","embeddable":true,"href":"https:\/\/www.andelutech.com\/pt\/wp-json\/wp\/v2\/product_cat?post=2128"},{"taxonomy":"product_tag","embeddable":true,"href":"https:\/\/www.andelutech.com\/pt\/wp-json\/wp\/v2\/product_tag?post=2128"}],"curies":[{"name":"wp","href":"https:\/\/api.w.org\/{rel}","templated":true}]}}