{"id":2123,"date":"2025-05-19T10:03:54","date_gmt":"2025-05-19T02:03:54","guid":{"rendered":"https:\/\/www.andelutech.com\/?post_type=product&#038;p=2123"},"modified":"2025-12-24T15:56:12","modified_gmt":"2025-12-24T07:56:12","slug":"and-qa-03b-wide-range-quartz-accelerometer","status":"publish","type":"product","link":"https:\/\/www.andelutech.com\/pt\/product\/and-qa-03b-wide-range-quartz-accelerometer\/","title":{"rendered":"E -qa-03b aceler\u00f4metro de quartzo de largura\u00a0"},"content":{"rendered":"<p>&nbsp;<\/p>","protected":false},"excerpt":{"rendered":"<p><strong><b>Introdu\u00e7\u00e3o<\/b><\/strong><\/p>\n<p>E -qa-03b de ampla gama\u00a0<a href=\"https:\/\/www.ericcointernational.com\/accelerometer\/quartz-accelerometer\/\">Aceler\u00f4metro de quartzo<\/a>\u00a0para aeroespacial com amplo alcance, alta precis\u00e3o, alta confiabilidade, n\u00e3o apenas pode ser usada no teste inercial da avia\u00e7\u00e3o e aeroespacial, mas tamb\u00e9m na medi\u00e7\u00e3o de acelera\u00e7\u00e3o est\u00e1tica e din\u00e2mica. Al\u00e9m disso, o aceler\u00f4metro usa um sensor de temperatura, que o operador pode usar para compensar os par\u00e2metros de vi\u00e9s e escala para reduzir a influ\u00eancia de fatores de temperatura.<\/p>\n<p><strong><b>Aplica\u00e7\u00f5es<\/b><\/strong><\/p>\n<p>Controle de v\u00f4o<\/p>\n<p>Estabiliza\u00e7\u00e3o<\/p>\n<p>Sistemas de navega\u00e7\u00e3o de aeronaves<\/p>\n<p>Sistemas de refer\u00eancia de cabe\u00e7alho de atitude (AHRs)<\/p>\n<p>Teste de vibra\u00e7\u00e3o no solo (GVT)-Teste de t\u00fanel de vento<\/p>","protected":false},"featured_media":2126,"comment_status":"closed","ping_status":"closed","template":"","meta":[],"product_brand":[],"product_cat":[25],"product_tag":[],"class_list":{"0":"post-2123","1":"product","2":"type-product","3":"status-publish","4":"has-post-thumbnail","6":"product_cat-accelerometer","8":"first","9":"instock","10":"shipping-taxable","11":"product-type-simple"},"_links":{"self":[{"href":"https:\/\/www.andelutech.com\/pt\/wp-json\/wp\/v2\/product\/2123","targetHints":{"allow":["GET"]}}],"collection":[{"href":"https:\/\/www.andelutech.com\/pt\/wp-json\/wp\/v2\/product"}],"about":[{"href":"https:\/\/www.andelutech.com\/pt\/wp-json\/wp\/v2\/types\/product"}],"replies":[{"embeddable":true,"href":"https:\/\/www.andelutech.com\/pt\/wp-json\/wp\/v2\/comments?post=2123"}],"wp:featuredmedia":[{"embeddable":true,"href":"https:\/\/www.andelutech.com\/pt\/wp-json\/wp\/v2\/media\/2126"}],"wp:attachment":[{"href":"https:\/\/www.andelutech.com\/pt\/wp-json\/wp\/v2\/media?parent=2123"}],"wp:term":[{"taxonomy":"product_brand","embeddable":true,"href":"https:\/\/www.andelutech.com\/pt\/wp-json\/wp\/v2\/product_brand?post=2123"},{"taxonomy":"product_cat","embeddable":true,"href":"https:\/\/www.andelutech.com\/pt\/wp-json\/wp\/v2\/product_cat?post=2123"},{"taxonomy":"product_tag","embeddable":true,"href":"https:\/\/www.andelutech.com\/pt\/wp-json\/wp\/v2\/product_tag?post=2123"}],"curies":[{"name":"wp","href":"https:\/\/api.w.org\/{rel}","templated":true}]}}