{"id":1851,"date":"2025-04-11T17:40:51","date_gmt":"2025-04-11T09:40:51","guid":{"rendered":"https:\/\/www.andelutech.com\/?post_type=product&#038;p=1851"},"modified":"2026-01-09T11:42:36","modified_gmt":"2026-01-09T03:42:36","slug":"electronic-compass","status":"publish","type":"product","link":"https:\/\/www.andelutech.com\/pt\/product\/electronic-compass\/","title":{"rendered":"AND-EC-220 Electronic Compass"},"content":{"rendered":"<p><strong><b>Caracter\u00edsticas<\/b><\/strong><\/p>\n<p>Faixa de medi\u00e7\u00e3o 0 ~ 360 \u00b0<\/p>\n<p>Precis\u00e3o da dire\u00e7\u00e3o 1 \u00b0, intervalo de inclina\u00e7\u00e3o \u00b1 5 \u00b0<\/p>\n<p>Design de grau industrial<\/p>\n<p>Tens\u00e3o de entrada DC 5V<\/p>\n<p>Wide temperature Working -40 ~+85 \u2103<\/p>\n<p>Com compensa\u00e7\u00e3o magn\u00e9tica, magn\u00e9tica suave e de inclina\u00e7\u00e3o<\/p>\n<p>Taxa de transmiss\u00e3o 2400 ~ 115200 (ajust\u00e1vel)<\/p>\n<p>Corrente de trabalho: 40mA<\/p>\n<p>N\u00edvel de prote\u00e7\u00e3o IP67<\/p>\n<p>Sa\u00edda rs232 \/RS485\/TTL\/MODBUS (opcional)<\/p>\n<p>Pequeno volume (33*27*8mm) (personaliz\u00e1vel)<\/p>\n<p>O produto \u00e9 pequeno em tamanho e baixo consumo de energia e pode ser usado em muitos campos, como estabilidade da antena, automotivo e integra\u00e7\u00e3o do sistema. A forte resist\u00eancia de choques, pode funcionar normalmente em ambientes extremamente severos, o que \u00e9 mais adequado para a medi\u00e7\u00e3o de alta precis\u00e3o miniaturizada de hoje.<\/p>\n<p>Se estiver interessado em And-EC-220 de alta precis\u00e3o 2D Compass-tipo digital, por favor, entre em contato conosco:<strong><b>\u00a0<\/b><\/strong><a href=\"mailto:info@joinsunny.cn\"><span style=\"color: #0000ff;\"><strong><b>info@joinsunny.cn<\/b><\/strong><\/span><\/a><\/p>","protected":false},"excerpt":{"rendered":"<p><strong><b>Introdu\u00e7\u00e3o<\/b><\/strong><\/p>\n<p>\u00c9 uma b\u00fassola eletr\u00f4nica bidimensional de alta precis\u00e3o, que mede o azimute de 0 a 360 \u00b0 e introduziu a tecnologia de patentes dos EUA. \u00c9 composto por microcontrolador industrial com alta confiabilidade e forte capacidade anti-interfer\u00eancia, magn\u00e9tica de alta precis\u00e3o\u00a0<span style=\"color: #0000ff;\">sensor<\/span>\u00a0drive chips e integra interfer\u00eancia magn\u00e9tica dura e tecnologia de compensa\u00e7\u00e3o de interfer\u00eancia magn\u00e9tica suave. Pode ser personalizado de acordo com as necessidades do cliente e \u00e9 muito conveniente integrar rapidamente a fun\u00e7\u00e3o de b\u00fassola eletr\u00f4nica em v\u00e1rios produtos.<\/p>\n<p><strong><b>Aplica\u00e7\u00f5es<\/b><\/strong><\/p>\n<p>Equipamento de combate individual<\/p>\n<p>Posicionamento de antena solar sat\u00e9lite<\/p>\n<p>Carro AGV baixo<\/p>\n<p>M\u00e1quinas de minera\u00e7\u00e3o, equipamento de registro de \u00f3leo<\/p>\n<p>Equipamento m\u00e9dico<\/p>\n<p>Nivelamento do GIMP<\/p>\n<p>Posicionamento e navega\u00e7\u00e3o UAV<\/p>\n<p>Monitoramento baseado em inclina\u00e7\u00e3o<\/p>\n<p>Controle de \u00e2ngulo de m\u00e1quinas de constru\u00e7\u00e3o de v\u00e1rias m\u00e1quinas<\/p>\n<p>Inspe\u00e7\u00e3o de pontes e barragens<\/p>\n<p>&nbsp;<\/p>","protected":false},"featured_media":1853,"comment_status":"open","ping_status":"closed","template":"","meta":[],"product_brand":[],"product_cat":[41],"product_tag":[],"class_list":{"0":"post-1851","1":"product","2":"type-product","3":"status-publish","4":"has-post-thumbnail","6":"product_cat-compass","8":"first","9":"instock","10":"shipping-taxable","11":"product-type-simple"},"_links":{"self":[{"href":"https:\/\/www.andelutech.com\/pt\/wp-json\/wp\/v2\/product\/1851","targetHints":{"allow":["GET"]}}],"collection":[{"href":"https:\/\/www.andelutech.com\/pt\/wp-json\/wp\/v2\/product"}],"about":[{"href":"https:\/\/www.andelutech.com\/pt\/wp-json\/wp\/v2\/types\/product"}],"replies":[{"embeddable":true,"href":"https:\/\/www.andelutech.com\/pt\/wp-json\/wp\/v2\/comments?post=1851"}],"wp:featuredmedia":[{"embeddable":true,"href":"https:\/\/www.andelutech.com\/pt\/wp-json\/wp\/v2\/media\/1853"}],"wp:attachment":[{"href":"https:\/\/www.andelutech.com\/pt\/wp-json\/wp\/v2\/media?parent=1851"}],"wp:term":[{"taxonomy":"product_brand","embeddable":true,"href":"https:\/\/www.andelutech.com\/pt\/wp-json\/wp\/v2\/product_brand?post=1851"},{"taxonomy":"product_cat","embeddable":true,"href":"https:\/\/www.andelutech.com\/pt\/wp-json\/wp\/v2\/product_cat?post=1851"},{"taxonomy":"product_tag","embeddable":true,"href":"https:\/\/www.andelutech.com\/pt\/wp-json\/wp\/v2\/product_tag?post=1851"}],"curies":[{"name":"wp","href":"https:\/\/api.w.org\/{rel}","templated":true}]}}