{"id":1839,"date":"2025-04-11T17:31:08","date_gmt":"2025-04-11T09:31:08","guid":{"rendered":"https:\/\/www.andelutech.com\/?post_type=product&#038;p=1839"},"modified":"2026-01-09T13:50:23","modified_gmt":"2026-01-09T05:50:23","slug":"low-costfog-rate-gyroscope","status":"publish","type":"product","link":"https:\/\/www.andelutech.com\/pt\/product\/low-costfog-rate-gyroscope\/","title":{"rendered":"AND-FOG-25 Low Cost FOG Rate Gyroscope"},"content":{"rendered":"<p><strong><b>Especifica\u00e7\u00f5es<\/b><\/strong><\/p>\n<p>Faixa de medi\u00e7\u00e3o: 500 \u00b0 \/ s, ajust\u00e1vel;<br \/>\nEstabilidade de vi\u00e9s de (1\u03c3): 1-5 \u00b0 \/ h;<br \/>\nResolu\u00e7\u00e3o: 0,5 \u00b0 \/ h;<br \/>\nFator de escala n\u00e3o linearidade (1\u03c3): 300ppm;<br \/>\nCoeficiente de caminhada aleat\u00f3ria: 0,1 (\u00b0 \/ \u221aH);<br \/>\nLargura de banda: n\u00e3o menos que 400Hz;<br \/>\nConsumo de energia: menor que 3W;<br \/>\nTemperatura de trabalho: M1A: -40 \u00b0 C a +60 \u00b0 C;<br \/>\nFonte de alimenta\u00e7\u00e3o: \u00b1 5V DC (precis\u00e3o da pot\u00eancia \u00b1 5%, ondula\u00e7\u00e3o menor que 30mV)<br \/>\nInterface: RS-422<br \/>\nDimens\u00f5es: \u03c625mm*40mm<br \/>\nPeso: 60 \u00b1 5g<\/p>","protected":false},"excerpt":{"rendered":"<p>A taxa de nevoeiro de alta precis\u00e3o e baixo custo de alta precis\u00e3o e-FOG-25 (substituto especialmente projetado de girosc\u00f3pio flutuante l\u00edquido) \u00e9 especialmente projetado para medi\u00e7\u00e3o de atitude do ve\u00edculo e pode substituir a taxa flutuante flutuante ou semi-l\u00edquido l\u00edquido. \u00c9 simples de instalar, f\u00e1cil de usar, est\u00e1vel e confi\u00e1vel. Os usu\u00e1rios precisam usar apenas um plugue para fornecer fonte de alimenta\u00e7\u00e3o, placa -m\u00e3e externa e receber dados de sa\u00edda girosc\u00f3pica. O produto tamb\u00e9m pode ser usado para navega\u00e7\u00e3o, orienta\u00e7\u00e3o e outros campos.<\/p>","protected":false},"featured_media":1841,"comment_status":"closed","ping_status":"closed","template":"","meta":[],"product_brand":[],"product_cat":[22],"product_tag":[],"class_list":{"0":"post-1839","1":"product","2":"type-product","3":"status-publish","4":"has-post-thumbnail","6":"product_cat-gyro-sensor","8":"first","9":"instock","10":"shipping-taxable","11":"product-type-simple"},"_links":{"self":[{"href":"https:\/\/www.andelutech.com\/pt\/wp-json\/wp\/v2\/product\/1839","targetHints":{"allow":["GET"]}}],"collection":[{"href":"https:\/\/www.andelutech.com\/pt\/wp-json\/wp\/v2\/product"}],"about":[{"href":"https:\/\/www.andelutech.com\/pt\/wp-json\/wp\/v2\/types\/product"}],"replies":[{"embeddable":true,"href":"https:\/\/www.andelutech.com\/pt\/wp-json\/wp\/v2\/comments?post=1839"}],"wp:featuredmedia":[{"embeddable":true,"href":"https:\/\/www.andelutech.com\/pt\/wp-json\/wp\/v2\/media\/1841"}],"wp:attachment":[{"href":"https:\/\/www.andelutech.com\/pt\/wp-json\/wp\/v2\/media?parent=1839"}],"wp:term":[{"taxonomy":"product_brand","embeddable":true,"href":"https:\/\/www.andelutech.com\/pt\/wp-json\/wp\/v2\/product_brand?post=1839"},{"taxonomy":"product_cat","embeddable":true,"href":"https:\/\/www.andelutech.com\/pt\/wp-json\/wp\/v2\/product_cat?post=1839"},{"taxonomy":"product_tag","embeddable":true,"href":"https:\/\/www.andelutech.com\/pt\/wp-json\/wp\/v2\/product_tag?post=1839"}],"curies":[{"name":"wp","href":"https:\/\/api.w.org\/{rel}","templated":true}]}}