{"id":1837,"date":"2025-04-11T17:33:19","date_gmt":"2025-04-11T09:33:19","guid":{"rendered":"https:\/\/www.andelutech.com\/?post_type=product&#038;p=1837"},"modified":"2026-01-15T20:26:37","modified_gmt":"2026-01-15T12:26:37","slug":"high-accuracy-north-seeking-mems-imu","status":"publish","type":"product","link":"https:\/\/www.andelutech.com\/pt\/product\/high-accuracy-north-seeking-mems-imu\/","title":{"rendered":"AND-MIMU-01\u00a0 High Accuracy North-Seeking MEMS IMU"},"content":{"rendered":"<p><strong><b>\u00c1reas de aplica\u00e7\u00e3o<\/b><\/strong><\/p>\n<p>Explora\u00e7\u00e3o de petr\u00f3leo;<\/p>\n<p>Ponte, edif\u00edcio alto, torre, monitoramento de barragens<\/p>\n<p>Monitoramento de rochas e solo<\/p>\n<p>Minera\u00e7\u00e3o<\/p>\n<p><strong><b>Caracter\u00edsticas<\/b><\/strong><\/p>\n<p>Volume: 38,6 mm \u00d7 44,8 mm \u00d7 21,8 mm;<\/p>\n<p>Fonte de alimenta\u00e7\u00e3o de 5V, baixo consumo de energia 1,0W;<\/p>\n<p>Peso leve: \u226460g;<\/p>\n<p>Os produtos incluem MEMS girosc\u00f3pio X, Y, Z de tr\u00eas eixos e aceler\u00f4metro MEMS de tr\u00eas eixos; Y, Z;<\/p>\n<p>RS422 Comunica\u00e7\u00e3o do barramento, taxa de transmiss\u00e3o de 9600 ~ 921600 pode ser definida.<\/p>\n<p>Se estiver interessado em MEMS de alta precis\u00e3o no norte da IMU, por favor, entre em contato conosco:\u00a0<a href=\"mailto:info@joinsunny.cn\"><span style=\"color: #0000ff;\"><strong><b>info@andelutech.com<\/b><\/strong><\/span><\/a><\/p>","protected":false},"excerpt":{"rendered":"<p><strong><b>Introdu\u00e7\u00e3o ao produto<\/b><\/strong><\/p>\n<p>A unidade de medi\u00e7\u00e3o inercial, referida como IMU, \u00e9 um dispositivo para medir o \u00e2ngulo de atitude (ou velocidade angular) e acelera\u00e7\u00e3o dos tr\u00eas eixos do objeto. Girosc\u00f3pio e aceler\u00f4metro s\u00e3o os dispositivos principais do sistema de navega\u00e7\u00e3o inercial (INS). Com o sensor de aceler\u00f4metro e girosc\u00f3pio embutido, a IMU pode medir a velocidade angular de acelera\u00e7\u00e3o e rota\u00e7\u00e3o linear de tr\u00eas dire\u00e7\u00f5es e obter informa\u00e7\u00f5es de atitude, velocidade e deslocamento da transportadora atrav\u00e9s da resolu\u00e7\u00e3o.<\/p>\n<p>Usos e MIMU-01\u00a0<span style=\"color: #0000ff;\">Aceler\u00f4metro MEMS\u00a0<\/span>e\u00a0<span style=\"color: #0000ff;\">girosc\u00f3pio<\/span>\u00a0Com alta qualidade e confiabilidade, RS422 e comunica\u00e7\u00e3o externa, a taxa de transmiss\u00e3o pode ser definida COM flexibilidade entre 9600 ~ 921600, atrav\u00e9s do protocolo de comunica\u00e7\u00e3o para definir a taxa de transmiss\u00e3o de comunica\u00e7\u00e3o necess\u00e1ria do usu\u00e1rio. With X, Y, Z three-axis precision gyro, X, Y, Z three-axis accelerometer with high resolution, can be output by RS422 X, Y, Z three axis of gyroscope and accelerometer\u2019s original hexadecimal complement data (including gyro hexadecimal complement the numerical temperature, angle, the accelerometer hexadecimal temperature, the acceleration hexadecimal<\/p>","protected":false},"featured_media":1845,"comment_status":"open","ping_status":"closed","template":"","meta":[],"product_brand":[],"product_cat":[26],"product_tag":[],"class_list":{"0":"post-1837","1":"product","2":"type-product","3":"status-publish","4":"has-post-thumbnail","6":"product_cat-imu-mems-ins","8":"first","9":"instock","10":"shipping-taxable","11":"product-type-simple"},"_links":{"self":[{"href":"https:\/\/www.andelutech.com\/pt\/wp-json\/wp\/v2\/product\/1837","targetHints":{"allow":["GET"]}}],"collection":[{"href":"https:\/\/www.andelutech.com\/pt\/wp-json\/wp\/v2\/product"}],"about":[{"href":"https:\/\/www.andelutech.com\/pt\/wp-json\/wp\/v2\/types\/product"}],"replies":[{"embeddable":true,"href":"https:\/\/www.andelutech.com\/pt\/wp-json\/wp\/v2\/comments?post=1837"}],"wp:featuredmedia":[{"embeddable":true,"href":"https:\/\/www.andelutech.com\/pt\/wp-json\/wp\/v2\/media\/1845"}],"wp:attachment":[{"href":"https:\/\/www.andelutech.com\/pt\/wp-json\/wp\/v2\/media?parent=1837"}],"wp:term":[{"taxonomy":"product_brand","embeddable":true,"href":"https:\/\/www.andelutech.com\/pt\/wp-json\/wp\/v2\/product_brand?post=1837"},{"taxonomy":"product_cat","embeddable":true,"href":"https:\/\/www.andelutech.com\/pt\/wp-json\/wp\/v2\/product_cat?post=1837"},{"taxonomy":"product_tag","embeddable":true,"href":"https:\/\/www.andelutech.com\/pt\/wp-json\/wp\/v2\/product_tag?post=1837"}],"curies":[{"name":"wp","href":"https:\/\/api.w.org\/{rel}","templated":true}]}}