{"id":1826,"date":"2025-04-11T17:07:55","date_gmt":"2025-04-11T09:07:55","guid":{"rendered":"https:\/\/www.andelutech.com\/?post_type=product&#038;p=1826"},"modified":"2026-01-16T10:20:45","modified_gmt":"2026-01-16T02:20:45","slug":"and-dtg-e6-high-temperature-dynamically-tuned-gyroscope","status":"publish","type":"product","link":"https:\/\/www.andelutech.com\/pt\/product\/and-dtg-e6-high-temperature-dynamically-tuned-gyroscope\/","title":{"rendered":"E girosc\u00f3pio ajustado dinamicamente e dtg-e6"},"content":{"rendered":"<p><strong><b>Caracter\u00edsticas<\/b><\/strong><\/p>\n<p>Peso leve;<\/p>\n<p>Pequeno volume;<\/p>\n<p>Curto in\u00edcio do tempo;<\/p>\n<p>Alta temperatura.<\/p>\n<p>Se estiver interessado em DTG de alta temperatura, por favor entre em contato conosco:<b> <\/b><a href=\"mailto:info@joinsunny.cn\"><span style=\"color: #0000ff;\"><strong><b>info@andelutech.com<\/b><\/strong><\/span><\/a><\/p>","protected":false},"excerpt":{"rendered":"<p><strong><b>Introdu\u00e7\u00e3o<\/b><\/strong><\/p>\n<p>E dtg-e6 alta temperatura ajustada dinamicamente\u00a0<span style=\"color: #0000ff;\">Girosc\u00f3pio<\/span>\u00a0com alta temperatura, tamanho pequeno e tempo de in\u00edcio curto, n\u00e3o apenas pode ser usado em uma ferramenta inclinante de perfura\u00e7\u00e3o de \u00f3leo de temperatura de temperatura mais alta, mas tamb\u00e9m em sistema de atitude de m\u00edsseis de m\u00edsseis de curto alcance e no instrumento de medi\u00e7\u00e3o inercial.<\/p>","protected":false},"featured_media":1791,"comment_status":"open","ping_status":"closed","template":"","meta":[],"product_brand":[],"product_cat":[22],"product_tag":[],"class_list":{"0":"post-1826","1":"product","2":"type-product","3":"status-publish","4":"has-post-thumbnail","6":"product_cat-gyro-sensor","8":"first","9":"instock","10":"shipping-taxable","11":"product-type-simple"},"_links":{"self":[{"href":"https:\/\/www.andelutech.com\/pt\/wp-json\/wp\/v2\/product\/1826","targetHints":{"allow":["GET"]}}],"collection":[{"href":"https:\/\/www.andelutech.com\/pt\/wp-json\/wp\/v2\/product"}],"about":[{"href":"https:\/\/www.andelutech.com\/pt\/wp-json\/wp\/v2\/types\/product"}],"replies":[{"embeddable":true,"href":"https:\/\/www.andelutech.com\/pt\/wp-json\/wp\/v2\/comments?post=1826"}],"wp:featuredmedia":[{"embeddable":true,"href":"https:\/\/www.andelutech.com\/pt\/wp-json\/wp\/v2\/media\/1791"}],"wp:attachment":[{"href":"https:\/\/www.andelutech.com\/pt\/wp-json\/wp\/v2\/media?parent=1826"}],"wp:term":[{"taxonomy":"product_brand","embeddable":true,"href":"https:\/\/www.andelutech.com\/pt\/wp-json\/wp\/v2\/product_brand?post=1826"},{"taxonomy":"product_cat","embeddable":true,"href":"https:\/\/www.andelutech.com\/pt\/wp-json\/wp\/v2\/product_cat?post=1826"},{"taxonomy":"product_tag","embeddable":true,"href":"https:\/\/www.andelutech.com\/pt\/wp-json\/wp\/v2\/product_tag?post=1826"}],"curies":[{"name":"wp","href":"https:\/\/api.w.org\/{rel}","templated":true}]}}