{"id":1823,"date":"2025-04-11T17:05:29","date_gmt":"2025-04-11T09:05:29","guid":{"rendered":"https:\/\/www.andelutech.com\/?post_type=product&#038;p=1823"},"modified":"2026-01-16T10:19:53","modified_gmt":"2026-01-16T02:19:53","slug":"and-dtg-e5-flexible-gyroscope","status":"publish","type":"product","link":"https:\/\/www.andelutech.com\/pt\/product\/and-dtg-e5-flexible-gyroscope\/","title":{"rendered":"Girosc\u00f3pio flex\u00edvel e-DTG-E5\u00a0"},"content":{"rendered":"<p><strong><b>Caracter\u00edsticas<\/b><\/strong><\/p>\n<p>Alta velocidade;<\/p>\n<p>Peso leve;<\/p>\n<p>Pequeno volume;<\/p>\n<p>Alta confiabilidade.<\/p>\n<p>Se estiver interessado no girosc\u00f3pio flex\u00edvel Strapdown, por favor, entre em contato conosco:<b> <\/b><a href=\"mailto:info@joinsunny.cn\"><span style=\"color: #0000ff;\"><strong><b>info@andelutech.com<\/b><\/strong><\/span><\/a><\/p>","protected":false},"excerpt":{"rendered":"<p><strong><b>Introdu\u00e7\u00e3o<\/b><\/strong><\/p>\n<p>Strapdown flex\u00edvel\u00a0<span style=\"color: #0000ff;\">girosc\u00f3pio<\/span>\u00a0com vida \u00fatil longa, ampla faixa de medi\u00e7\u00e3o e alta confiabilidade, que tem sido amplamente utilizada na unidade de medi\u00e7\u00e3o inercial de strapdown e no sistema de atitude de transportador din\u00e2mico de alto din\u00e2mico.<\/p>","protected":false},"featured_media":1825,"comment_status":"open","ping_status":"closed","template":"","meta":[],"product_brand":[],"product_cat":[22],"product_tag":[],"class_list":{"0":"post-1823","1":"product","2":"type-product","3":"status-publish","4":"has-post-thumbnail","6":"product_cat-gyro-sensor","8":"first","9":"instock","10":"shipping-taxable","11":"product-type-simple"},"_links":{"self":[{"href":"https:\/\/www.andelutech.com\/pt\/wp-json\/wp\/v2\/product\/1823","targetHints":{"allow":["GET"]}}],"collection":[{"href":"https:\/\/www.andelutech.com\/pt\/wp-json\/wp\/v2\/product"}],"about":[{"href":"https:\/\/www.andelutech.com\/pt\/wp-json\/wp\/v2\/types\/product"}],"replies":[{"embeddable":true,"href":"https:\/\/www.andelutech.com\/pt\/wp-json\/wp\/v2\/comments?post=1823"}],"wp:featuredmedia":[{"embeddable":true,"href":"https:\/\/www.andelutech.com\/pt\/wp-json\/wp\/v2\/media\/1825"}],"wp:attachment":[{"href":"https:\/\/www.andelutech.com\/pt\/wp-json\/wp\/v2\/media?parent=1823"}],"wp:term":[{"taxonomy":"product_brand","embeddable":true,"href":"https:\/\/www.andelutech.com\/pt\/wp-json\/wp\/v2\/product_brand?post=1823"},{"taxonomy":"product_cat","embeddable":true,"href":"https:\/\/www.andelutech.com\/pt\/wp-json\/wp\/v2\/product_cat?post=1823"},{"taxonomy":"product_tag","embeddable":true,"href":"https:\/\/www.andelutech.com\/pt\/wp-json\/wp\/v2\/product_tag?post=1823"}],"curies":[{"name":"wp","href":"https:\/\/api.w.org\/{rel}","templated":true}]}}