{"id":1820,"date":"2025-04-11T16:59:47","date_gmt":"2025-04-11T08:59:47","guid":{"rendered":"https:\/\/www.andelutech.com\/?post_type=product&#038;p=1820"},"modified":"2026-01-16T10:15:00","modified_gmt":"2026-01-16T02:15:00","slug":"and-dtg-e4-strapdown-dynamically-tuned-gyroscope","status":"publish","type":"product","link":"https:\/\/www.andelutech.com\/pt\/product\/and-dtg-e4-strapdown-dynamically-tuned-gyroscope\/","title":{"rendered":"E dtg-e4 strapdown girosc\u00f3pio ajustado dinamicamente"},"content":{"rendered":"<p><strong><b>Caracter\u00edsticas<\/b><\/strong><\/p>\n<p>Alta precis\u00e3o;<\/p>\n<p>Peso leve;<\/p>\n<p>Pequeno volume;<\/p>\n<p>Alta confiabilidade<\/p>\n<p>Se estiver interessado em Strapdown dinamicamente sintonizado o girosc\u00f3pio, por favor, entre em contato conosco:<span style=\"color: #0000ff;\"><b> <\/b><a href=\"mailto:info@joinsunny.cn\"><strong><b>info@andelutech.com<\/b><\/strong><\/a><\/span><\/p>","protected":false},"excerpt":{"rendered":"<p><strong><b>Introdu\u00e7\u00e3o<\/b><\/strong><\/p>\n<p>Strapdown\u00a0<span style=\"color: #0000ff;\">Girosc\u00f3pio ajustado dinamicamente\u00a0<\/span>com vantagens de alta precis\u00e3o, vida \u00fatil longa, ampla faixa din\u00e2mica e alta confiabilidade, e agora tem sido amplamente utilizada no sistema de superf\u00edcie da \u00e1gua e trechos de terra, instrumento r\u00e1pido de busca de verdadeiro-norte, plataforma de orienta\u00e7\u00e3o de luz de helic\u00f3ptero, rastreador de antenas de televis\u00e3o e assim por diante. O girosc\u00f3pio tamb\u00e9m pode ser usado no sistema inercial de Spaceflight Strapdown e na terra, mar, avia\u00e7\u00e3o, Strapdown do transportador de voos espaciais e sistema de atitude do tipo de plataforma.<\/p>","protected":false},"featured_media":1822,"comment_status":"open","ping_status":"closed","template":"","meta":[],"product_brand":[],"product_cat":[22],"product_tag":[],"class_list":{"0":"post-1820","1":"product","2":"type-product","3":"status-publish","4":"has-post-thumbnail","6":"product_cat-gyro-sensor","8":"first","9":"instock","10":"shipping-taxable","11":"product-type-simple"},"_links":{"self":[{"href":"https:\/\/www.andelutech.com\/pt\/wp-json\/wp\/v2\/product\/1820","targetHints":{"allow":["GET"]}}],"collection":[{"href":"https:\/\/www.andelutech.com\/pt\/wp-json\/wp\/v2\/product"}],"about":[{"href":"https:\/\/www.andelutech.com\/pt\/wp-json\/wp\/v2\/types\/product"}],"replies":[{"embeddable":true,"href":"https:\/\/www.andelutech.com\/pt\/wp-json\/wp\/v2\/comments?post=1820"}],"wp:featuredmedia":[{"embeddable":true,"href":"https:\/\/www.andelutech.com\/pt\/wp-json\/wp\/v2\/media\/1822"}],"wp:attachment":[{"href":"https:\/\/www.andelutech.com\/pt\/wp-json\/wp\/v2\/media?parent=1820"}],"wp:term":[{"taxonomy":"product_brand","embeddable":true,"href":"https:\/\/www.andelutech.com\/pt\/wp-json\/wp\/v2\/product_brand?post=1820"},{"taxonomy":"product_cat","embeddable":true,"href":"https:\/\/www.andelutech.com\/pt\/wp-json\/wp\/v2\/product_cat?post=1820"},{"taxonomy":"product_tag","embeddable":true,"href":"https:\/\/www.andelutech.com\/pt\/wp-json\/wp\/v2\/product_tag?post=1820"}],"curies":[{"name":"wp","href":"https:\/\/api.w.org\/{rel}","templated":true}]}}