{"id":1812,"date":"2025-04-11T16:57:45","date_gmt":"2025-04-11T08:57:45","guid":{"rendered":"https:\/\/www.andelutech.com\/?post_type=product&#038;p=1812"},"modified":"2026-01-16T10:09:54","modified_gmt":"2026-01-16T02:09:54","slug":"and-dtg-e3-high-accuracy-dynamically-tuned-gyroscope","status":"publish","type":"product","link":"https:\/\/www.andelutech.com\/pt\/product\/and-dtg-e3-high-accuracy-dynamically-tuned-gyroscope\/","title":{"rendered":"E dtg-e3 alta precis\u00e3o girosc\u00f3pio ajustado dinamicamente"},"content":{"rendered":"<p><strong><b>Caracter\u00edsticas<\/b><\/strong><\/p>\n<p>Girosc\u00f3pio flex\u00edvel de alta precis\u00e3o;<\/p>\n<p>Peso leve, tamanho pequeno e alta precis\u00e3o;<\/p>\n<p>Amplamente aplicado no sistema de atitude do Strapdown no aeroespacial.<\/p>\n<p>Se estiver interessado em alta precis\u00e3o, girosc\u00f3pio ajustado dinamicamente, por favor entre em contato conosco:<strong><b> info@andelutech.com<\/b><\/strong><\/p>\n<p>&nbsp;<\/p>","protected":false},"excerpt":{"rendered":"<p><strong><b>Introdu\u00e7\u00e3o<\/b><\/strong><\/p>\n<p>Alta precis\u00e3o\u00a0<span style=\"color: #0000ff;\">Girosc\u00f3pio ajustado dinamicamente<\/span>\u00a0para aeroespacial, com vantagens como peso leve, tamanho pequeno e alta precis\u00e3o, agora \u00e9 amplamente utilizado no sistema de atitude espacial e tamb\u00e9m pode ser usado em transportadores de terra, mar\u00edtimo, avia\u00e7\u00e3o, aeroespacial e outros transporte.<\/p>","protected":false},"featured_media":1819,"comment_status":"open","ping_status":"closed","template":"","meta":[],"product_brand":[],"product_cat":[22],"product_tag":[],"class_list":{"0":"post-1812","1":"product","2":"type-product","3":"status-publish","4":"has-post-thumbnail","6":"product_cat-gyro-sensor","8":"first","9":"instock","10":"shipping-taxable","11":"product-type-simple"},"_links":{"self":[{"href":"https:\/\/www.andelutech.com\/pt\/wp-json\/wp\/v2\/product\/1812","targetHints":{"allow":["GET"]}}],"collection":[{"href":"https:\/\/www.andelutech.com\/pt\/wp-json\/wp\/v2\/product"}],"about":[{"href":"https:\/\/www.andelutech.com\/pt\/wp-json\/wp\/v2\/types\/product"}],"replies":[{"embeddable":true,"href":"https:\/\/www.andelutech.com\/pt\/wp-json\/wp\/v2\/comments?post=1812"}],"wp:featuredmedia":[{"embeddable":true,"href":"https:\/\/www.andelutech.com\/pt\/wp-json\/wp\/v2\/media\/1819"}],"wp:attachment":[{"href":"https:\/\/www.andelutech.com\/pt\/wp-json\/wp\/v2\/media?parent=1812"}],"wp:term":[{"taxonomy":"product_brand","embeddable":true,"href":"https:\/\/www.andelutech.com\/pt\/wp-json\/wp\/v2\/product_brand?post=1812"},{"taxonomy":"product_cat","embeddable":true,"href":"https:\/\/www.andelutech.com\/pt\/wp-json\/wp\/v2\/product_cat?post=1812"},{"taxonomy":"product_tag","embeddable":true,"href":"https:\/\/www.andelutech.com\/pt\/wp-json\/wp\/v2\/product_tag?post=1812"}],"curies":[{"name":"wp","href":"https:\/\/api.w.org\/{rel}","templated":true}]}}