{"id":1809,"date":"2025-04-11T16:39:21","date_gmt":"2025-04-11T08:39:21","guid":{"rendered":"https:\/\/www.andelutech.com\/?post_type=product&#038;p=1809"},"modified":"2026-01-13T14:00:11","modified_gmt":"2026-01-13T06:00:11","slug":"and-ma-5-high-accuracy-mems-accelerometer-alternative-of-ms1000","status":"publish","type":"product","link":"https:\/\/www.andelutech.com\/pt\/product\/and-ma-5-high-accuracy-mems-accelerometer-alternative-of-ms1000\/","title":{"rendered":"E -ma -5 aceler\u00f4metro de MEMS de alta precis\u00e3o (alternativa de MS1000)"},"content":{"rendered":"<p><strong><b>Aplica\u00e7\u00f5es<\/b><\/strong><\/p>\n<p>E -ma -5 aceler\u00f4metro de MEMS de alta precis\u00e3o (alternativa de MS1000)<br \/>\nMedi\u00e7\u00e3o inercial: orienta\u00e7\u00e3o inercial, medi\u00e7\u00e3o de sobrecarga, navega\u00e7\u00e3o combinada<br \/>\nMedi\u00e7\u00e3o de inclina\u00e7\u00e3o: atitude da antena, medi\u00e7\u00e3o da plataforma, teste de mergulho<br \/>\nMedi\u00e7\u00e3o de vibra\u00e7\u00e3o: equipamento mec\u00e2nico, barragem de ponte, teste de seguran\u00e7a<\/p>\n<p>Se estiver interessado em aceler\u00f4metro de alta precis\u00e3o (substituto do MS1000), por favor, entre em contato conosco:<strong><b>\u00a0<\/b><\/strong><a href=\"mailto:info@joinsunny.cn\"><span style=\"color: #0000ff;\"><strong><b>info@joinsunny.cn<\/b><\/strong><\/span><\/a><\/p>","protected":false},"excerpt":{"rendered":"<p>O aceler\u00f4metro \u00e9 um sensor inercial, que pode medir a acelera\u00e7\u00e3o linear devido \u00e0 gravidade. O Aceler\u00f4metro MEMS possui as caracter\u00edsticas de pequeno volume, peso leve e baixo consumo de energia que podem ser amplamente utilizados na detec\u00e7\u00e3o de vibra\u00e7\u00e3o, controle de atitude, alarme de seguran\u00e7a, aplica\u00e7\u00f5es de consumidores, reconhecimento de movimento e grava\u00e7\u00e3o de status. Os aceler\u00f4metros s\u00e3o combinados com girosc\u00f3pios e magnet\u00f4metros para criar IMU (unidades de medi\u00e7\u00e3o inercial).<\/p>\n<p>Aplica\u00e7\u00f5es<br \/>\nE -ma -5 aceler\u00f4metro de MEMS de alta precis\u00e3o (alternativa de MS1000)<br \/>\nMedi\u00e7\u00e3o inercial: orienta\u00e7\u00e3o inercial, medi\u00e7\u00e3o de sobrecarga, navega\u00e7\u00e3o combinada<br \/>\nMedi\u00e7\u00e3o de inclina\u00e7\u00e3o: atitude da antena, medi\u00e7\u00e3o da plataforma, teste de mergulho<br \/>\nMedi\u00e7\u00e3o de vibra\u00e7\u00e3o: equipamento mec\u00e2nico, barragem de ponte, teste de seguran\u00e7a<\/p>","protected":false},"featured_media":1811,"comment_status":"open","ping_status":"closed","template":"","meta":[],"product_brand":[],"product_cat":[25],"product_tag":[],"class_list":{"0":"post-1809","1":"product","2":"type-product","3":"status-publish","4":"has-post-thumbnail","6":"product_cat-accelerometer","8":"first","9":"instock","10":"shipping-taxable","11":"product-type-simple"},"_links":{"self":[{"href":"https:\/\/www.andelutech.com\/pt\/wp-json\/wp\/v2\/product\/1809","targetHints":{"allow":["GET"]}}],"collection":[{"href":"https:\/\/www.andelutech.com\/pt\/wp-json\/wp\/v2\/product"}],"about":[{"href":"https:\/\/www.andelutech.com\/pt\/wp-json\/wp\/v2\/types\/product"}],"replies":[{"embeddable":true,"href":"https:\/\/www.andelutech.com\/pt\/wp-json\/wp\/v2\/comments?post=1809"}],"wp:featuredmedia":[{"embeddable":true,"href":"https:\/\/www.andelutech.com\/pt\/wp-json\/wp\/v2\/media\/1811"}],"wp:attachment":[{"href":"https:\/\/www.andelutech.com\/pt\/wp-json\/wp\/v2\/media?parent=1809"}],"wp:term":[{"taxonomy":"product_brand","embeddable":true,"href":"https:\/\/www.andelutech.com\/pt\/wp-json\/wp\/v2\/product_brand?post=1809"},{"taxonomy":"product_cat","embeddable":true,"href":"https:\/\/www.andelutech.com\/pt\/wp-json\/wp\/v2\/product_cat?post=1809"},{"taxonomy":"product_tag","embeddable":true,"href":"https:\/\/www.andelutech.com\/pt\/wp-json\/wp\/v2\/product_tag?post=1809"}],"curies":[{"name":"wp","href":"https:\/\/api.w.org\/{rel}","templated":true}]}}