{"id":1801,"date":"2025-04-11T16:33:38","date_gmt":"2025-04-11T08:33:38","guid":{"rendered":"https:\/\/www.andelutech.com\/?post_type=product&#038;p=1801"},"modified":"2026-01-13T13:58:45","modified_gmt":"2026-01-13T05:58:45","slug":"and-mns-05-cost-efficient-triaxial-mems-north-seeker","status":"publish","type":"product","link":"https:\/\/www.andelutech.com\/pt\/product\/and-mns-05-cost-efficient-triaxial-mems-north-seeker\/","title":{"rendered":"E MNS-05 Custo eficiente Triaxial Mems North Seeker"},"content":{"rendered":"<p><strong><b>1. Recursos t\u00e9cnicos<\/b><\/strong><\/p>\n<p>Mems triaxial girosc\u00f3pio e aceler\u00f4metro<\/p>\n<p>Compensa\u00e7\u00e3o a toda temperatura<\/p>\n<p>Alto desempenho e tamanho mini<\/p>\n<p>Peso leve, baixo consumo de energia<\/p>\n<p>-45 \u2103 a +80 \u2103 compensa\u00e7\u00e3o em escala de plenitude a toda a temperatura<\/p>\n<p>Amostragem de alta velocidade em 4kHz<\/p>\n<p>Resistente ao ambiente mec\u00e2nico severo<\/p>\n<p>Tenha fun\u00e7\u00e3o de atualiza\u00e7\u00e3o online de software<\/p>\n<p><strong><b>2. Vantagens t\u00e9cnicas<\/b><\/strong><\/p>\n<p><strong><b>1) A precis\u00e3o pode ser personalizada, tamb\u00e9m pode ser amplamente utilizada em muitos campos<\/b><\/strong><\/p>\n<p>O MEMS Triaxial North Seeker, MNS-05, \u00e9 uma combina\u00e7\u00e3o altamente confi\u00e1vel e econ\u00f4mica de sensores inerciais MEMS de seis eixos, que podem ser amplamente utilizados nos campos de navega\u00e7\u00e3o, controle e medi\u00e7\u00e3o representados por navega\u00e7\u00e3o inercial e estabiliza\u00e7\u00e3o de atitude. E MNS-05 3 eixos Mems North Seeker podem ser configurados com diferentes hardware e software de acordo com as necessidades dos usu\u00e1rios, para atender \u00e0s necessidades de diferentes usu\u00e1rios.<\/p>\n<p><strong><b>2)<\/b><\/strong>\u00a0<strong><b>Processo e tecnologia avan\u00e7ados<\/b><\/strong><\/p>\n<p>O eixo And-MNS-05 3 Mems North Seeker integra o girosc\u00f3pio MEMS de alto desempenho e o aceler\u00f4metro MEMS em uma estrutura independente. O girosc\u00f3pio e o aceler\u00f4metro selecionados no m\u00f3dulo representam o n\u00edvel principal de dispositivos inerciais do processo MEMS. O girosc\u00f3pio MEMS de tr\u00eas eixos \u00e9 sens\u00edvel ao movimento angular do transportador, e o aceler\u00f4metro de MEMS de tr\u00eas eixos \u00e9 sens\u00edvel \u00e0 acelera\u00e7\u00e3o linear do transportador. A posi\u00e7\u00e3o zero, o fator de escala, o erro n\u00e3o ortogonal e os termos relacionados \u00e0 acelera\u00e7\u00e3o de todo o par\u00e2metro de temperatura s\u00e3o compensados \u200b\u200bdentro do m\u00f3dulo. Tamb\u00e9m pode manter alta precis\u00e3o de medi\u00e7\u00e3o por um longo tempo. Ao mesmo tempo, o m\u00f3dulo adota a redu\u00e7\u00e3o geral de vibra\u00e7\u00e3o, o design de veda\u00e7\u00e3o e outras medidas para garantir que o produto ainda possa medir com precis\u00e3o os par\u00e2metros de movimento angular e linear da transportadora no ambiente severo, para fornecer aos usu\u00e1rios uma solu\u00e7\u00e3o de baixo custo e alta confiabilidade.<\/p>\n<p><strong><b>3)<\/b><\/strong>\u00a0<strong><b>Tecnologia de compensa\u00e7\u00e3o de fabrica\u00e7\u00e3o e calibra\u00e7\u00e3o do sistema de alta precis\u00e3o.<\/b><\/strong><\/p>\n<p>Acumulamos uma s\u00e9rie de tecnologias -chave no processo de pesquisa e desenvolvimento deste projeto para garantir o alto desempenho dos produtos. Ao mesmo tempo, o sistema adota amostragem de alta velocidade e compensa\u00e7\u00e3o est\u00e1tica de erro (posi\u00e7\u00e3o zero, fator de escala, erro de instala\u00e7\u00e3o e outra compensa\u00e7\u00e3o fina em toda a zona de temperatura), compensa\u00e7\u00e3o de erro din\u00e2mico e outras tecnologias, para garantir que o produto durante o processo de uso para obter o melhor desempenho.<\/p>\n<p><strong><b>4)<\/b><\/strong>\u00a0<strong><b>Alta qualidade e confiabilidade<\/b><\/strong><\/p>\n<p>Atrav\u00e9s do controle abrangente dos processos e tecnologias a montante e a jusante, a empresa pode efetivamente melhorar a qualidade do produto e reduzir os custos do sistema. Ao mesmo tempo, a empresa implementa os sistemas de qualidade ISO9001 e GJB adotam processos r\u00edgidos para garantir a confiabilidade e a consist\u00eancia do desempenho do produto.<\/p>\n<p>Especialmente no deserto e em outras \u00e1reas externas, a precis\u00e3o dos esquemas tradicionais de achados do norte geomagn\u00e9tico n\u00e3o \u00e9 alta. E MNS-05 MEMS TRIAXIAL North Seeker produzido por nossa empresa tem as caracter\u00edsticas de serem livres de interfer\u00eancia ambiental, medi\u00e7\u00e3o de alta precis\u00e3o, tamanho pequeno e baixo consumo de energia, que podem atender aos requisitos acima.<\/p>\n<p><strong><b>3.Applications<\/b><\/strong><\/p>\n<p>North Finder<\/p>\n<p>Navega\u00e7\u00e3o e controle<\/p>\n<p>Sistema de refer\u00eancia de atitude<\/p>\n<p>Orienta\u00e7\u00e3o<\/p>\n<p>Medi\u00e7\u00e3o de atitude de ve\u00edculo e navio<\/p>\n<p>Integrado Inercial \/satellite Sistema de navega\u00e7\u00e3o<\/p>\n<p>Sistemas de perfura\u00e7\u00e3o e produ\u00e7\u00e3o<\/p>\n<p>Sistema de mapeamento m\u00f3vel<\/p>\n<p>No move<\/p>\n<p>Se estiver interessado em Mems North Finder Trixial North, por favor, entre em contato conosco:<strong><b>\u00a0<\/b><\/strong><a href=\"mailto:info@joinsunny.cn\"><span style=\"color: #0000ff;\"><strong><b>info@joinsunny.cn<\/b><\/strong><\/span><\/a><\/p>","protected":false},"excerpt":{"rendered":"<p><strong><b>Aplica\u00e7\u00f5es<br \/>\nNorth Finder<br \/>\nNavega\u00e7\u00e3o e controle<br \/>\nSistema de refer\u00eancia de atitude<br \/>\nOrienta\u00e7\u00e3o<br \/>\nMedi\u00e7\u00e3o de atitude de ve\u00edculo e navio<br \/>\nIntegrado Inercial \/satellite Sistema de navega\u00e7\u00e3o<br \/>\nSistemas de perfura\u00e7\u00e3o e produ\u00e7\u00e3o<br \/>\nSistema de mapeamento m\u00f3vel<br \/>\nNo move<\/b><\/strong><\/p>","protected":false},"featured_media":1803,"comment_status":"open","ping_status":"closed","template":"","meta":[],"product_brand":[],"product_cat":[25],"product_tag":[],"class_list":{"0":"post-1801","1":"product","2":"type-product","3":"status-publish","4":"has-post-thumbnail","6":"product_cat-accelerometer","8":"first","9":"instock","10":"shipping-taxable","11":"product-type-simple"},"_links":{"self":[{"href":"https:\/\/www.andelutech.com\/pt\/wp-json\/wp\/v2\/product\/1801","targetHints":{"allow":["GET"]}}],"collection":[{"href":"https:\/\/www.andelutech.com\/pt\/wp-json\/wp\/v2\/product"}],"about":[{"href":"https:\/\/www.andelutech.com\/pt\/wp-json\/wp\/v2\/types\/product"}],"replies":[{"embeddable":true,"href":"https:\/\/www.andelutech.com\/pt\/wp-json\/wp\/v2\/comments?post=1801"}],"wp:featuredmedia":[{"embeddable":true,"href":"https:\/\/www.andelutech.com\/pt\/wp-json\/wp\/v2\/media\/1803"}],"wp:attachment":[{"href":"https:\/\/www.andelutech.com\/pt\/wp-json\/wp\/v2\/media?parent=1801"}],"wp:term":[{"taxonomy":"product_brand","embeddable":true,"href":"https:\/\/www.andelutech.com\/pt\/wp-json\/wp\/v2\/product_brand?post=1801"},{"taxonomy":"product_cat","embeddable":true,"href":"https:\/\/www.andelutech.com\/pt\/wp-json\/wp\/v2\/product_cat?post=1801"},{"taxonomy":"product_tag","embeddable":true,"href":"https:\/\/www.andelutech.com\/pt\/wp-json\/wp\/v2\/product_tag?post=1801"}],"curies":[{"name":"wp","href":"https:\/\/api.w.org\/{rel}","templated":true}]}}