{"id":1796,"date":"2025-04-11T16:16:31","date_gmt":"2025-04-11T08:16:31","guid":{"rendered":"https:\/\/www.andelutech.com\/?post_type=product&#038;p=1796"},"modified":"2026-01-09T11:25:05","modified_gmt":"2026-01-09T03:25:05","slug":"gsy-mns-04-economical-mems-north-seeker","status":"publish","type":"product","link":"https:\/\/www.andelutech.com\/pt\/product\/gsy-mns-04-economical-mems-north-seeker\/","title":{"rendered":"AND-MNS-04\u00a0Economical MEMS North Seeker"},"content":{"rendered":"<p><strong><b>Aplica\u00e7\u00f5es<\/b><\/strong><\/p>\n<p>North Seeker<\/p>\n<p>Navega\u00e7\u00e3o e controle<\/p>\n<p>Sistema de refer\u00eancia de atitude<\/p>\n<p>Orienta\u00e7\u00e3o<\/p>\n<p>Medi\u00e7\u00e3o de atitude de ve\u00edculo e navio<\/p>\n<p>Integrado Inercial \/satellite Sistema de navega\u00e7\u00e3o<\/p>\n<p>Sistema de perfura\u00e7\u00e3o e produ\u00e7\u00e3o<\/p>\n<p>Sistema de mapeamento m\u00f3vel<\/p>\n<p>No move<\/p>\n<p>Se estiver interessado em buscador norte de baixo custo (0,5 \u00b0 -1 \u00b0), por favor entre em contato conosco:<strong><b>\u00a0<\/b><\/strong><a href=\"mailto:info@joinsunny.cn\"><span style=\"color: #0000ff;\"><strong><b>info@joinsunny.cn<\/b><\/strong><\/span><\/a><\/p>","protected":false},"excerpt":{"rendered":"<p><strong><b>Introdu\u00e7\u00e3o<\/b><\/strong><\/p>\n<p>E MNS-04 Econ\u00f4mico\u00a0<span style=\"color: #0000ff;\">Mems North Seeker<\/span>\u2002 Possui caracter\u00edsticas de miniatura, baixo consumo de energia, vida \u00fatil longa, alta confiabilidade.<\/p>\n<p>Os produtos s\u00e3o amplamente utilizados na minera\u00e7\u00e3o de carv\u00e3o, perfura\u00e7\u00e3o de petr\u00f3leo, constru\u00e7\u00e3o de t\u00faneis e geodesia, tamb\u00e9m podem ser usados \u200b\u200bpara alinhamento inicial est\u00e1tico e controle de dire\u00e7\u00e3o do radar, antena, ve\u00edculo e outros objetos.<\/p>","protected":false},"featured_media":1800,"comment_status":"open","ping_status":"closed","template":"","meta":[],"product_brand":[],"product_cat":[25],"product_tag":[],"class_list":{"0":"post-1796","1":"product","2":"type-product","3":"status-publish","4":"has-post-thumbnail","6":"product_cat-accelerometer","8":"first","9":"instock","10":"shipping-taxable","11":"product-type-simple"},"_links":{"self":[{"href":"https:\/\/www.andelutech.com\/pt\/wp-json\/wp\/v2\/product\/1796","targetHints":{"allow":["GET"]}}],"collection":[{"href":"https:\/\/www.andelutech.com\/pt\/wp-json\/wp\/v2\/product"}],"about":[{"href":"https:\/\/www.andelutech.com\/pt\/wp-json\/wp\/v2\/types\/product"}],"replies":[{"embeddable":true,"href":"https:\/\/www.andelutech.com\/pt\/wp-json\/wp\/v2\/comments?post=1796"}],"wp:featuredmedia":[{"embeddable":true,"href":"https:\/\/www.andelutech.com\/pt\/wp-json\/wp\/v2\/media\/1800"}],"wp:attachment":[{"href":"https:\/\/www.andelutech.com\/pt\/wp-json\/wp\/v2\/media?parent=1796"}],"wp:term":[{"taxonomy":"product_brand","embeddable":true,"href":"https:\/\/www.andelutech.com\/pt\/wp-json\/wp\/v2\/product_brand?post=1796"},{"taxonomy":"product_cat","embeddable":true,"href":"https:\/\/www.andelutech.com\/pt\/wp-json\/wp\/v2\/product_cat?post=1796"},{"taxonomy":"product_tag","embeddable":true,"href":"https:\/\/www.andelutech.com\/pt\/wp-json\/wp\/v2\/product_tag?post=1796"}],"curies":[{"name":"wp","href":"https:\/\/api.w.org\/{rel}","templated":true}]}}