{"id":1792,"date":"2025-04-11T15:38:35","date_gmt":"2025-04-11T07:38:35","guid":{"rendered":"https:\/\/www.andelutech.com\/?post_type=product&#038;p=1792"},"modified":"2026-01-16T10:09:29","modified_gmt":"2026-01-16T02:09:29","slug":"and-dtg-e2-oil-and-gas-dtg-gyroscope","status":"publish","type":"product","link":"https:\/\/www.andelutech.com\/pt\/product\/and-dtg-e2-oil-and-gas-dtg-gyroscope\/","title":{"rendered":"Girosc\u00f3pio DTG e DTG de petr\u00f3leo e g\u00e1s-DTG-E2"},"content":{"rendered":"<p><strong><b>Caracter\u00edsticas<\/b><\/strong><\/p>\n<p>Temperatura de trabalho at\u00e9 100 graus Celsius<\/p>\n<p>Melhor aplicado aos campos da perfura\u00e7\u00e3o<\/p>\n<p>Forte adaptabilidade<\/p>\n<p>Se estiver interessado no girosc\u00f3pio DTG de petr\u00f3leo e g\u00e1s, por favor, entre em contato conosco:<strong><b> info@andelutech.com<\/b><\/strong><\/p>","protected":false},"excerpt":{"rendered":"<p><strong><b>Introdu\u00e7\u00e3o<\/b><\/strong><\/p>\n<p>Petr\u00f3leo e g\u00e1s<span style=\"color: #0000ff;\">\u00a0Girosc\u00f3pio DTG<\/span>\u00a0foi projetado especificamente para os campos de perfura\u00e7\u00e3o. Depois de resolver muitos problemas t\u00e9cnicos, sua temperatura de trabalho agora pode chegar a 100 graus Celsius.<\/p>\n<p>Nos campos de perfura\u00e7\u00e3o, os dispositivos inerciais s\u00e3o maiores e mais adapt\u00e1veis \u200b\u200bdo que os campos de v\u00f4o, devido \u00e0s suas dif\u00edceis condi\u00e7\u00f5es de trabalho, especialmente as temperaturas ambientais mais altas. Portanto, a temperatura da adapta\u00e7\u00e3o e os requisitos de vida s\u00e3o muito graves.<\/p>","protected":false},"featured_media":1794,"comment_status":"open","ping_status":"closed","template":"","meta":[],"product_brand":[],"product_cat":[22],"product_tag":[],"class_list":{"0":"post-1792","1":"product","2":"type-product","3":"status-publish","4":"has-post-thumbnail","6":"product_cat-gyro-sensor","8":"first","9":"instock","10":"shipping-taxable","11":"product-type-simple"},"_links":{"self":[{"href":"https:\/\/www.andelutech.com\/pt\/wp-json\/wp\/v2\/product\/1792","targetHints":{"allow":["GET"]}}],"collection":[{"href":"https:\/\/www.andelutech.com\/pt\/wp-json\/wp\/v2\/product"}],"about":[{"href":"https:\/\/www.andelutech.com\/pt\/wp-json\/wp\/v2\/types\/product"}],"replies":[{"embeddable":true,"href":"https:\/\/www.andelutech.com\/pt\/wp-json\/wp\/v2\/comments?post=1792"}],"wp:featuredmedia":[{"embeddable":true,"href":"https:\/\/www.andelutech.com\/pt\/wp-json\/wp\/v2\/media\/1794"}],"wp:attachment":[{"href":"https:\/\/www.andelutech.com\/pt\/wp-json\/wp\/v2\/media?parent=1792"}],"wp:term":[{"taxonomy":"product_brand","embeddable":true,"href":"https:\/\/www.andelutech.com\/pt\/wp-json\/wp\/v2\/product_brand?post=1792"},{"taxonomy":"product_cat","embeddable":true,"href":"https:\/\/www.andelutech.com\/pt\/wp-json\/wp\/v2\/product_cat?post=1792"},{"taxonomy":"product_tag","embeddable":true,"href":"https:\/\/www.andelutech.com\/pt\/wp-json\/wp\/v2\/product_tag?post=1792"}],"curies":[{"name":"wp","href":"https:\/\/api.w.org\/{rel}","templated":true}]}}