{"id":1789,"date":"2025-04-11T15:22:32","date_gmt":"2025-04-11T07:22:32","guid":{"rendered":"https:\/\/www.andelutech.com\/?post_type=product&#038;p=1789"},"modified":"2026-01-16T10:09:02","modified_gmt":"2026-01-16T02:09:02","slug":"and-dtg-e1-small-size-21-4mm-dtg-gyroscope","status":"publish","type":"product","link":"https:\/\/www.andelutech.com\/pt\/product\/and-dtg-e1-small-size-21-4mm-dtg-gyroscope\/","title":{"rendered":"E-DTG-E1 de tamanho pequeno (21,4 mm) Girosc\u00f3pio"},"content":{"rendered":"<p><strong><b>Caracter\u00edsticas<\/b><\/strong><\/p>\n<p>Forte resist\u00eancia a choque<\/p>\n<p>Tamanho muito pequeno<\/p>\n<p>Amplamente utilizado em ferramentas de pesquisa de po\u00e7o de girosc\u00f3pio e ferramentas de log de po\u00e7os<\/p>\n<p>Orienta\u00e7\u00e3o e posicionamento din\u00e2mico<\/p>\n<p>Se estiver interessado no girosc\u00f3pio DTG de tamanho pequeno (21,4 mm), por favor, entre em contato conosco:<strong><b> info@andelutech.com<\/b><\/strong><\/p>","protected":false},"excerpt":{"rendered":"<p><strong><b>Introdu\u00e7\u00e3o<\/b><\/strong><\/p>\n<p>E DTG-E1 de tamanho pequeno (21,4 mm)\u00a0<span style=\"color: #0000ff;\">DTG Gyro<\/span>\u00a0foi projetado para posicionamento e orienta\u00e7\u00e3o din\u00e2micos nos campos de perfura\u00e7\u00e3o, com pequena dimens\u00e3o, peso leve e alta temperatura de trabalho, que \u00e9 usada principalmente em ferramentas de pesquisa de girosc\u00f3pio de po\u00e7o, ferramentas de registro de po\u00e7o e muitos outros sistemas para a busca ou orienta\u00e7\u00e3o de north.<\/p>","protected":false},"featured_media":1791,"comment_status":"open","ping_status":"closed","template":"","meta":[],"product_brand":[],"product_cat":[22],"product_tag":[],"class_list":{"0":"post-1789","1":"product","2":"type-product","3":"status-publish","4":"has-post-thumbnail","6":"product_cat-gyro-sensor","8":"first","9":"instock","10":"shipping-taxable","11":"product-type-simple"},"_links":{"self":[{"href":"https:\/\/www.andelutech.com\/pt\/wp-json\/wp\/v2\/product\/1789","targetHints":{"allow":["GET"]}}],"collection":[{"href":"https:\/\/www.andelutech.com\/pt\/wp-json\/wp\/v2\/product"}],"about":[{"href":"https:\/\/www.andelutech.com\/pt\/wp-json\/wp\/v2\/types\/product"}],"replies":[{"embeddable":true,"href":"https:\/\/www.andelutech.com\/pt\/wp-json\/wp\/v2\/comments?post=1789"}],"wp:featuredmedia":[{"embeddable":true,"href":"https:\/\/www.andelutech.com\/pt\/wp-json\/wp\/v2\/media\/1791"}],"wp:attachment":[{"href":"https:\/\/www.andelutech.com\/pt\/wp-json\/wp\/v2\/media?parent=1789"}],"wp:term":[{"taxonomy":"product_brand","embeddable":true,"href":"https:\/\/www.andelutech.com\/pt\/wp-json\/wp\/v2\/product_brand?post=1789"},{"taxonomy":"product_cat","embeddable":true,"href":"https:\/\/www.andelutech.com\/pt\/wp-json\/wp\/v2\/product_cat?post=1789"},{"taxonomy":"product_tag","embeddable":true,"href":"https:\/\/www.andelutech.com\/pt\/wp-json\/wp\/v2\/product_tag?post=1789"}],"curies":[{"name":"wp","href":"https:\/\/api.w.org\/{rel}","templated":true}]}}