{"id":1782,"date":"2025-04-11T14:21:08","date_gmt":"2025-04-11T06:21:08","guid":{"rendered":"https:\/\/www.andelutech.com\/?post_type=product&#038;p=1782"},"modified":"2026-01-13T13:55:50","modified_gmt":"2026-01-13T05:55:50","slug":"and-fns-03-low-cost-3-axis-fog-north-seeker","status":"publish","type":"product","link":"https:\/\/www.andelutech.com\/pt\/product\/and-fns-03-low-cost-3-axis-fog-north-seeker\/","title":{"rendered":"E FNS-03 Baixo custo 3 eixo de neblina ca\u00e7adora norte"},"content":{"rendered":"<p><strong><b>Introdu\u00e7\u00e3o<\/b><\/strong><\/p>\n<p>E FNS-03 baixo custo\u00a0<span style=\"color: #0000ff;\">Fog Gyro North Seeker<\/span>\u00a0adota o girosc\u00f3pio de fibra \u00f3ptica de circuito fechado como componente principal. \u00c9 composto principalmente por unidade de medi\u00e7\u00e3o inercial (IMU), unidade de processamento de sinal digital e organiza\u00e7\u00f5es das pe\u00e7as mec\u00e2nicas. Pode fornecer \u00e0 transportadora um verdadeiro \u00e2ngulo de azimute norte.<\/p>\n<p>Os produtos s\u00e3o amplamente utilizados na minera\u00e7\u00e3o de carv\u00e3o, perfura\u00e7\u00e3o de petr\u00f3leo, constru\u00e7\u00e3o de t\u00faneis e geodesia, tamb\u00e9m podem ser usados \u200b\u200bpara o alinhamento inicial est\u00e1tico do lan\u00e7amento de m\u00edsseis, direcionamento de armas e controle de dire\u00e7\u00e3o do radar, antena, ve\u00edculo e outros objetos.<\/p>\n<p>Se estiver interessado em baixo custo de 3 eixos de n\u00e9voa do North Finder, por favor entre em contato conosco:<strong><b>\u00a0<\/b><\/strong><a href=\"mailto:info@joinsunny.cn\"><span style=\"color: #0000ff;\"><strong><b>info@joinsunny.cn<\/b><\/strong><\/span><\/a><\/p>","protected":false},"excerpt":{"rendered":"<p><strong><b>Aplica\u00e7\u00f5es<\/b><\/strong><\/p>\n<p>North Seeker<\/p>\n<p>Navega\u00e7\u00e3o e controle<\/p>\n<p>Sistema de refer\u00eancia de atitude<\/p>\n<p>Orienta\u00e7\u00e3o<\/p>\n<p>Medi\u00e7\u00e3o de atitude de ve\u00edculo e navio<\/p>\n<p>Integrado Inercial \/satellite Sistema de navega\u00e7\u00e3o<\/p>\n<p>Sistemas de perfura\u00e7\u00e3o e produ\u00e7\u00e3o<\/p>\n<p>Sistema de mapeamento m\u00f3vel<\/p>\n<p>No move<\/p>","protected":false},"featured_media":1783,"comment_status":"open","ping_status":"closed","template":"","meta":[],"product_brand":[],"product_cat":[25],"product_tag":[],"class_list":{"0":"post-1782","1":"product","2":"type-product","3":"status-publish","4":"has-post-thumbnail","6":"product_cat-accelerometer","8":"first","9":"instock","10":"shipping-taxable","11":"product-type-simple"},"_links":{"self":[{"href":"https:\/\/www.andelutech.com\/pt\/wp-json\/wp\/v2\/product\/1782","targetHints":{"allow":["GET"]}}],"collection":[{"href":"https:\/\/www.andelutech.com\/pt\/wp-json\/wp\/v2\/product"}],"about":[{"href":"https:\/\/www.andelutech.com\/pt\/wp-json\/wp\/v2\/types\/product"}],"replies":[{"embeddable":true,"href":"https:\/\/www.andelutech.com\/pt\/wp-json\/wp\/v2\/comments?post=1782"}],"wp:featuredmedia":[{"embeddable":true,"href":"https:\/\/www.andelutech.com\/pt\/wp-json\/wp\/v2\/media\/1783"}],"wp:attachment":[{"href":"https:\/\/www.andelutech.com\/pt\/wp-json\/wp\/v2\/media?parent=1782"}],"wp:term":[{"taxonomy":"product_brand","embeddable":true,"href":"https:\/\/www.andelutech.com\/pt\/wp-json\/wp\/v2\/product_brand?post=1782"},{"taxonomy":"product_cat","embeddable":true,"href":"https:\/\/www.andelutech.com\/pt\/wp-json\/wp\/v2\/product_cat?post=1782"},{"taxonomy":"product_tag","embeddable":true,"href":"https:\/\/www.andelutech.com\/pt\/wp-json\/wp\/v2\/product_tag?post=1782"}],"curies":[{"name":"wp","href":"https:\/\/api.w.org\/{rel}","templated":true}]}}