{"id":1779,"date":"2025-04-11T14:09:32","date_gmt":"2025-04-11T06:09:32","guid":{"rendered":"https:\/\/www.andelutech.com\/?post_type=product&#038;p=1779"},"modified":"2026-01-13T13:54:10","modified_gmt":"2026-01-13T05:54:10","slug":"and-fns-02-high-precision-fog-north-seeker-0-02-0-1","status":"publish","type":"product","link":"https:\/\/www.andelutech.com\/pt\/product\/and-fns-02-high-precision-fog-north-seeker-0-02-0-1\/","title":{"rendered":"E FNS-02 High Precision nevoeiro North Seeker (0,02 \u00b0 -0,1 \u00b0)"},"content":{"rendered":"<p><strong><b>Introdu\u00e7\u00e3o<\/b><\/strong><\/p>\n<p>E FNS-02 Alta precis\u00e3o\u00a0<span style=\"color: #0000ff;\">Fog North Seeker\u00a0<\/span>(0,02 \u00b0 -0,1 \u00b0) \u00e9 composto principalmente por nevoeiro de circuito fechado, unidade de medi\u00e7\u00e3o inercial, unidade de processamento de sinal digital e parte mec\u00e2nica. Ele fornece informa\u00e7\u00f5es de Azimute North de alta precis\u00e3o de alta precis\u00e3o para as operadoras.<\/p>\n<p>Os produtos s\u00e3o usados \u200b\u200bprincipalmente no alinhamento inicial est\u00e1tico do lan\u00e7amento de m\u00edsseis, direcionamento de armas e controle de dire\u00e7\u00e3o do radar, antena e ve\u00edculo blindado, tamb\u00e9m podem ser usados \u200b\u200bpara minera\u00e7\u00e3o de carv\u00e3o, perfura\u00e7\u00e3o de petr\u00f3leo, constru\u00e7\u00e3o de t\u00faneis e geodesia.<\/p>\n<p>Se estiver interessado em Finder North Found Finder, por favor, entre em contato conosco:<strong><b>\u00a0<\/b><\/strong><a href=\"mailto:info@joinsunny.cn\"><span style=\"color: #0000ff;\"><strong><b>info@joinsunny.cn<\/b><\/strong><\/span><\/a><\/p>","protected":false},"excerpt":{"rendered":"<p>Aplica\u00e7\u00f5es<br \/>\nNorth Seeker<br \/>\nNavega\u00e7\u00e3o e controle<br \/>\nSistema de refer\u00eancia de atitude<br \/>\nOrienta\u00e7\u00e3o<br \/>\nMedi\u00e7\u00e3o de atitude de ve\u00edculo e navio<br \/>\nIntegrado Inercial \/satellite Sistema de navega\u00e7\u00e3o<br \/>\nSistema de perfura\u00e7\u00e3o e produ\u00e7\u00e3o<br \/>\nSistema de mapeamento m\u00f3vel<br \/>\nNo move<\/p>","protected":false},"featured_media":1781,"comment_status":"open","ping_status":"closed","template":"","meta":[],"product_brand":[],"product_cat":[25],"product_tag":[],"class_list":{"0":"post-1779","1":"product","2":"type-product","3":"status-publish","4":"has-post-thumbnail","6":"product_cat-accelerometer","8":"first","9":"instock","10":"shipping-taxable","11":"product-type-simple"},"_links":{"self":[{"href":"https:\/\/www.andelutech.com\/pt\/wp-json\/wp\/v2\/product\/1779","targetHints":{"allow":["GET"]}}],"collection":[{"href":"https:\/\/www.andelutech.com\/pt\/wp-json\/wp\/v2\/product"}],"about":[{"href":"https:\/\/www.andelutech.com\/pt\/wp-json\/wp\/v2\/types\/product"}],"replies":[{"embeddable":true,"href":"https:\/\/www.andelutech.com\/pt\/wp-json\/wp\/v2\/comments?post=1779"}],"wp:featuredmedia":[{"embeddable":true,"href":"https:\/\/www.andelutech.com\/pt\/wp-json\/wp\/v2\/media\/1781"}],"wp:attachment":[{"href":"https:\/\/www.andelutech.com\/pt\/wp-json\/wp\/v2\/media?parent=1779"}],"wp:term":[{"taxonomy":"product_brand","embeddable":true,"href":"https:\/\/www.andelutech.com\/pt\/wp-json\/wp\/v2\/product_brand?post=1779"},{"taxonomy":"product_cat","embeddable":true,"href":"https:\/\/www.andelutech.com\/pt\/wp-json\/wp\/v2\/product_cat?post=1779"},{"taxonomy":"product_tag","embeddable":true,"href":"https:\/\/www.andelutech.com\/pt\/wp-json\/wp\/v2\/product_tag?post=1779"}],"curies":[{"name":"wp","href":"https:\/\/api.w.org\/{rel}","templated":true}]}}