{"id":3126,"date":"2025-08-07T14:39:24","date_gmt":"2025-08-07T06:39:24","guid":{"rendered":"https:\/\/www.andelutech.com\/?post_type=product&#038;p=3126"},"modified":"2025-08-27T15:10:48","modified_gmt":"2025-08-27T07:10:48","slug":"py-series-circular-electrical-connector-2","status":"publish","type":"product","link":"https:\/\/www.andelutech.com\/fr\/product\/py-series-circular-electrical-connector-2\/","title":{"rendered":"Connecteur \u00e9lectrique circulaire de la s\u00e9rie PY"},"content":{"rendered":"","protected":false},"excerpt":{"rendered":"<p>Les produits de la s\u00e9rie sont conformes \u00e0 la technique HB6-77-83<\/p>\n<p>exigences, caract\u00e9ris\u00e9es par une connexion rapide, un contact \u00e9lev\u00e9<\/p>\n<p>fiabilit\u00e9 et autres, et utilis\u00e9 pour la connexion \u00e9lectrique de<\/p>\n<p>a\u00e9rospatiale, chars et autres \u00e9quipements \u00e9lectriques.<\/p>","protected":false},"featured_media":3127,"comment_status":"closed","ping_status":"closed","template":"","meta":[],"product_brand":[],"product_cat":[36],"product_tag":[],"class_list":{"0":"post-3126","1":"product","2":"type-product","3":"status-publish","4":"has-post-thumbnail","6":"product_cat-electrical-connector","8":"first","9":"instock","10":"shipping-taxable","11":"product-type-simple"},"_links":{"self":[{"href":"https:\/\/www.andelutech.com\/fr\/wp-json\/wp\/v2\/product\/3126","targetHints":{"allow":["GET"]}}],"collection":[{"href":"https:\/\/www.andelutech.com\/fr\/wp-json\/wp\/v2\/product"}],"about":[{"href":"https:\/\/www.andelutech.com\/fr\/wp-json\/wp\/v2\/types\/product"}],"replies":[{"embeddable":true,"href":"https:\/\/www.andelutech.com\/fr\/wp-json\/wp\/v2\/comments?post=3126"}],"wp:featuredmedia":[{"embeddable":true,"href":"https:\/\/www.andelutech.com\/fr\/wp-json\/wp\/v2\/media\/3127"}],"wp:attachment":[{"href":"https:\/\/www.andelutech.com\/fr\/wp-json\/wp\/v2\/media?parent=3126"}],"wp:term":[{"taxonomy":"product_brand","embeddable":true,"href":"https:\/\/www.andelutech.com\/fr\/wp-json\/wp\/v2\/product_brand?post=3126"},{"taxonomy":"product_cat","embeddable":true,"href":"https:\/\/www.andelutech.com\/fr\/wp-json\/wp\/v2\/product_cat?post=3126"},{"taxonomy":"product_tag","embeddable":true,"href":"https:\/\/www.andelutech.com\/fr\/wp-json\/wp\/v2\/product_tag?post=3126"}],"curies":[{"name":"wp","href":"https:\/\/api.w.org\/{rel}","templated":true}]}}