{"id":3124,"date":"2025-08-07T14:36:22","date_gmt":"2025-08-07T06:36:22","guid":{"rendered":"https:\/\/www.andelutech.com\/?post_type=product&#038;p=3124"},"modified":"2025-08-27T14:55:49","modified_gmt":"2025-08-27T06:55:49","slug":"gp-series-circular-electrical-connector-2","status":"publish","type":"product","link":"https:\/\/www.andelutech.com\/fr\/product\/gp-series-circular-electrical-connector-2\/","title":{"rendered":"Connecteur \u00e9lectrique circulaire de la s\u00e9rie GP"},"content":{"rendered":"","protected":false},"excerpt":{"rendered":"<p>Produit modifi\u00e9 du connecteur \u00e9lectrique P<\/p>\n<p>La taille de montage et de positionnement est totalement coh\u00e9rente avec P<\/p>\n<p>10 tailles de coque et 5 sp\u00e9cifications de contact<\/p>\n<p>Connexion rapide Bayonet<\/p>\n<p>Positionnement \u00e0 cinq touches avec fonction d'insertion aveugle<\/p>\n<p>L'identification de positionnement \u00e0 cinq touches peut emp\u00eacher une insertion incorrecte<\/p>\n<p>SpringtacTM double courbe hautement fiable<\/p>\n<p>Le collier de c\u00e2ble de flexion enti\u00e8rement ferm\u00e9 est avec une fonction anti-rotation<\/p>\n<p>Contact PIN et Contact de socket sont disponibles pour la prise et la prise<\/p>","protected":false},"featured_media":3125,"comment_status":"closed","ping_status":"closed","template":"","meta":[],"product_brand":[],"product_cat":[36],"product_tag":[],"class_list":{"0":"post-3124","1":"product","2":"type-product","3":"status-publish","4":"has-post-thumbnail","6":"product_cat-electrical-connector","8":"first","9":"instock","10":"shipping-taxable","11":"product-type-simple"},"_links":{"self":[{"href":"https:\/\/www.andelutech.com\/fr\/wp-json\/wp\/v2\/product\/3124","targetHints":{"allow":["GET"]}}],"collection":[{"href":"https:\/\/www.andelutech.com\/fr\/wp-json\/wp\/v2\/product"}],"about":[{"href":"https:\/\/www.andelutech.com\/fr\/wp-json\/wp\/v2\/types\/product"}],"replies":[{"embeddable":true,"href":"https:\/\/www.andelutech.com\/fr\/wp-json\/wp\/v2\/comments?post=3124"}],"wp:featuredmedia":[{"embeddable":true,"href":"https:\/\/www.andelutech.com\/fr\/wp-json\/wp\/v2\/media\/3125"}],"wp:attachment":[{"href":"https:\/\/www.andelutech.com\/fr\/wp-json\/wp\/v2\/media?parent=3124"}],"wp:term":[{"taxonomy":"product_brand","embeddable":true,"href":"https:\/\/www.andelutech.com\/fr\/wp-json\/wp\/v2\/product_brand?post=3124"},{"taxonomy":"product_cat","embeddable":true,"href":"https:\/\/www.andelutech.com\/fr\/wp-json\/wp\/v2\/product_cat?post=3124"},{"taxonomy":"product_tag","embeddable":true,"href":"https:\/\/www.andelutech.com\/fr\/wp-json\/wp\/v2\/product_tag?post=3124"}],"curies":[{"name":"wp","href":"https:\/\/api.w.org\/{rel}","templated":true}]}}