{"id":3122,"date":"2025-08-07T14:32:51","date_gmt":"2025-08-07T06:32:51","guid":{"rendered":"https:\/\/www.andelutech.com\/?post_type=product&#038;p=3122"},"modified":"2025-08-27T10:54:10","modified_gmt":"2025-08-27T02:54:10","slug":"xl-series-small-sized-electrical-connector-2","status":"publish","type":"product","link":"https:\/\/www.andelutech.com\/fr\/product\/xl-series-small-sized-electrical-connector-2\/","title":{"rendered":"Connecteur \u00e9lectrique de petite s\u00e9rie S\u00e9rie XL"},"content":{"rendered":"","protected":false},"excerpt":{"rendered":"<p>Les produits de la s\u00e9rie sont conformes aux exigences de<\/p>\n<p>Q\/3E20055-2003, et les m\u00e9thodes d'essai partielles proviennent de<\/p>\n<p>GJB150.16-86 M\u00e9thodes d'essai environnemental pour les militaires<\/p>\n<p>\u00c9quipements &#8211; Test de vibration. Le produit est utilis\u00e9 pour<\/p>\n<p>connecter ou d\u00e9connecter le circuit \u00e9lectronique et \u00e9lectrique<\/p>\n<p>des chars, des armes, des dispositifs militaires et autres.<\/p>","protected":false},"featured_media":3123,"comment_status":"closed","ping_status":"closed","template":"","meta":[],"product_brand":[],"product_cat":[36],"product_tag":[],"class_list":{"0":"post-3122","1":"product","2":"type-product","3":"status-publish","4":"has-post-thumbnail","6":"product_cat-electrical-connector","8":"first","9":"instock","10":"shipping-taxable","11":"product-type-simple"},"_links":{"self":[{"href":"https:\/\/www.andelutech.com\/fr\/wp-json\/wp\/v2\/product\/3122","targetHints":{"allow":["GET"]}}],"collection":[{"href":"https:\/\/www.andelutech.com\/fr\/wp-json\/wp\/v2\/product"}],"about":[{"href":"https:\/\/www.andelutech.com\/fr\/wp-json\/wp\/v2\/types\/product"}],"replies":[{"embeddable":true,"href":"https:\/\/www.andelutech.com\/fr\/wp-json\/wp\/v2\/comments?post=3122"}],"wp:featuredmedia":[{"embeddable":true,"href":"https:\/\/www.andelutech.com\/fr\/wp-json\/wp\/v2\/media\/3123"}],"wp:attachment":[{"href":"https:\/\/www.andelutech.com\/fr\/wp-json\/wp\/v2\/media?parent=3122"}],"wp:term":[{"taxonomy":"product_brand","embeddable":true,"href":"https:\/\/www.andelutech.com\/fr\/wp-json\/wp\/v2\/product_brand?post=3122"},{"taxonomy":"product_cat","embeddable":true,"href":"https:\/\/www.andelutech.com\/fr\/wp-json\/wp\/v2\/product_cat?post=3122"},{"taxonomy":"product_tag","embeddable":true,"href":"https:\/\/www.andelutech.com\/fr\/wp-json\/wp\/v2\/product_tag?post=3122"}],"curies":[{"name":"wp","href":"https:\/\/api.w.org\/{rel}","templated":true}]}}