{"id":3105,"date":"2025-08-07T13:58:13","date_gmt":"2025-08-07T05:58:13","guid":{"rendered":"https:\/\/www.andelutech.com\/?post_type=product&#038;p=3105"},"modified":"2025-08-27T09:38:35","modified_gmt":"2025-08-27T01:38:35","slug":"p-c-series-through-wall-hermetic-electrical-connector-2","status":"publish","type":"product","link":"https:\/\/www.andelutech.com\/fr\/product\/p-c-series-through-wall-hermetic-electrical-connector-2\/","title":{"rendered":"Connecteur \u00e9lectrique herm\u00e9tique de la s\u00e9rie P-C \u00e0 travers"},"content":{"rendered":"","protected":false},"excerpt":{"rendered":"<p>Les produits de la s\u00e9rie sont conformes aux exigences de Q\/3E20007-2003<\/p>\n<p>standard, et sont utilis\u00e9s pour l'aviation, l'arme, le chariot et le civil<\/p>\n<p>\u00e9quipement. En cas d'exigence d'\u00e9tanch\u00e9it\u00e9, il doit \u00eatre connect\u00e9 ou<\/p>\n<p>d\u00e9connect\u00e9 par des circuits \u00e9lectriques avec cloison. Une telle prise<\/p>\n<p>doit \u00eatre utilis\u00e9 conjointement avec la fiche P.<\/p>","protected":false},"featured_media":3106,"comment_status":"closed","ping_status":"closed","template":"","meta":[],"product_brand":[],"product_cat":[36],"product_tag":[],"class_list":{"0":"post-3105","1":"product","2":"type-product","3":"status-publish","4":"has-post-thumbnail","6":"product_cat-electrical-connector","8":"first","9":"instock","10":"shipping-taxable","11":"product-type-simple"},"_links":{"self":[{"href":"https:\/\/www.andelutech.com\/fr\/wp-json\/wp\/v2\/product\/3105","targetHints":{"allow":["GET"]}}],"collection":[{"href":"https:\/\/www.andelutech.com\/fr\/wp-json\/wp\/v2\/product"}],"about":[{"href":"https:\/\/www.andelutech.com\/fr\/wp-json\/wp\/v2\/types\/product"}],"replies":[{"embeddable":true,"href":"https:\/\/www.andelutech.com\/fr\/wp-json\/wp\/v2\/comments?post=3105"}],"wp:featuredmedia":[{"embeddable":true,"href":"https:\/\/www.andelutech.com\/fr\/wp-json\/wp\/v2\/media\/3106"}],"wp:attachment":[{"href":"https:\/\/www.andelutech.com\/fr\/wp-json\/wp\/v2\/media?parent=3105"}],"wp:term":[{"taxonomy":"product_brand","embeddable":true,"href":"https:\/\/www.andelutech.com\/fr\/wp-json\/wp\/v2\/product_brand?post=3105"},{"taxonomy":"product_cat","embeddable":true,"href":"https:\/\/www.andelutech.com\/fr\/wp-json\/wp\/v2\/product_cat?post=3105"},{"taxonomy":"product_tag","embeddable":true,"href":"https:\/\/www.andelutech.com\/fr\/wp-json\/wp\/v2\/product_tag?post=3105"}],"curies":[{"name":"wp","href":"https:\/\/api.w.org\/{rel}","templated":true}]}}