{"id":3095,"date":"2025-08-07T13:23:16","date_gmt":"2025-08-07T05:23:16","guid":{"rendered":"https:\/\/www.andelutech.com\/?post_type=product&#038;p=3095"},"modified":"2025-08-26T16:41:17","modified_gmt":"2025-08-26T08:41:17","slug":"pph25m-series-temperature-compensation-electrical-connector-2","status":"publish","type":"product","link":"https:\/\/www.andelutech.com\/fr\/product\/pph25m-series-temperature-compensation-electrical-connector-2\/","title":{"rendered":"Connecteur \u00e9lectrique de la compensation de temp\u00e9rature de la s\u00e9rie PPH25M"},"content":{"rendered":"","protected":false},"excerpt":{"rendered":"<p>Les connecteurs \u00e9lectriques de compensation de temp\u00e9rature PPH25M et PPH25AM sont<\/p>\n<p>utilis\u00e9 pour le thermocouple et le circuit DC.<\/p>\n<p>La prise (connexion \u00e0 l'appareil) est \u00e9quip\u00e9e d'une prise droite ou pli\u00e9e<\/p>\n<p>accessoire queue non blind\u00e9 ou sans accessoire queue<\/p>\n<p>La fiche (connexion au c\u00e2ble) est \u00e9quip\u00e9e d'une prise droite ou pliante non blind\u00e9e<\/p>\n<p>accessoire queue<\/p>\n<p>Mod\u00e8le domestique: PPH25M<\/p>","protected":false},"featured_media":3096,"comment_status":"closed","ping_status":"closed","template":"","meta":[],"product_brand":[],"product_cat":[36],"product_tag":[],"class_list":{"0":"post-3095","1":"product","2":"type-product","3":"status-publish","4":"has-post-thumbnail","6":"product_cat-electrical-connector","8":"first","9":"instock","10":"shipping-taxable","11":"product-type-simple"},"_links":{"self":[{"href":"https:\/\/www.andelutech.com\/fr\/wp-json\/wp\/v2\/product\/3095","targetHints":{"allow":["GET"]}}],"collection":[{"href":"https:\/\/www.andelutech.com\/fr\/wp-json\/wp\/v2\/product"}],"about":[{"href":"https:\/\/www.andelutech.com\/fr\/wp-json\/wp\/v2\/types\/product"}],"replies":[{"embeddable":true,"href":"https:\/\/www.andelutech.com\/fr\/wp-json\/wp\/v2\/comments?post=3095"}],"wp:featuredmedia":[{"embeddable":true,"href":"https:\/\/www.andelutech.com\/fr\/wp-json\/wp\/v2\/media\/3096"}],"wp:attachment":[{"href":"https:\/\/www.andelutech.com\/fr\/wp-json\/wp\/v2\/media?parent=3095"}],"wp:term":[{"taxonomy":"product_brand","embeddable":true,"href":"https:\/\/www.andelutech.com\/fr\/wp-json\/wp\/v2\/product_brand?post=3095"},{"taxonomy":"product_cat","embeddable":true,"href":"https:\/\/www.andelutech.com\/fr\/wp-json\/wp\/v2\/product_cat?post=3095"},{"taxonomy":"product_tag","embeddable":true,"href":"https:\/\/www.andelutech.com\/fr\/wp-json\/wp\/v2\/product_tag?post=3095"}],"curies":[{"name":"wp","href":"https:\/\/api.w.org\/{rel}","templated":true}]}}