{"id":3089,"date":"2025-08-07T10:59:08","date_gmt":"2025-08-07T02:59:08","guid":{"rendered":"https:\/\/www.andelutech.com\/?post_type=product&#038;p=3089"},"modified":"2025-08-26T13:59:49","modified_gmt":"2025-08-26T05:59:49","slug":"pc-series-subminiature-electrical-connector-2","status":"publish","type":"product","link":"https:\/\/www.andelutech.com\/fr\/product\/pc-series-subminiature-electrical-connector-2\/","title":{"rendered":"Connecteur \u00e9lectrique de submination de la s\u00e9rie PC"},"content":{"rendered":"","protected":false},"excerpt":{"rendered":"<p>Le connecteur \u00e9lectrique circulaire subminiature de la s\u00e9rie PC est utilis\u00e9 pour la connexion \u00e9lectrique sur les appareils radio et \u00e9lectriques.<\/p>\n<p>L'\u00e9crou de connexion de filetage est utilis\u00e9 pour connecter la prise de c\u00e2ble \u00e0 la prise fix\u00e9e sur l'appareil.<\/p>\n<p>Les deux dispositifs peuvent \u00eatre directement ins\u00e9r\u00e9s avec une prise et une prise mont\u00e9es sur des dispositifs pour r\u00e9aliser la connexion (joint de but\u00e9e).<\/p>\n<p>Le connecteur \u00e9lectrique circulaire subminiature couvre le type scell\u00e9 et non scell\u00e9, et la prise et la prise sont \u00e9quip\u00e9s d'accessoires de queue respectivement.<\/p>\n<p>La prise est pour le contact avec la broche et la prise est pour le contact avec la prise.<\/p>\n<p>Mod\u00e8le domestique: PC<\/p>","protected":false},"featured_media":3090,"comment_status":"closed","ping_status":"closed","template":"","meta":[],"product_brand":[],"product_cat":[36],"product_tag":[],"class_list":{"0":"post-3089","1":"product","2":"type-product","3":"status-publish","4":"has-post-thumbnail","6":"product_cat-electrical-connector","8":"first","9":"instock","10":"shipping-taxable","11":"product-type-simple"},"_links":{"self":[{"href":"https:\/\/www.andelutech.com\/fr\/wp-json\/wp\/v2\/product\/3089","targetHints":{"allow":["GET"]}}],"collection":[{"href":"https:\/\/www.andelutech.com\/fr\/wp-json\/wp\/v2\/product"}],"about":[{"href":"https:\/\/www.andelutech.com\/fr\/wp-json\/wp\/v2\/types\/product"}],"replies":[{"embeddable":true,"href":"https:\/\/www.andelutech.com\/fr\/wp-json\/wp\/v2\/comments?post=3089"}],"wp:featuredmedia":[{"embeddable":true,"href":"https:\/\/www.andelutech.com\/fr\/wp-json\/wp\/v2\/media\/3090"}],"wp:attachment":[{"href":"https:\/\/www.andelutech.com\/fr\/wp-json\/wp\/v2\/media?parent=3089"}],"wp:term":[{"taxonomy":"product_brand","embeddable":true,"href":"https:\/\/www.andelutech.com\/fr\/wp-json\/wp\/v2\/product_brand?post=3089"},{"taxonomy":"product_cat","embeddable":true,"href":"https:\/\/www.andelutech.com\/fr\/wp-json\/wp\/v2\/product_cat?post=3089"},{"taxonomy":"product_tag","embeddable":true,"href":"https:\/\/www.andelutech.com\/fr\/wp-json\/wp\/v2\/product_tag?post=3089"}],"curies":[{"name":"wp","href":"https:\/\/api.w.org\/{rel}","templated":true}]}}