{"id":3074,"date":"2025-08-07T10:19:14","date_gmt":"2025-08-07T02:19:14","guid":{"rendered":"https:\/\/www.andelutech.com\/?post_type=product&#038;p=3074"},"modified":"2025-08-08T14:27:29","modified_gmt":"2025-08-08T06:27:29","slug":"ch%d1%8623-series-electrical-connector","status":"publish","type":"product","link":"https:\/\/www.andelutech.com\/fr\/product\/ch%d1%8623-series-electrical-connector\/","title":{"rendered":"Connecteur \u00e9lectrique s\u00e9rie ZH23"},"content":{"rendered":"","protected":false},"excerpt":{"rendered":"<p>Le connecteur \u00e9lectrique de la s\u00e9rie CH\u042623 est caract\u00e9ris\u00e9 par la r\u00e9sistance \u00e0 l'environnement, cinq cl\u00e9s<\/p>\n<p>positionnement anti-erreur d'insertion, connexion rapide de ba\u00efonnette et autres. Le contact est<\/p>\n<p>sertissage \u00e0 rel\u00e2che arri\u00e8re et type de derni\u00e8re rupture, et utilis\u00e9 pour les circuits AC \/ DC \u00e0 basse fr\u00e9quence.<\/p>\n<p>Mod\u00e8le domestique: ZH23<\/p>","protected":false},"featured_media":3075,"comment_status":"closed","ping_status":"closed","template":"","meta":[],"product_brand":[],"product_cat":[36],"product_tag":[],"class_list":{"0":"post-3074","1":"product","2":"type-product","3":"status-publish","4":"has-post-thumbnail","6":"product_cat-electrical-connector","8":"first","9":"instock","10":"shipping-taxable","11":"product-type-simple"},"_links":{"self":[{"href":"https:\/\/www.andelutech.com\/fr\/wp-json\/wp\/v2\/product\/3074","targetHints":{"allow":["GET"]}}],"collection":[{"href":"https:\/\/www.andelutech.com\/fr\/wp-json\/wp\/v2\/product"}],"about":[{"href":"https:\/\/www.andelutech.com\/fr\/wp-json\/wp\/v2\/types\/product"}],"replies":[{"embeddable":true,"href":"https:\/\/www.andelutech.com\/fr\/wp-json\/wp\/v2\/comments?post=3074"}],"wp:featuredmedia":[{"embeddable":true,"href":"https:\/\/www.andelutech.com\/fr\/wp-json\/wp\/v2\/media\/3075"}],"wp:attachment":[{"href":"https:\/\/www.andelutech.com\/fr\/wp-json\/wp\/v2\/media?parent=3074"}],"wp:term":[{"taxonomy":"product_brand","embeddable":true,"href":"https:\/\/www.andelutech.com\/fr\/wp-json\/wp\/v2\/product_brand?post=3074"},{"taxonomy":"product_cat","embeddable":true,"href":"https:\/\/www.andelutech.com\/fr\/wp-json\/wp\/v2\/product_cat?post=3074"},{"taxonomy":"product_tag","embeddable":true,"href":"https:\/\/www.andelutech.com\/fr\/wp-json\/wp\/v2\/product_tag?post=3074"}],"curies":[{"name":"wp","href":"https:\/\/api.w.org\/{rel}","templated":true}]}}