{"id":3071,"date":"2025-08-07T09:59:57","date_gmt":"2025-08-07T01:59:57","guid":{"rendered":"https:\/\/www.andelutech.com\/?post_type=product&#038;p=3071"},"modified":"2025-08-13T10:59:41","modified_gmt":"2025-08-13T02:59:41","slug":"4pt-electrical-connector","status":"publish","type":"product","link":"https:\/\/www.andelutech.com\/fr\/product\/4pt-electrical-connector\/","title":{"rendered":"Connecteur \u00e9lectrique 4PT"},"content":{"rendered":"","protected":false},"excerpt":{"rendered":"<p>Le connecteur \u00e9lectrique 4PT est utilis\u00e9 pour la connexion \u00e9lectrique de circuits DC et AC, et sa prise et sa prise sont arm\u00e9es d'\u00e9crou de queue blind\u00e9 et non blind\u00e9 ou sans \u00e9crou de queue.<\/p>\n<p>Mod\u00e8le domestique: PRG<\/p>","protected":false},"featured_media":3072,"comment_status":"closed","ping_status":"closed","template":"","meta":[],"product_brand":[],"product_cat":[36],"product_tag":[],"class_list":{"0":"post-3071","1":"product","2":"type-product","3":"status-publish","4":"has-post-thumbnail","6":"product_cat-electrical-connector","8":"first","9":"instock","10":"shipping-taxable","11":"product-type-simple"},"_links":{"self":[{"href":"https:\/\/www.andelutech.com\/fr\/wp-json\/wp\/v2\/product\/3071","targetHints":{"allow":["GET"]}}],"collection":[{"href":"https:\/\/www.andelutech.com\/fr\/wp-json\/wp\/v2\/product"}],"about":[{"href":"https:\/\/www.andelutech.com\/fr\/wp-json\/wp\/v2\/types\/product"}],"replies":[{"embeddable":true,"href":"https:\/\/www.andelutech.com\/fr\/wp-json\/wp\/v2\/comments?post=3071"}],"wp:featuredmedia":[{"embeddable":true,"href":"https:\/\/www.andelutech.com\/fr\/wp-json\/wp\/v2\/media\/3072"}],"wp:attachment":[{"href":"https:\/\/www.andelutech.com\/fr\/wp-json\/wp\/v2\/media?parent=3071"}],"wp:term":[{"taxonomy":"product_brand","embeddable":true,"href":"https:\/\/www.andelutech.com\/fr\/wp-json\/wp\/v2\/product_brand?post=3071"},{"taxonomy":"product_cat","embeddable":true,"href":"https:\/\/www.andelutech.com\/fr\/wp-json\/wp\/v2\/product_cat?post=3071"},{"taxonomy":"product_tag","embeddable":true,"href":"https:\/\/www.andelutech.com\/fr\/wp-json\/wp\/v2\/product_tag?post=3071"}],"curies":[{"name":"wp","href":"https:\/\/api.w.org\/{rel}","templated":true}]}}