{"id":3036,"date":"2025-07-31T13:21:03","date_gmt":"2025-07-31T05:21:03","guid":{"rendered":"https:\/\/www.andelutech.com\/?post_type=product&#038;p=3036"},"modified":"2026-03-26T15:11:56","modified_gmt":"2026-03-26T07:11:56","slug":"three-axis-closed-loop-fiber-optic-gyro-combination-and-380a","status":"publish","type":"product","link":"https:\/\/www.andelutech.com\/fr\/product\/three-axis-closed-loop-fiber-optic-gyro-combination-and-380a\/","title":{"rendered":"AND-380A Three-axis closed-loop fiber optic gyro combination"},"content":{"rendered":"","protected":false},"excerpt":{"rendered":"<p>Principaux indicateurs de performance<\/p>\n<p>Stabilit\u00e9 \u00e0 polarisation z\u00e9ro: \u22640,007\u00b0\/h (100s, 1\u03c3)<\/p>\n<p>R\u00e9p\u00e9tabilit\u00e9 de polarisation z\u00e9ro: \u22640,05\u00b0\/h (3\u03c3)<\/p>\n<p>Stabilit\u00e9 de temp\u00e9rature variable: \u22640,05 \u00b0 \/ h (100s, 3\u03c3, 0,3 \u2103 \/ min)<\/p>\n<p>Facteur d'\u00e9chelle non lin\u00e9arit\u00e9: \u22645ppm<\/p>\n<p>R\u00e9p\u00e9tabilit\u00e9 compl\u00e8te de l'\u00e9chelle de temp\u00e9rature: \u226430ppm (1\u03c3)<\/p>\n<p>Plage dynamique : \u00b1400\u00b0\/s<\/p>\n<p>Erreur al\u00e9atoire: \u22640.001\u00b0\/\u221ah<\/p>\n<p>Caract\u00e9ristiques physiques<\/p>\n<p>Dimensions : 127mm \u00d7 121.3mm \u00d7 84mm<\/p>\n<p>Poids : 1346\u00b120g<\/p>\n<p>Interface du produit<\/p>\n<p>Exigences d'alimentation : \u00b15V<\/p>\n<p>Formulaire de sortie : RS422output<\/p>\n<p>Adaptabilit\u00e9 environnementale<\/p>\n<p>Temp\u00e9rature de fonctionnement: -45\u2103- 75\u2103<\/p>\n<p>Temp\u00e9rature de stockage: -55\u2103- 85\u2103<\/p>\n<p>R\u00e9sistant aux chocs : 30g<\/p>\n<p>R\u00e9sistant aux vibrations al\u00e9atoires : 5.6g<\/p>\n<p>Caract\u00e9ristiques du produit<\/p>\n<p>Caract\u00e9ristiques: Ce produit dispose d'une structure int\u00e9gr\u00e9e \u00e0 trois axes avec protection de blindage magn\u00e9tique et est une conception enti\u00e8rement produite au niveau national.<\/p>\n<p>Domaine d'application : Navigation et orientation de positionnement de haute pr\u00e9cision produite \u00e0 l'\u00e9chelle nationale<\/p>","protected":false},"featured_media":2973,"comment_status":"closed","ping_status":"closed","template":"","meta":[],"product_brand":[],"product_cat":[22],"product_tag":[],"class_list":{"0":"post-3036","1":"product","2":"type-product","3":"status-publish","4":"has-post-thumbnail","6":"product_cat-gyro-sensor","8":"first","9":"instock","10":"shipping-taxable","11":"product-type-simple"},"_links":{"self":[{"href":"https:\/\/www.andelutech.com\/fr\/wp-json\/wp\/v2\/product\/3036","targetHints":{"allow":["GET"]}}],"collection":[{"href":"https:\/\/www.andelutech.com\/fr\/wp-json\/wp\/v2\/product"}],"about":[{"href":"https:\/\/www.andelutech.com\/fr\/wp-json\/wp\/v2\/types\/product"}],"replies":[{"embeddable":true,"href":"https:\/\/www.andelutech.com\/fr\/wp-json\/wp\/v2\/comments?post=3036"}],"wp:featuredmedia":[{"embeddable":true,"href":"https:\/\/www.andelutech.com\/fr\/wp-json\/wp\/v2\/media\/2973"}],"wp:attachment":[{"href":"https:\/\/www.andelutech.com\/fr\/wp-json\/wp\/v2\/media?parent=3036"}],"wp:term":[{"taxonomy":"product_brand","embeddable":true,"href":"https:\/\/www.andelutech.com\/fr\/wp-json\/wp\/v2\/product_brand?post=3036"},{"taxonomy":"product_cat","embeddable":true,"href":"https:\/\/www.andelutech.com\/fr\/wp-json\/wp\/v2\/product_cat?post=3036"},{"taxonomy":"product_tag","embeddable":true,"href":"https:\/\/www.andelutech.com\/fr\/wp-json\/wp\/v2\/product_tag?post=3036"}],"curies":[{"name":"wp","href":"https:\/\/api.w.org\/{rel}","templated":true}]}}