{"id":3035,"date":"2025-07-31T13:18:22","date_gmt":"2025-07-31T05:18:22","guid":{"rendered":"https:\/\/www.andelutech.com\/?post_type=product&#038;p=3035"},"modified":"2026-03-26T15:28:06","modified_gmt":"2026-03-26T07:28:06","slug":"three-axis-closed-loop-fiber-optic-gyro-combination-and-380b","status":"publish","type":"product","link":"https:\/\/www.andelutech.com\/fr\/product\/three-axis-closed-loop-fiber-optic-gyro-combination-and-380b\/","title":{"rendered":"AND-380B Three-axis closed-loop fiber optic gyro combination"},"content":{"rendered":"","protected":false},"excerpt":{"rendered":"<p>Principaux indicateurs de performance<\/p>\n<p>Stabilit\u00e9 \u00e0 polarisation z\u00e9ro: petits anneaux \u22640,007\u00b0\/h (100s, 1\u03c3); Macro-boucle\u22640.0015\u00b0\/h (100s, 1\u03c3)<\/p>\n<p>R\u00e9p\u00e9tabilit\u00e9 de polarisation z\u00e9ro: petits anneaux \u22640,007\u00b0\/h; Macro-boucle\u22640.0015\u00b0\/h<\/p>\n<p>Stabilit\u00e9 de temp\u00e9rature variable: Petits anneaux \u22640,02 \u00b0 \/ h (100s, 1\u03c3); Macro-boucle\u22640.015\u00b0\/h (100s, 1\u03c3)<\/p>\n<p>Facteur d'\u00e9chelle non lin\u00e9arit\u00e9: \u226410ppm<\/p>\n<p>R\u00e9p\u00e9tabilit\u00e9 de l'\u00e9chelle de temp\u00e9rature compl\u00e8te: \u226450ppm (1\u03c3)<\/p>\n<p>Plage dynamique : \u00b1400\u00b0\/s<\/p>\n<p>Erreur al\u00e9atoire: petits anneaux\u22640.0015\u00b0\/\u221ah; Macroloop\u22640.0004\u00b0\/\u221ah<\/p>\n<p>Caract\u00e9ristiques physiques<\/p>\n<p>Dimensions : enveloppe \u03a6147mm<\/p>\n<p>Poids: \u22641800g<\/p>\n<p>Interface du produit<\/p>\n<p>Exigences d'alimentation : \u00b15V<\/p>\n<p>Formulaire de sortie : RS422output<\/p>\n<p>Adaptabilit\u00e9 environnementale<\/p>\n<p>Temp\u00e9rature de fonctionnement: -45\u2103- 75\u2103<\/p>\n<p>Temp\u00e9rature de stockage: -50\u2103- 80\u2103<\/p>\n<p>R\u00e9sistant aux chocs : 15g<\/p>\n<p>R\u00e9sistant aux vibrations al\u00e9atoires : 7.4g<\/p>\n<p>Caract\u00e9ristiques du produit<\/p>\n<p>Caract\u00e9ristiques : Le produit adopte une structure int\u00e9gr\u00e9e \u00e0 trois axes, avec protection de blindage magn\u00e9tique, conception correspondante de grands et petits anneaux<\/p>\n<p>Domaine d'application : Navigation et orientation de positionnement haute performance<\/p>","protected":false},"featured_media":2974,"comment_status":"closed","ping_status":"closed","template":"","meta":[],"product_brand":[],"product_cat":[22],"product_tag":[],"class_list":{"0":"post-3035","1":"product","2":"type-product","3":"status-publish","4":"has-post-thumbnail","6":"product_cat-gyro-sensor","8":"first","9":"instock","10":"shipping-taxable","11":"product-type-simple"},"_links":{"self":[{"href":"https:\/\/www.andelutech.com\/fr\/wp-json\/wp\/v2\/product\/3035","targetHints":{"allow":["GET"]}}],"collection":[{"href":"https:\/\/www.andelutech.com\/fr\/wp-json\/wp\/v2\/product"}],"about":[{"href":"https:\/\/www.andelutech.com\/fr\/wp-json\/wp\/v2\/types\/product"}],"replies":[{"embeddable":true,"href":"https:\/\/www.andelutech.com\/fr\/wp-json\/wp\/v2\/comments?post=3035"}],"wp:featuredmedia":[{"embeddable":true,"href":"https:\/\/www.andelutech.com\/fr\/wp-json\/wp\/v2\/media\/2974"}],"wp:attachment":[{"href":"https:\/\/www.andelutech.com\/fr\/wp-json\/wp\/v2\/media?parent=3035"}],"wp:term":[{"taxonomy":"product_brand","embeddable":true,"href":"https:\/\/www.andelutech.com\/fr\/wp-json\/wp\/v2\/product_brand?post=3035"},{"taxonomy":"product_cat","embeddable":true,"href":"https:\/\/www.andelutech.com\/fr\/wp-json\/wp\/v2\/product_cat?post=3035"},{"taxonomy":"product_tag","embeddable":true,"href":"https:\/\/www.andelutech.com\/fr\/wp-json\/wp\/v2\/product_tag?post=3035"}],"curies":[{"name":"wp","href":"https:\/\/api.w.org\/{rel}","templated":true}]}}