{"id":3032,"date":"2025-07-31T13:16:08","date_gmt":"2025-07-31T05:16:08","guid":{"rendered":"https:\/\/www.andelutech.com\/?post_type=product&#038;p=3032"},"modified":"2026-03-26T15:31:42","modified_gmt":"2026-03-26T07:31:42","slug":"three-axis-closed-loop-fiber-optic-gyro-combination-and-380l","status":"publish","type":"product","link":"https:\/\/www.andelutech.com\/fr\/product\/three-axis-closed-loop-fiber-optic-gyro-combination-and-380l\/","title":{"rendered":"AND-380L Three-axis closed-loop fiber optic gyro combination"},"content":{"rendered":"","protected":false},"excerpt":{"rendered":"<p>Principaux indicateurs de performance<\/p>\n<p>Stabilit\u00e9 \u00e0 polarisation z\u00e9ro \u2264 0,05\u00b0\/h (10s, 1\u03c3)<\/p>\n<p>R\u00e9p\u00e9tabilit\u00e9 de biais z\u00e9ro\u22640.05\u00b0\/h<\/p>\n<p>Variable temperature\u22640.1\u00b0\/h (10s, 1\u03c3, 0.3\u2103\/min) Facteur d'\u00e9chelle non-lin\u00e9arit\u00e9 \u226420ppm<\/p>\n<p>R\u00e9p\u00e9tabilit\u00e9 de l'\u00e9chelle de temp\u00e9rature compl\u00e8te \u226450ppm (1\u03c3) Plage dynamique: \u00b1400\u00b0\/s<\/p>\n<p>Erreur al\u00e9atoire: \u22640.002\u00b0\/\u221ah<\/p>\n<p>Caract\u00e9ristiques physiques<\/p>\n<p>Dimensions :<\/p>\n<p>En-t\u00eate: \u03a676mm \u00d7 15.8mm<\/p>\n<p>Bo\u00eete \u00e9lectronique 121mm \u00d7 105mm \u00d7 21mm<\/p>\n<p>Poids: 1022\u00b120g (livr\u00e9 avec outillage pesant 1278g\u00b120g)<\/p>\n<p>Interface du produit<\/p>\n<p>Exigences d'alimentation : \u00b15V<\/p>\n<p>Formulaire de sortie : RS422output<\/p>\n<p>Adaptabilit\u00e9 environnementale<\/p>\n<p>Temp\u00e9rature de fonctionnement: -45\u2103- 75\u2103<\/p>\n<p>Temp\u00e9rature de stockage: -55\u2103- 85\u2103<\/p>\n<p>R\u00e9sistant aux chocs : 20g<\/p>\n<p>R\u00e9sistant aux vibrations al\u00e9atoires : 5.3g<\/p>\n<p>Caract\u00e9ristiques du produit<\/p>\n<p>Caract\u00e9ristiques : Le produit adopte une structure \u00e0 pi\u00e8ce unique \u00e0 axe athree avec protection de blindage magn\u00e9tique, production nationale et conception chimique<\/p>\n<p>Domaine d'application: production nationale de navigation et d'orientation de positionnement de haute pr\u00e9cision<\/p>","protected":false},"featured_media":2975,"comment_status":"closed","ping_status":"closed","template":"","meta":[],"product_brand":[],"product_cat":[22],"product_tag":[],"class_list":{"0":"post-3032","1":"product","2":"type-product","3":"status-publish","4":"has-post-thumbnail","6":"product_cat-gyro-sensor","8":"first","9":"instock","10":"shipping-taxable","11":"product-type-simple"},"_links":{"self":[{"href":"https:\/\/www.andelutech.com\/fr\/wp-json\/wp\/v2\/product\/3032","targetHints":{"allow":["GET"]}}],"collection":[{"href":"https:\/\/www.andelutech.com\/fr\/wp-json\/wp\/v2\/product"}],"about":[{"href":"https:\/\/www.andelutech.com\/fr\/wp-json\/wp\/v2\/types\/product"}],"replies":[{"embeddable":true,"href":"https:\/\/www.andelutech.com\/fr\/wp-json\/wp\/v2\/comments?post=3032"}],"wp:featuredmedia":[{"embeddable":true,"href":"https:\/\/www.andelutech.com\/fr\/wp-json\/wp\/v2\/media\/2975"}],"wp:attachment":[{"href":"https:\/\/www.andelutech.com\/fr\/wp-json\/wp\/v2\/media?parent=3032"}],"wp:term":[{"taxonomy":"product_brand","embeddable":true,"href":"https:\/\/www.andelutech.com\/fr\/wp-json\/wp\/v2\/product_brand?post=3032"},{"taxonomy":"product_cat","embeddable":true,"href":"https:\/\/www.andelutech.com\/fr\/wp-json\/wp\/v2\/product_cat?post=3032"},{"taxonomy":"product_tag","embeddable":true,"href":"https:\/\/www.andelutech.com\/fr\/wp-json\/wp\/v2\/product_tag?post=3032"}],"curies":[{"name":"wp","href":"https:\/\/api.w.org\/{rel}","templated":true}]}}