{"id":3030,"date":"2025-07-31T11:54:07","date_gmt":"2025-07-31T03:54:07","guid":{"rendered":"https:\/\/www.andelutech.com\/?post_type=product&#038;p=3030"},"modified":"2026-03-26T15:33:57","modified_gmt":"2026-03-26T07:33:57","slug":"dual-axis-closed-loop-fiber-optic-gyroscope-and220","status":"publish","type":"product","link":"https:\/\/www.andelutech.com\/fr\/product\/dual-axis-closed-loop-fiber-optic-gyroscope-and220\/","title":{"rendered":"AND220 Dual-axis closed-loop fiber optic gyroscope"},"content":{"rendered":"","protected":false},"excerpt":{"rendered":"<p>Principaux indicateurs de performance<\/p>\n<p>Stabilit\u00e9 \u00e0 polarisation z\u00e9ro: \u22640,5 \u00b0 \/ h (10s, 1\u03c3)<\/p>\n<p>R\u00e9p\u00e9tabilit\u00e9 de polarisation z\u00e9ro: \u22640,5\u00b0\/h<\/p>\n<p>Stabilit\u00e9 de temp\u00e9rature variable: \u22641,5 \u00b0 \/ h (10s, 1\u03c3)<\/p>\n<p>Facteur d'\u00e9chelle non-lin\u00e9arit\u00e9: \u226450ppm<\/p>\n<p>R\u00e9p\u00e9tabilit\u00e9 de l'\u00e9chelle de temp\u00e9rature compl\u00e8te: \u2264300ppm (1\u03c3)<\/p>\n<p>Plage dynamique: \u00b11000\u00b0\/s<\/p>\n<p>Caract\u00e9ristiques physiques<\/p>\n<p>Dimensions: 63mm \u00d7 60mm \u00d7 40mm<\/p>\n<p>Poids: 210g\u00b110g<\/p>\n<p>Adaptabilit\u00e9 environnementale<\/p>\n<p>Temp\u00e9rature de fonctionnement: -45\u2103- 75\u2103<\/p>\n<p>Temp\u00e9rature de stockage: -55\u2103- 85\u2103<\/p>\n<p>R\u00e9sistant aux chocs: 100g<\/p>\n<p>R\u00e9sistant aux vibrations al\u00e9atoires : 13g<\/p>\n<p>R\u00e9sistance \u00e0 l'acc\u00e9l\u00e9ration : 50g<\/p>\n<p>Interface du produit<\/p>\n<p>Exigences d'alimentation: \u00b15V<\/p>\n<p>Formulaire de sortie: RS422output<\/p>\n<p>Caract\u00e9ristiques du produit<\/p>\n<p>Caract\u00e9ristiques: Le produit adopte une structure int\u00e9gr\u00e9e photo\u00e9lectrique, tout solide, avec protection de blindage magn\u00e9tique, et est 100% localis\u00e9<\/p>\n<p>Champ d'application: Contr\u00f4le de l'attitude<\/p>","protected":false},"featured_media":3299,"comment_status":"closed","ping_status":"closed","template":"","meta":[],"product_brand":[],"product_cat":[22],"product_tag":[],"class_list":{"0":"post-3030","1":"product","2":"type-product","3":"status-publish","4":"has-post-thumbnail","6":"product_cat-gyro-sensor","8":"first","9":"instock","10":"shipping-taxable","11":"product-type-simple"},"_links":{"self":[{"href":"https:\/\/www.andelutech.com\/fr\/wp-json\/wp\/v2\/product\/3030","targetHints":{"allow":["GET"]}}],"collection":[{"href":"https:\/\/www.andelutech.com\/fr\/wp-json\/wp\/v2\/product"}],"about":[{"href":"https:\/\/www.andelutech.com\/fr\/wp-json\/wp\/v2\/types\/product"}],"replies":[{"embeddable":true,"href":"https:\/\/www.andelutech.com\/fr\/wp-json\/wp\/v2\/comments?post=3030"}],"wp:featuredmedia":[{"embeddable":true,"href":"https:\/\/www.andelutech.com\/fr\/wp-json\/wp\/v2\/media\/3299"}],"wp:attachment":[{"href":"https:\/\/www.andelutech.com\/fr\/wp-json\/wp\/v2\/media?parent=3030"}],"wp:term":[{"taxonomy":"product_brand","embeddable":true,"href":"https:\/\/www.andelutech.com\/fr\/wp-json\/wp\/v2\/product_brand?post=3030"},{"taxonomy":"product_cat","embeddable":true,"href":"https:\/\/www.andelutech.com\/fr\/wp-json\/wp\/v2\/product_cat?post=3030"},{"taxonomy":"product_tag","embeddable":true,"href":"https:\/\/www.andelutech.com\/fr\/wp-json\/wp\/v2\/product_tag?post=3030"}],"curies":[{"name":"wp","href":"https:\/\/api.w.org\/{rel}","templated":true}]}}