{"id":3026,"date":"2025-07-31T11:30:00","date_gmt":"2025-07-31T03:30:00","guid":{"rendered":"https:\/\/www.andelutech.com\/?post_type=product&#038;p=3026"},"modified":"2026-03-26T15:49:32","modified_gmt":"2026-03-26T07:49:32","slug":"three-axis-closed-loop-fiber-optic-gyro-combination-and-3280","status":"publish","type":"product","link":"https:\/\/www.andelutech.com\/fr\/product\/three-axis-closed-loop-fiber-optic-gyro-combination-and-3280\/","title":{"rendered":"AND-3280 Three-axis closed-loop fiber optic gyro combination"},"content":{"rendered":"","protected":false},"excerpt":{"rendered":"<p>Principaux indicateurs de performance<\/p>\n<p>Stabilit\u00e9 \u00e0 polarisation z\u00e9ro: \u22640,002\u00b0\/h (100s, 1\u03c3)<\/p>\n<p>R\u00e9p\u00e9tabilit\u00e9 de polarisation z\u00e9ro: \u22640,003\u00b0\/h<\/p>\n<p>Stabilit\u00e9 de temp\u00e9rature variable: \u22640,5\u00b0\/h (10s, 1\u03c3)<\/p>\n<p>Facteur d'\u00e9chelle non lin\u00e9arit\u00e9: \u22645ppm<\/p>\n<p>R\u00e9p\u00e9tabilit\u00e9 compl\u00e8te de l'\u00e9chelle de temp\u00e9rature: \u226420ppm (1\u03c3)<\/p>\n<p>Plage dynamique : \u00b1400\u00b0\/s<\/p>\n<p>Erreur al\u00e9atoire : \u22640.0002\u00b0\/\u221ah<\/p>\n<p>Caract\u00e9ristiques physiques<\/p>\n<p>En-t\u00eate \u03a6116mm \u00d7 17.6mm<\/p>\n<p>Bo\u00eete \u00e9lectronique 120mm \u00d7 105mm \u00d7 26mm<\/p>\n<p>Poids :<\/p>\n<p>En-t\u00eate: 315g \u00d7 3<\/p>\n<p>Bo\u00eete \u00e9lectronique: 250g<\/p>\n<p>Interface du produit<\/p>\n<p>Exigences d'alimentation : \u00b15V<\/p>\n<p>Formulaire de sortie : sortie RS422<\/p>\n<p>Adaptabilit\u00e9 environnementale<\/p>\n<p>Temp\u00e9rature de fonctionnement: -45\u2103- 75\u2103<\/p>\n<p>Temp\u00e9rature de stockage: -55\u2103- 75\u2103<\/p>\n<p>R\u00e9sistant aux chocs : 15g<\/p>\n<p>R\u00e9sistant aux vibrations al\u00e9atoires : 7.4g<\/p>\n<p>Caract\u00e9ristiques du produit<\/p>\n<p>Caract\u00e9ristiques: Le produit adopte une structure monobloc \u00e0 trois axes avec protection de blindage magn\u00e9tique<\/p>\n<p>Domaine d'application : Navigation et orientation de positionnement haute performance<\/p>","protected":false},"featured_media":2969,"comment_status":"closed","ping_status":"closed","template":"","meta":[],"product_brand":[],"product_cat":[22],"product_tag":[],"class_list":{"0":"post-3026","1":"product","2":"type-product","3":"status-publish","4":"has-post-thumbnail","6":"product_cat-gyro-sensor","8":"first","9":"instock","10":"shipping-taxable","11":"product-type-simple"},"_links":{"self":[{"href":"https:\/\/www.andelutech.com\/fr\/wp-json\/wp\/v2\/product\/3026","targetHints":{"allow":["GET"]}}],"collection":[{"href":"https:\/\/www.andelutech.com\/fr\/wp-json\/wp\/v2\/product"}],"about":[{"href":"https:\/\/www.andelutech.com\/fr\/wp-json\/wp\/v2\/types\/product"}],"replies":[{"embeddable":true,"href":"https:\/\/www.andelutech.com\/fr\/wp-json\/wp\/v2\/comments?post=3026"}],"wp:featuredmedia":[{"embeddable":true,"href":"https:\/\/www.andelutech.com\/fr\/wp-json\/wp\/v2\/media\/2969"}],"wp:attachment":[{"href":"https:\/\/www.andelutech.com\/fr\/wp-json\/wp\/v2\/media?parent=3026"}],"wp:term":[{"taxonomy":"product_brand","embeddable":true,"href":"https:\/\/www.andelutech.com\/fr\/wp-json\/wp\/v2\/product_brand?post=3026"},{"taxonomy":"product_cat","embeddable":true,"href":"https:\/\/www.andelutech.com\/fr\/wp-json\/wp\/v2\/product_cat?post=3026"},{"taxonomy":"product_tag","embeddable":true,"href":"https:\/\/www.andelutech.com\/fr\/wp-json\/wp\/v2\/product_tag?post=3026"}],"curies":[{"name":"wp","href":"https:\/\/api.w.org\/{rel}","templated":true}]}}