{"id":3023,"date":"2025-07-31T11:27:13","date_gmt":"2025-07-31T03:27:13","guid":{"rendered":"https:\/\/www.andelutech.com\/?post_type=product&#038;p=3023"},"modified":"2026-03-26T16:13:04","modified_gmt":"2026-03-26T08:13:04","slug":"three-axis-closed-loop-fiber-optic-gyroscope-and-3140a","status":"publish","type":"product","link":"https:\/\/www.andelutech.com\/fr\/product\/three-axis-closed-loop-fiber-optic-gyroscope-and-3140a\/","title":{"rendered":"AND-3140A Three-axis closed-loop fiber optic gyroscope"},"content":{"rendered":"","protected":false},"excerpt":{"rendered":"<p>Principaux indicateurs de performance<\/p>\n<p>Stabilit\u00e9 \u00e0 polarisation z\u00e9ro: \u22640,0006\u00b0\/h (100s, 1\u03c3)<\/p>\n<p>R\u00e9p\u00e9tabilit\u00e9 de polarisation z\u00e9ro: \u22640.0006\u00b0\/h<\/p>\n<p>Stabilit\u00e9 de temp\u00e9rature variable: \u22640,005 \u00b0 \/ h (100s, 1\u03c3, 0,3 \u2103 \/ min)<\/p>\n<p>Facteur d'\u00e9chelle non lin\u00e9arit\u00e9: \u22645ppm<\/p>\n<p>R\u00e9p\u00e9tabilit\u00e9 compl\u00e8te de l'\u00e9chelle de temp\u00e9rature: \u226420ppm (1\u03c3)<\/p>\n<p>Plage dynamique : \u00b1400\u00b0\/s<\/p>\n<p>Erreur al\u00e9atoire : \u22640.00007\u00b0\/\u221ah<\/p>\n<p>Caract\u00e9ristiques physiques<\/p>\n<p>Dimensions : &#8221; En-t\u00eate: \u03a6140mm \u00d7 29mm<\/p>\n<p>Bo\u00eete \u00e9lectronique: 132mm \u00d7 100mm \u00d7 40mm &#8221;<\/p>\n<p>Poids :<\/p>\n<p>&#8220; En-t\u00eate: (820g \u00b1 20g) \u00d7 3<\/p>\n<p>Bo\u00eete \u00e9lectronique: 450g \u00b1 20g &#8221;<\/p>\n<p>Interface du produit<\/p>\n<p>Exigences d'alimentation : \u00b15V<\/p>\n<p>Formulaire de sortie : sortie RS422<\/p>\n<p>Adaptabilit\u00e9 environnementale<\/p>\n<p>Temp\u00e9rature de fonctionnement: -40\u2103- 60\u2103<\/p>\n<p>Temp\u00e9rature de stockage: -50\u2103- 75\u2103<\/p>\n<p>Caract\u00e9ristiques du produit<\/p>\n<p>Caract\u00e9ristiques : Conception s\u00e9par\u00e9e photo\u00e9lectrique, conception de blindage magn\u00e9tique<\/p>\n<p>Domaine d'application: Navigation et orientation de positionnement ultra-haute pr\u00e9cision<\/p>","protected":false},"featured_media":2966,"comment_status":"closed","ping_status":"closed","template":"","meta":[],"product_brand":[],"product_cat":[22],"product_tag":[],"class_list":{"0":"post-3023","1":"product","2":"type-product","3":"status-publish","4":"has-post-thumbnail","6":"product_cat-gyro-sensor","8":"first","9":"instock","10":"shipping-taxable","11":"product-type-simple"},"_links":{"self":[{"href":"https:\/\/www.andelutech.com\/fr\/wp-json\/wp\/v2\/product\/3023","targetHints":{"allow":["GET"]}}],"collection":[{"href":"https:\/\/www.andelutech.com\/fr\/wp-json\/wp\/v2\/product"}],"about":[{"href":"https:\/\/www.andelutech.com\/fr\/wp-json\/wp\/v2\/types\/product"}],"replies":[{"embeddable":true,"href":"https:\/\/www.andelutech.com\/fr\/wp-json\/wp\/v2\/comments?post=3023"}],"wp:featuredmedia":[{"embeddable":true,"href":"https:\/\/www.andelutech.com\/fr\/wp-json\/wp\/v2\/media\/2966"}],"wp:attachment":[{"href":"https:\/\/www.andelutech.com\/fr\/wp-json\/wp\/v2\/media?parent=3023"}],"wp:term":[{"taxonomy":"product_brand","embeddable":true,"href":"https:\/\/www.andelutech.com\/fr\/wp-json\/wp\/v2\/product_brand?post=3023"},{"taxonomy":"product_cat","embeddable":true,"href":"https:\/\/www.andelutech.com\/fr\/wp-json\/wp\/v2\/product_cat?post=3023"},{"taxonomy":"product_tag","embeddable":true,"href":"https:\/\/www.andelutech.com\/fr\/wp-json\/wp\/v2\/product_tag?post=3023"}],"curies":[{"name":"wp","href":"https:\/\/api.w.org\/{rel}","templated":true}]}}