{"id":3022,"date":"2025-07-31T11:22:09","date_gmt":"2025-07-31T03:22:09","guid":{"rendered":"https:\/\/www.andelutech.com\/?post_type=product&#038;p=3022"},"modified":"2026-03-26T16:15:39","modified_gmt":"2026-03-26T08:15:39","slug":"photonic-integrated-fiber-optic-gyroscope-and-pfog","status":"publish","type":"product","link":"https:\/\/www.andelutech.com\/fr\/product\/photonic-integrated-fiber-optic-gyroscope-and-pfog\/","title":{"rendered":"AND-PFOG Photonic integrated fiber optic gyroscope"},"content":{"rendered":"","protected":false},"excerpt":{"rendered":"<p>Principaux indicateurs de performance<\/p>\n<p>Stabilit\u00e9 \u00e0 polarisation z\u00e9ro: \u22640,5\u00b0\/(10s, 1\u03c3)<\/p>\n<p>R\u00e9p\u00e9tabilit\u00e9 de biais z\u00e9ro: \u22640,1\u00b0\/<\/p>\n<p>Stabilit\u00e9 \u00e0 temp\u00e9rature variable: \u22642\u00b0\/h<\/p>\n<p>Facteur d'\u00e9chelle non lin\u00e9arit\u00e9: \u22641000ppm<\/p>\n<p>R\u00e9p\u00e9tabilit\u00e9 compl\u00e8te de l'\u00e9chelle de temp\u00e9rature: \u22641% (p-p)<\/p>\n<p>Plage dynamique : \u00b1200\u00b0\/s<\/p>\n<p>Erreur al\u00e9atoire : \u22640.05\u00b0\/\u221ah<\/p>\n<p>Caract\u00e9ristiques physiques<\/p>\n<p>Dimensions : 50mm \u00d7 50mm \u00d7 29.5mm<\/p>\n<p>Poids : 120g\u00b110g<\/p>\n<p>Interface du produit<\/p>\n<p>Exigences d'alimentation : 5V<\/p>\n<p>Formulaire de sortie : R422output<\/p>\n<p>Adaptabilit\u00e9 environnementale<\/p>\n<p>Temp\u00e9rature de fonctionnement: -45\u2103- 75\u2103<\/p>\n<p>Temp\u00e9rature de stockage: -55\u2103- 85\u2103<\/p>\n<p>R\u00e9sistant aux chocs : 500g<\/p>\n<p>R\u00e9sistant aux vibrations al\u00e9atoires : 19g<\/p>\n<p>R\u00e9sistance \u00e0 l'acc\u00e9l\u00e9ration : 70g<\/p>\n<p>Caract\u00e9ristiques du produit<\/p>\n<p>Caract\u00e9ristiques du produit: int\u00e9gration de puce photonique, petite taille, haute fiabilit\u00e9<\/p>\n<p>Domaines d'application: d\u00e9tection de vitesse angulaire, conduite sans pilote, drones<\/p>","protected":false},"featured_media":3303,"comment_status":"closed","ping_status":"closed","template":"","meta":[],"product_brand":[],"product_cat":[22],"product_tag":[],"class_list":{"0":"post-3022","1":"product","2":"type-product","3":"status-publish","4":"has-post-thumbnail","6":"product_cat-gyro-sensor","8":"first","9":"instock","10":"shipping-taxable","11":"product-type-simple"},"_links":{"self":[{"href":"https:\/\/www.andelutech.com\/fr\/wp-json\/wp\/v2\/product\/3022","targetHints":{"allow":["GET"]}}],"collection":[{"href":"https:\/\/www.andelutech.com\/fr\/wp-json\/wp\/v2\/product"}],"about":[{"href":"https:\/\/www.andelutech.com\/fr\/wp-json\/wp\/v2\/types\/product"}],"replies":[{"embeddable":true,"href":"https:\/\/www.andelutech.com\/fr\/wp-json\/wp\/v2\/comments?post=3022"}],"wp:featuredmedia":[{"embeddable":true,"href":"https:\/\/www.andelutech.com\/fr\/wp-json\/wp\/v2\/media\/3303"}],"wp:attachment":[{"href":"https:\/\/www.andelutech.com\/fr\/wp-json\/wp\/v2\/media?parent=3022"}],"wp:term":[{"taxonomy":"product_brand","embeddable":true,"href":"https:\/\/www.andelutech.com\/fr\/wp-json\/wp\/v2\/product_brand?post=3022"},{"taxonomy":"product_cat","embeddable":true,"href":"https:\/\/www.andelutech.com\/fr\/wp-json\/wp\/v2\/product_cat?post=3022"},{"taxonomy":"product_tag","embeddable":true,"href":"https:\/\/www.andelutech.com\/fr\/wp-json\/wp\/v2\/product_tag?post=3022"}],"curies":[{"name":"wp","href":"https:\/\/api.w.org\/{rel}","templated":true}]}}