{"id":3021,"date":"2025-07-31T11:22:34","date_gmt":"2025-07-31T03:22:34","guid":{"rendered":"https:\/\/www.andelutech.com\/?post_type=product&#038;p=3021"},"modified":"2026-03-26T16:14:49","modified_gmt":"2026-03-26T08:14:49","slug":"single-axis-closed-loop-fiber-optic-gyroscope-1140a","status":"publish","type":"product","link":"https:\/\/www.andelutech.com\/fr\/product\/single-axis-closed-loop-fiber-optic-gyroscope-1140a\/","title":{"rendered":"AND1140A Single-axis closed-loop fiber optic gyroscope"},"content":{"rendered":"","protected":false},"excerpt":{"rendered":"<p>Taille: 140mm<\/p>\n<p>Mod\u00e8le \/ Nom: AND1140A gyroscope \u00e0 fibre optique \u00e0 boucle ferm\u00e9e \u00e0 un seul axe<\/p>\n<p>Principaux indicateurs de performance<\/p>\n<p>Stabilit\u00e9 \u00e0 polarisation z\u00e9ro: \u22640,0004\u00b0\/h (100s, 1\u03c3)<\/p>\n<p>R\u00e9p\u00e9tabilit\u00e9 de polarisation z\u00e9ro: \u22640.0004\u00b0\/h<\/p>\n<p>Stabilit\u00e9 de temp\u00e9rature variable: \u22640.0004 \u00b0 \/ h (100s, 1\u03c3, contr\u00f4le de temp\u00e9rature)<\/p>\n<p>Facteur d'\u00e9chelle non-lin\u00e9arit\u00e9: \u22645ppm<\/p>\n<p>R\u00e9p\u00e9tabilit\u00e9 compl\u00e8te de l'\u00e9chelle de temp\u00e9rature: \u22645ppm (1\u03c3, contr\u00f4le de temp\u00e9rature)<\/p>\n<p>Plage dynamique: \u00b1300\u00b0\/s<\/p>\n<p>Erreur al\u00e9atoire: \u22640.00005\u00b0\/\u221ah<\/p>\n<p>Caract\u00e9ristiques physiques<\/p>\n<p>Dimensions: Diameter145mm \u00d7 Height40mm<\/p>\n<p>Poids: 1750g\u00b150g<\/p>\n<p>Adaptabilit\u00e9 environnementale<\/p>\n<p>Temp\u00e9rature de fonctionnement: -40\u2103- 60\u2103<\/p>\n<p>Temp\u00e9rature de stockage: -50\u2103- 75\u2103<\/p>\n<p>Interface du produit<\/p>\n<p>Exigences d'alimentation: \u00b15V<\/p>\n<p>Formulaire de sortie: RS422output<\/p>\n<p>Caract\u00e9ristiques du produit<\/p>\n<p>Caract\u00e9ristiques: Conception s\u00e9par\u00e9e photo\u00e9lectrique, conception de blindage magn\u00e9tique double, conception de contr\u00f4le de temp\u00e9rature<\/p>\n<p>Domaine d'application: Navigation et positionnement ultra-haute pr\u00e9cision<\/p>","protected":false},"featured_media":3301,"comment_status":"closed","ping_status":"closed","template":"","meta":[],"product_brand":[],"product_cat":[22],"product_tag":[],"class_list":{"0":"post-3021","1":"product","2":"type-product","3":"status-publish","4":"has-post-thumbnail","6":"product_cat-gyro-sensor","8":"first","9":"instock","10":"shipping-taxable","11":"product-type-simple"},"_links":{"self":[{"href":"https:\/\/www.andelutech.com\/fr\/wp-json\/wp\/v2\/product\/3021","targetHints":{"allow":["GET"]}}],"collection":[{"href":"https:\/\/www.andelutech.com\/fr\/wp-json\/wp\/v2\/product"}],"about":[{"href":"https:\/\/www.andelutech.com\/fr\/wp-json\/wp\/v2\/types\/product"}],"replies":[{"embeddable":true,"href":"https:\/\/www.andelutech.com\/fr\/wp-json\/wp\/v2\/comments?post=3021"}],"wp:featuredmedia":[{"embeddable":true,"href":"https:\/\/www.andelutech.com\/fr\/wp-json\/wp\/v2\/media\/3301"}],"wp:attachment":[{"href":"https:\/\/www.andelutech.com\/fr\/wp-json\/wp\/v2\/media?parent=3021"}],"wp:term":[{"taxonomy":"product_brand","embeddable":true,"href":"https:\/\/www.andelutech.com\/fr\/wp-json\/wp\/v2\/product_brand?post=3021"},{"taxonomy":"product_cat","embeddable":true,"href":"https:\/\/www.andelutech.com\/fr\/wp-json\/wp\/v2\/product_cat?post=3021"},{"taxonomy":"product_tag","embeddable":true,"href":"https:\/\/www.andelutech.com\/fr\/wp-json\/wp\/v2\/product_tag?post=3021"}],"curies":[{"name":"wp","href":"https:\/\/api.w.org\/{rel}","templated":true}]}}