{"id":3016,"date":"2025-07-31T11:13:26","date_gmt":"2025-07-31T03:13:26","guid":{"rendered":"https:\/\/www.andelutech.com\/?post_type=product&#038;p=3016"},"modified":"2026-03-26T16:23:33","modified_gmt":"2026-03-26T08:23:33","slug":"photonic-integrated-fiber-optic-gyroscope-and910","status":"publish","type":"product","link":"https:\/\/www.andelutech.com\/fr\/product\/photonic-integrated-fiber-optic-gyroscope-and910\/","title":{"rendered":"AND910 Photonic integrated fiber optic gyroscope"},"content":{"rendered":"","protected":false},"excerpt":{"rendered":"<p>Principaux indicateurs de performance<\/p>\n<p>Stabilit\u00e9 \u00e0 polarisation z\u00e9ro: \u22640,8\u00b0\/h (10s, 1\u03c3)<\/p>\n<p>R\u00e9p\u00e9tabilit\u00e9 de polarisation z\u00e9ro: \u22640,5\u00b0\/h<\/p>\n<p>Stabilit\u00e9 \u00e0 temp\u00e9rature variable: \u226415\u00b0\/h<\/p>\n<p>Facteur d'\u00e9chelle non lin\u00e9arit\u00e9: \u22641000ppm<\/p>\n<p>R\u00e9p\u00e9tabilit\u00e9 compl\u00e8te de l'\u00e9chelle de temp\u00e9rature: \u22645% (p-p)<\/p>\n<p>Plage dynamique : \u00b1100\u00b0\/s<\/p>\n<p>Erreur al\u00e9atoire: \u22640.002\u00b0\/\u221ah<\/p>\n<p>Caract\u00e9ristiques physiques<\/p>\n<p>Dimensions: \u03a675mm \u00d7 20mm<\/p>\n<p>Poids : 145g\u00b110g<\/p>\n<p>Interface du produit<\/p>\n<p>Exigences d'alimentation : +5V<\/p>\n<p>Forme de sortie: Voltage analogique<\/p>\n<p>Adaptabilit\u00e9 environnementale<\/p>\n<p>Temp\u00e9rature de fonctionnement: -50\u2103- 75\u2103<\/p>\n<p>Temp\u00e9rature de stockage: -55\u2103- 85\u2103<\/p>\n<p>R\u00e9sistant aux chocs : 500g<\/p>\n<p>R\u00e9sistant aux vibrations al\u00e9atoires : 20g<\/p>\n<p>R\u00e9sistance \u00e0 l'acc\u00e9l\u00e9ration: 70g<\/p>\n<p>Caract\u00e9ristiques du produit<\/p>\n<p>Pr\u00e9cision moyenne, faible consommation d'\u00e9nergie, haute fiabilit\u00e9<\/p>\n<p>Applications : contr\u00f4le d'attitude<\/p>","protected":false},"featured_media":3309,"comment_status":"closed","ping_status":"closed","template":"","meta":[],"product_brand":[],"product_cat":[22],"product_tag":[],"class_list":{"0":"post-3016","1":"product","2":"type-product","3":"status-publish","4":"has-post-thumbnail","6":"product_cat-gyro-sensor","8":"first","9":"instock","10":"shipping-taxable","11":"product-type-simple"},"_links":{"self":[{"href":"https:\/\/www.andelutech.com\/fr\/wp-json\/wp\/v2\/product\/3016","targetHints":{"allow":["GET"]}}],"collection":[{"href":"https:\/\/www.andelutech.com\/fr\/wp-json\/wp\/v2\/product"}],"about":[{"href":"https:\/\/www.andelutech.com\/fr\/wp-json\/wp\/v2\/types\/product"}],"replies":[{"embeddable":true,"href":"https:\/\/www.andelutech.com\/fr\/wp-json\/wp\/v2\/comments?post=3016"}],"wp:featuredmedia":[{"embeddable":true,"href":"https:\/\/www.andelutech.com\/fr\/wp-json\/wp\/v2\/media\/3309"}],"wp:attachment":[{"href":"https:\/\/www.andelutech.com\/fr\/wp-json\/wp\/v2\/media?parent=3016"}],"wp:term":[{"taxonomy":"product_brand","embeddable":true,"href":"https:\/\/www.andelutech.com\/fr\/wp-json\/wp\/v2\/product_brand?post=3016"},{"taxonomy":"product_cat","embeddable":true,"href":"https:\/\/www.andelutech.com\/fr\/wp-json\/wp\/v2\/product_cat?post=3016"},{"taxonomy":"product_tag","embeddable":true,"href":"https:\/\/www.andelutech.com\/fr\/wp-json\/wp\/v2\/product_tag?post=3016"}],"curies":[{"name":"wp","href":"https:\/\/api.w.org\/{rel}","templated":true}]}}