{"id":3011,"date":"2025-07-31T10:52:03","date_gmt":"2025-07-31T02:52:03","guid":{"rendered":"https:\/\/www.andelutech.com\/?post_type=product&#038;p=3011"},"modified":"2026-03-26T16:30:56","modified_gmt":"2026-03-26T08:30:56","slug":"high-precision-laser-gyroscope-type-90","status":"publish","type":"product","link":"https:\/\/www.andelutech.com\/fr\/product\/high-precision-laser-gyroscope-type-90\/","title":{"rendered":"AND90 High-precision laser gyroscope Type"},"content":{"rendered":"","protected":false},"excerpt":{"rendered":"<p>Metriques de performance<\/p>\n<p>Stabilit\u00e9 \u00e0 polarisation z\u00e9ro: \u22640,003\u00b0\/h<\/p>\n<p>R\u00e9p\u00e9tabilit\u00e9 \u00e0 polarisation z\u00e9ro: \u22640,002\u00b0\/h<\/p>\n<p>R\u00e9p\u00e9tabilit\u00e9 des facteurs d'\u00e9chelle: \u22642ppm<\/p>\n<p>Facteur d'\u00e9chelle non lin\u00e9aire: \u22642ppm<\/p>\n<p>Plage dynamique : \u00b1400\u00b0\/s<\/p>\n<p>Caract\u00e9ristiques physiques<\/p>\n<p>Type de capteur<strong><b>Pour:<\/b><\/strong><\/p>\n<p>Taille: 124mm \u00d7 107 mm \u00d7 31 mm<\/p>\n<p>Poids: 0,68 kg<\/p>\n<p>Type num\u00e9rique<strong><b>Pour:<\/b><\/strong><\/p>\n<p>Taille de l'emballage: 149mm \u00d7 127mm \u00d7 58mm<\/p>\n<p>Poids: 2kg<\/p>\n<p>Caract\u00e9ristiques de l'interface<\/p>\n<p>Type de capteur<strong><b>Pour:<\/b><\/strong><\/p>\n<p>Mode de sortie: signal analogique<\/p>\n<p>Type num\u00e9rique<strong><b>Pour:<\/b><\/strong><\/p>\n<p>M\u00e9thode de sortie: TTL<\/p>\n<p>Interface de donn\u00e9es: connecteur standard<\/p>\n<p>Application<\/p>\n<p>Syst\u00e8me de guidage inertiel, syst\u00e8me de positionnement et d'orientation laser de pr\u00e9cision pour la mer, la terre, l'air et l'espace<\/p>\n<p>Adaptabilit\u00e9 environnementale<\/p>\n<p>Temp\u00e9rature de fonctionnement: -45 \u2103 ~ 70 \u2103<\/p>\n<p>Vibration al\u00e9atoire: 7g (20 ~ 2000Hz)<\/p>","protected":false},"featured_media":3313,"comment_status":"closed","ping_status":"closed","template":"","meta":[],"product_brand":[],"product_cat":[22],"product_tag":[],"class_list":{"0":"post-3011","1":"product","2":"type-product","3":"status-publish","4":"has-post-thumbnail","6":"product_cat-gyro-sensor","8":"first","9":"instock","10":"shipping-taxable","11":"product-type-simple"},"_links":{"self":[{"href":"https:\/\/www.andelutech.com\/fr\/wp-json\/wp\/v2\/product\/3011","targetHints":{"allow":["GET"]}}],"collection":[{"href":"https:\/\/www.andelutech.com\/fr\/wp-json\/wp\/v2\/product"}],"about":[{"href":"https:\/\/www.andelutech.com\/fr\/wp-json\/wp\/v2\/types\/product"}],"replies":[{"embeddable":true,"href":"https:\/\/www.andelutech.com\/fr\/wp-json\/wp\/v2\/comments?post=3011"}],"wp:featuredmedia":[{"embeddable":true,"href":"https:\/\/www.andelutech.com\/fr\/wp-json\/wp\/v2\/media\/3313"}],"wp:attachment":[{"href":"https:\/\/www.andelutech.com\/fr\/wp-json\/wp\/v2\/media?parent=3011"}],"wp:term":[{"taxonomy":"product_brand","embeddable":true,"href":"https:\/\/www.andelutech.com\/fr\/wp-json\/wp\/v2\/product_brand?post=3011"},{"taxonomy":"product_cat","embeddable":true,"href":"https:\/\/www.andelutech.com\/fr\/wp-json\/wp\/v2\/product_cat?post=3011"},{"taxonomy":"product_tag","embeddable":true,"href":"https:\/\/www.andelutech.com\/fr\/wp-json\/wp\/v2\/product_tag?post=3011"}],"curies":[{"name":"wp","href":"https:\/\/api.w.org\/{rel}","templated":true}]}}