{"id":3010,"date":"2025-07-31T10:45:48","date_gmt":"2025-07-31T02:45:48","guid":{"rendered":"https:\/\/www.andelutech.com\/?post_type=product&#038;p=3010"},"modified":"2026-03-26T16:34:10","modified_gmt":"2026-03-26T08:34:10","slug":"medium-and-high-precision-laser-gyroscope-type-70","status":"publish","type":"product","link":"https:\/\/www.andelutech.com\/fr\/product\/medium-and-high-precision-laser-gyroscope-type-70\/","title":{"rendered":"AND70 Medium and high precision laser gyroscope Type"},"content":{"rendered":"","protected":false},"excerpt":{"rendered":"<p>Metriques de performance<\/p>\n<p>Stabilit\u00e9 \u00e0 polarisation z\u00e9ro: \u22640,005\u00b0\/h<\/p>\n<p>R\u00e9p\u00e9tabilit\u00e9 \u00e0 polarisation z\u00e9ro: \u22640,003\u00b0\/h<\/p>\n<p>R\u00e9p\u00e9tabilit\u00e9 des facteurs d'\u00e9chelle: \u22644ppm<\/p>\n<p>Facteur d'\u00e9chelle non lin\u00e9aire: \u22644ppm<\/p>\n<p>Plage dynamique : \u00b1400\u00b0\/s<\/p>\n<p>Caract\u00e9ristiques physiques<\/p>\n<p>Type de capteur<strong><b>Pour:<\/b><\/strong><\/p>\n<p>Taille: 98mm \u00d7 82mm \u00d7 26mm<\/p>\n<p>Poids: 0,34 kg<\/p>\n<p>Type num\u00e9rique<strong><b>Pour:<\/b><\/strong><\/p>\n<p>Taille de l'emballage: 102mm \u00d7 93,5mm \u00d7 53,5mm<\/p>\n<p>Poids: 1kg<\/p>\n<p>Caract\u00e9ristiques de l'interface<\/p>\n<p>Type de capteur<strong><b>Pour:<\/b><\/strong><\/p>\n<p>Mode de sortie: signal analogique<\/p>\n<p>Type num\u00e9rique<strong><b>Pour:<\/b><\/strong><\/p>\n<p>M\u00e9thode de sortie: TTL<\/p>\n<p>Interface de donn\u00e9es: connecteur standard<\/p>\n<p>Applications<\/p>\n<p>Syst\u00e8me de guidage inertiel, de positionnement et d'orientation laser standard pour la mer, la terre, l'air et l'espace<\/p>\n<p>Adaptabilit\u00e9 environnementale<\/p>\n<p>Temp\u00e9rature de fonctionnement: -45 \u2103 ~ 70 \u2103<\/p>\n<p>Vibration al\u00e9atoire: 7g (20 ~ 2000Hz)<\/p>","protected":false},"featured_media":3314,"comment_status":"closed","ping_status":"closed","template":"","meta":[],"product_brand":[],"product_cat":[22],"product_tag":[],"class_list":{"0":"post-3010","1":"product","2":"type-product","3":"status-publish","4":"has-post-thumbnail","6":"product_cat-gyro-sensor","8":"first","9":"instock","10":"shipping-taxable","11":"product-type-simple"},"_links":{"self":[{"href":"https:\/\/www.andelutech.com\/fr\/wp-json\/wp\/v2\/product\/3010","targetHints":{"allow":["GET"]}}],"collection":[{"href":"https:\/\/www.andelutech.com\/fr\/wp-json\/wp\/v2\/product"}],"about":[{"href":"https:\/\/www.andelutech.com\/fr\/wp-json\/wp\/v2\/types\/product"}],"replies":[{"embeddable":true,"href":"https:\/\/www.andelutech.com\/fr\/wp-json\/wp\/v2\/comments?post=3010"}],"wp:featuredmedia":[{"embeddable":true,"href":"https:\/\/www.andelutech.com\/fr\/wp-json\/wp\/v2\/media\/3314"}],"wp:attachment":[{"href":"https:\/\/www.andelutech.com\/fr\/wp-json\/wp\/v2\/media?parent=3010"}],"wp:term":[{"taxonomy":"product_brand","embeddable":true,"href":"https:\/\/www.andelutech.com\/fr\/wp-json\/wp\/v2\/product_brand?post=3010"},{"taxonomy":"product_cat","embeddable":true,"href":"https:\/\/www.andelutech.com\/fr\/wp-json\/wp\/v2\/product_cat?post=3010"},{"taxonomy":"product_tag","embeddable":true,"href":"https:\/\/www.andelutech.com\/fr\/wp-json\/wp\/v2\/product_tag?post=3010"}],"curies":[{"name":"wp","href":"https:\/\/api.w.org\/{rel}","templated":true}]}}