{"id":2997,"date":"2025-07-30T16:00:46","date_gmt":"2025-07-30T08:00:46","guid":{"rendered":"https:\/\/www.andelutech.com\/?post_type=product&#038;p=2997"},"modified":"2026-01-09T13:41:26","modified_gmt":"2026-01-09T05:41:26","slug":"closed-loop-fiber-optic-gyroscope-and98mb","status":"publish","type":"product","link":"https:\/\/www.andelutech.com\/fr\/product\/closed-loop-fiber-optic-gyroscope-and98mb\/","title":{"rendered":"AND98MB Closed-loop fiber optic gyroscope"},"content":{"rendered":"","protected":false},"excerpt":{"rendered":"<p>Principaux indicateurs de performance<\/p>\n<p>Stabilit\u00e9 z\u00e9ro biais : 0,020\u00b0\/h (10s, 1\u03c3)<\/p>\n<p>R\u00e9p\u00e9tabilit\u00e9 \u00e0 polarisation z\u00e9ro: \u22640,01\u00b0\/h<\/p>\n<p>Stabilit\u00e9 de temp\u00e9rature variable: \u22640,05 \u00b0 \/ h (10s, 1\u03c3, 1 \u2103 \/ min)<\/p>\n<p>Facteur d'\u00e9chelle non-lin\u00e9arit\u00e9: \u226425ppm<\/p>\n<p>R\u00e9p\u00e9tabilit\u00e9 de l'\u00e9chelle de temp\u00e9rature compl\u00e8te: \u2264100ppm (1\u03c3)<\/p>\n<p>Plage dynamique: \u00b1400\u00b0\/s<\/p>\n<p>Erreur al\u00e9atoire: \u22640.003\u00b0\/\u221ah<\/p>\n<p>Caract\u00e9ristiques physiques<\/p>\n<p>Dimensions: 98mm \u00d7 98mm \u00d7 35mm<\/p>\n<p>Poids: 540g\u00b120g<\/p>\n<p>Adaptabilit\u00e9 environnementale<\/p>\n<p>Temp\u00e9rature de fonctionnement: -40\u2103- 70\u2103<\/p>\n<p>Temp\u00e9rature de stockage: -45\u2103- 70\u2103<\/p>\n<p>R\u00e9sistant aux chocs: 20g<\/p>\n<p>R\u00e9sistant aux vibrations al\u00e9atoires: 5.4g<\/p>\n<p>Interface du produit<\/p>\n<p>Exigences d'alimentation: \u00b15V<\/p>\n<p>Formulaire de sortie: RS422output<\/p>\n<p>Caract\u00e9ristiques du produit<\/p>\n<p>Gyroscope \u00e0 faible co\u00fbt et \u00e0 haute pr\u00e9cision en fibre optique bas\u00e9 sur le syst\u00e8me 1310nm<\/p>\n<p>Domaine d'application: navigation civile de haute pr\u00e9cision<\/p>","protected":false},"featured_media":3324,"comment_status":"closed","ping_status":"closed","template":"","meta":[],"product_brand":[],"product_cat":[22],"product_tag":[],"class_list":{"0":"post-2997","1":"product","2":"type-product","3":"status-publish","4":"has-post-thumbnail","6":"product_cat-gyro-sensor","8":"first","9":"instock","10":"shipping-taxable","11":"product-type-simple"},"_links":{"self":[{"href":"https:\/\/www.andelutech.com\/fr\/wp-json\/wp\/v2\/product\/2997","targetHints":{"allow":["GET"]}}],"collection":[{"href":"https:\/\/www.andelutech.com\/fr\/wp-json\/wp\/v2\/product"}],"about":[{"href":"https:\/\/www.andelutech.com\/fr\/wp-json\/wp\/v2\/types\/product"}],"replies":[{"embeddable":true,"href":"https:\/\/www.andelutech.com\/fr\/wp-json\/wp\/v2\/comments?post=2997"}],"wp:featuredmedia":[{"embeddable":true,"href":"https:\/\/www.andelutech.com\/fr\/wp-json\/wp\/v2\/media\/3324"}],"wp:attachment":[{"href":"https:\/\/www.andelutech.com\/fr\/wp-json\/wp\/v2\/media?parent=2997"}],"wp:term":[{"taxonomy":"product_brand","embeddable":true,"href":"https:\/\/www.andelutech.com\/fr\/wp-json\/wp\/v2\/product_brand?post=2997"},{"taxonomy":"product_cat","embeddable":true,"href":"https:\/\/www.andelutech.com\/fr\/wp-json\/wp\/v2\/product_cat?post=2997"},{"taxonomy":"product_tag","embeddable":true,"href":"https:\/\/www.andelutech.com\/fr\/wp-json\/wp\/v2\/product_tag?post=2997"}],"curies":[{"name":"wp","href":"https:\/\/api.w.org\/{rel}","templated":true}]}}