{"id":2992,"date":"2025-07-30T15:15:54","date_gmt":"2025-07-30T07:15:54","guid":{"rendered":"https:\/\/www.andelutech.com\/?post_type=product&#038;p=2992"},"modified":"2026-03-26T16:42:20","modified_gmt":"2026-03-26T08:42:20","slug":"closed-loop-fiber-optic-gyroscope-and1100-and1100g","status":"publish","type":"product","link":"https:\/\/www.andelutech.com\/fr\/product\/closed-loop-fiber-optic-gyroscope-and1100-and1100g\/","title":{"rendered":"AND1100\/AND1100G Closed-loop fiber optic gyroscope"},"content":{"rendered":"","protected":false},"excerpt":{"rendered":"<p>Principaux indicateurs de performance<\/p>\n<p>Stabilit\u00e9 de biais z\u00e9ro: \u22640,015 \u00b0 \/ h (100s, 1\u03c3)<\/p>\n<p>R\u00e9p\u00e9tabilit\u00e9 \u00e0 polarisation z\u00e9ro: \u22640,01\u00b0\/h<\/p>\n<p>Stabilit\u00e9 de temp\u00e9rature variable: \u22640,03 \u00b0 \/ h (100s, 1\u03c3, 0,5 \u2103 \/ min)<\/p>\n<p>Facteur d'\u00e9chelle non-lin\u00e9arit\u00e9: \u226420ppm<\/p>\n<p>R\u00e9p\u00e9tabilit\u00e9 de l'\u00e9chelle de temp\u00e9rature compl\u00e8te: \u226450ppm (1\u03c3)<\/p>\n<p>Plage dynamique : \u00b1400\u00b0\/s<\/p>\n<p>Erreur al\u00e9atoire: \u22640.0015\u00b0\/\u221ah<\/p>\n<p>Caract\u00e9ristiques physiques<\/p>\n<p>Dimensions: 70mm \u00d7 70mm \u00d7 32mm<\/p>\n<p>Poids: 265g\u00b120g<\/p>\n<p>Adaptabilit\u00e9 environnementale<\/p>\n<p>Temp\u00e9rature de fonctionnement: -40\u2103- 70\u2103<\/p>\n<p>Temp\u00e9rature de stockage: -55\u2103- 75\u2103<\/p>\n<p>R\u00e9sistant aux chocs: 20g<\/p>\n<p>R\u00e9sistant aux vibrations al\u00e9atoires : 7,4 g<\/p>\n<p>Interface du produit<\/p>\n<p>Exigences d'alimentation: \u00b15V<\/p>\n<p>Formulaire de sortie: RS422output<\/p>\n<p>Caract\u00e9ristiques<\/p>\n<p>Conception miniaturis\u00e9e de haute pr\u00e9cision, conception de blindage magn\u00e9tique int\u00e9gr\u00e9 photo\u00e9lectrique; XB1100G est un produit enti\u00e8rement domestique<\/p>\n<p>Domaine d'application: Nord chercheur, syst\u00e8me de navigation de v\u00e9hicule \u00e0 bombe haute performance<\/p>","protected":false},"featured_media":3326,"comment_status":"closed","ping_status":"closed","template":"","meta":[],"product_brand":[],"product_cat":[22],"product_tag":[],"class_list":{"0":"post-2992","1":"product","2":"type-product","3":"status-publish","4":"has-post-thumbnail","6":"product_cat-gyro-sensor","8":"first","9":"instock","10":"shipping-taxable","11":"product-type-simple"},"_links":{"self":[{"href":"https:\/\/www.andelutech.com\/fr\/wp-json\/wp\/v2\/product\/2992","targetHints":{"allow":["GET"]}}],"collection":[{"href":"https:\/\/www.andelutech.com\/fr\/wp-json\/wp\/v2\/product"}],"about":[{"href":"https:\/\/www.andelutech.com\/fr\/wp-json\/wp\/v2\/types\/product"}],"replies":[{"embeddable":true,"href":"https:\/\/www.andelutech.com\/fr\/wp-json\/wp\/v2\/comments?post=2992"}],"wp:featuredmedia":[{"embeddable":true,"href":"https:\/\/www.andelutech.com\/fr\/wp-json\/wp\/v2\/media\/3326"}],"wp:attachment":[{"href":"https:\/\/www.andelutech.com\/fr\/wp-json\/wp\/v2\/media?parent=2992"}],"wp:term":[{"taxonomy":"product_brand","embeddable":true,"href":"https:\/\/www.andelutech.com\/fr\/wp-json\/wp\/v2\/product_brand?post=2992"},{"taxonomy":"product_cat","embeddable":true,"href":"https:\/\/www.andelutech.com\/fr\/wp-json\/wp\/v2\/product_cat?post=2992"},{"taxonomy":"product_tag","embeddable":true,"href":"https:\/\/www.andelutech.com\/fr\/wp-json\/wp\/v2\/product_tag?post=2992"}],"curies":[{"name":"wp","href":"https:\/\/api.w.org\/{rel}","templated":true}]}}