{"id":2989,"date":"2025-07-30T14:48:58","date_gmt":"2025-07-30T06:48:58","guid":{"rendered":"https:\/\/www.andelutech.com\/?post_type=product&#038;p=2989"},"modified":"2026-03-26T16:43:49","modified_gmt":"2026-03-26T08:43:49","slug":"closed-loop-fiber-optic-gyroscope-and-70l-m","status":"publish","type":"product","link":"https:\/\/www.andelutech.com\/fr\/product\/closed-loop-fiber-optic-gyroscope-and-70l-m\/","title":{"rendered":"AND-70L-M Closed-loop fiber optic gyroscope"},"content":{"rendered":"","protected":false},"excerpt":{"rendered":"<p>Principaux indicateurs de performance<\/p>\n<p>Stabilit\u00e9 \u00e0 polarisation z\u00e9ro: \u22640,15 \u00b0 \/ h (10s, 1\u03c3)<\/p>\n<p>R\u00e9p\u00e9tabilit\u00e9 \u00e0 polarisation z\u00e9ro: \u22640,15\u00b0\/h<\/p>\n<p>Stabilit\u00e9 de temp\u00e9rature variable: \u22640,3 \u00b0 \/ h (10s, 1\u03c3)<\/p>\n<p>Facteur d'\u00e9chelle non-lin\u00e9arit\u00e9: \u226450ppm<\/p>\n<p>R\u00e9p\u00e9tabilit\u00e9 de l'\u00e9chelle de temp\u00e9rature compl\u00e8te: \u2264200ppm (1\u03c3)<\/p>\n<p>Plage dynamique: \u00b1300\u00b0\/s<\/p>\n<p>Caract\u00e9ristiques physiques<\/p>\n<p>Dimensions: 70mm \u00d7 70mm \u00d7 32mm<\/p>\n<p>Poids: 270g\u00b110g<\/p>\n<p>Adaptabilit\u00e9 environnementale<\/p>\n<p>Temp\u00e9rature de fonctionnement: -45\u2103- 75\u2103<\/p>\n<p>Temp\u00e9rature de stockage: -55\u2103- 85\u2103<\/p>\n<p>R\u00e9sistant aux chocs: 100g<\/p>\n<p>R\u00e9sistant aux vibrations al\u00e9atoires : 13g<\/p>\n<p>R\u00e9sistance \u00e0 l'acc\u00e9l\u00e9ration: 50g<\/p>\n<p>Interface du produit<\/p>\n<p>Exigences d'alimentation: \u00b15V<\/p>\n<p>Formulaire de sortie: RS422<\/p>\n<p>Caract\u00e9ristiques<strong>: <\/strong><\/p>\n<p>Le produit adopte une structure int\u00e9gr\u00e9e photo\u00e9lectrique, tout solide, avec protection de blindage magn\u00e9tique<\/p>\n<p>Domaine d'application: exploration de mines de charbon<\/p>","protected":false},"featured_media":3328,"comment_status":"closed","ping_status":"closed","template":"","meta":[],"product_brand":[],"product_cat":[22],"product_tag":[],"class_list":{"0":"post-2989","1":"product","2":"type-product","3":"status-publish","4":"has-post-thumbnail","6":"product_cat-gyro-sensor","8":"first","9":"instock","10":"shipping-taxable","11":"product-type-simple"},"_links":{"self":[{"href":"https:\/\/www.andelutech.com\/fr\/wp-json\/wp\/v2\/product\/2989","targetHints":{"allow":["GET"]}}],"collection":[{"href":"https:\/\/www.andelutech.com\/fr\/wp-json\/wp\/v2\/product"}],"about":[{"href":"https:\/\/www.andelutech.com\/fr\/wp-json\/wp\/v2\/types\/product"}],"replies":[{"embeddable":true,"href":"https:\/\/www.andelutech.com\/fr\/wp-json\/wp\/v2\/comments?post=2989"}],"wp:featuredmedia":[{"embeddable":true,"href":"https:\/\/www.andelutech.com\/fr\/wp-json\/wp\/v2\/media\/3328"}],"wp:attachment":[{"href":"https:\/\/www.andelutech.com\/fr\/wp-json\/wp\/v2\/media?parent=2989"}],"wp:term":[{"taxonomy":"product_brand","embeddable":true,"href":"https:\/\/www.andelutech.com\/fr\/wp-json\/wp\/v2\/product_brand?post=2989"},{"taxonomy":"product_cat","embeddable":true,"href":"https:\/\/www.andelutech.com\/fr\/wp-json\/wp\/v2\/product_cat?post=2989"},{"taxonomy":"product_tag","embeddable":true,"href":"https:\/\/www.andelutech.com\/fr\/wp-json\/wp\/v2\/product_tag?post=2989"}],"curies":[{"name":"wp","href":"https:\/\/api.w.org\/{rel}","templated":true}]}}